{"id":969,"date":"2018-10-17T14:00:00","date_gmt":"2018-10-17T13:00:00","guid":{"rendered":"https:\/\/cpi-geneva.org\/fr\/2018\/10\/17\/mediation-facilitation\/"},"modified":"2023-07-26T12:05:13","modified_gmt":"2023-07-26T11:05:13","slug":"mediation-facilitation","status":"publish","type":"page","link":"https:\/\/cpi-geneva.org\/fr\/mediation-facilitation\/","title":{"rendered":"Facilitation de m\u00e9diation"},"content":{"rendered":"\n<p><strong>Sujet:<\/strong><\/p>\n\n\n\n<p>Ce cours introduit les exigences th\u00e9oriques et pratiques pour animer avec succ\u00e8s un processus de m\u00e9diation, en vue de transformer les conflits. Il vise \u00e0 renforcer la compr\u00e9hension des participants sur le r\u00f4le des facilitateurs de m\u00e9diation en r\u00e9f\u00e9rence aux possibilit\u00e9s et aux d\u00e9fis du dialogue entre les acteurs de la soci\u00e9t\u00e9 civile, les repr\u00e9sentants politiques, les responsables gouvernementaux, les chefs religieux et autres. S&rsquo;appuyant sur la vaste exp\u00e9rience du CPI en mati\u00e8re de travail avec diverses parties dans diff\u00e9rents contextes, ce cours utilise des cas r\u00e9els de la r\u00e9gion MENA, du Sahel et de l&rsquo;Europe pour explorer des approches sensibles aux conflits et adapt\u00e9es \u00e0 la culture de la facilitation de la m\u00e9diation.<\/p>\n\n\n\n<p><strong>R\u00e9sultats:<\/strong><\/p>\n\n\n\n<p>L&rsquo;objectif de cette formation est de doter les participants de :<\/p>\n\n\n\n<ul class=\"wp-block-list\">\n<li>Compr\u00e9hension th\u00e9orique et pratique de base de la facilitation de la m\u00e9diation ;<\/li>\n\n\n\n<li>Compr\u00e9hension pratique des possibilit\u00e9s et des d\u00e9fis de la m\u00e9diation ;<\/li>\n\n\n\n<li>Comprendre les nuances des processus de m\u00e9diation et\/ou de n\u00e9gociation ;<\/li>\n\n\n\n<li>Des id\u00e9es pratiques pour des approches culturellement adapt\u00e9es \u00e0 la transformation des conflits.<\/li>\n<\/ul>\n\n\n\n<p><strong>Intervenants:<\/strong><\/p>\n\n\n\n<p>Chercheurs et\/ou professionnels qui ont une formation en m\u00e9diation et\/ou en n\u00e9gociation et qui souhaitent approfondir leurs connaissances et leurs comp\u00e9tences dans les approches th\u00e9oriques et pratiques de la facilitation de la m\u00e9diation sensibles aux conflits et culturellement appropri\u00e9es.<\/p>\n\n\n\n<p>Ce cursus peut \u00eatre coupl\u00e9 avec une formation en M\u00e9diation et\/ou N\u00e9gociation.<\/p>\n\n\n\n<p><strong>M\u00e9thodologie:<\/strong><\/p>\n\n\n\n<p>Ce cours de formation comprend des contributions d&rsquo;experts, des travaux de groupe, des \u00e9tudes de cas et des discussions de groupe.<\/p>\n\n\n\n<p>Dur\u00e9e du cours : 1 jour<br>Lieu : Gen\u00e8ve, Suisse<br>Frais de scolarit\u00e9 : 350 CHF<br>Taille du cours : 10-20 participants<\/p>\n\n\n\n<p>Pour plus d&rsquo;informations sur cette formation, merci de contacter : <a href=\"mailto:info@cpi-geneva.org\">info@cpi-geneva.org<\/a><\/p>\n\n\n\n<p><span style=\"font-family: arial,helvetica,sans-serif; font-size: 17px;\"><br><\/span><\/p>\n","protected":false},"excerpt":{"rendered":"<p>Sujet: Ce cours introduit les exigences th\u00e9oriques et pratiques pour animer avec succ\u00e8s un processus de m\u00e9diation, en vue de transformer les conflits. Il vise \u00e0 renforcer la compr\u00e9hension des participants sur le r\u00f4le des facilitateurs de m\u00e9diation en r\u00e9f\u00e9rence aux possibilit\u00e9s et aux d\u00e9fis du dialogue entre les acteurs de la soci\u00e9t\u00e9 civile, les [&hellip;]<\/p>\n","protected":false},"author":1,"featured_media":0,"parent":0,"menu_order":8,"comment_status":"open","ping_status":"open","template":"","meta":{"footnotes":""},"class_list":["post-969","page","type-page","status-publish","hentry"],"yoast_head":"<!-- This site is optimized with the Yoast SEO plugin v27.6 - https:\/\/yoast.com\/product\/yoast-seo-wordpress\/ -->\n<title>Facilitation de m\u00e9diation - Cordoba Peace Institute | Fran\u00e7ais<\/title>\n<meta name=\"robots\" content=\"index, follow, max-snippet:-1, max-image-preview:large, max-video-preview:-1\" \/>\n<link rel=\"canonical\" href=\"https:\/\/cpi-geneva.org\/fr\/mediation-facilitation\/\" \/>\n<meta property=\"og:locale\" content=\"fr_FR\" \/>\n<meta property=\"og:type\" content=\"article\" \/>\n<meta property=\"og:title\" content=\"Facilitation de m\u00e9diation - Cordoba Peace Institute | Fran\u00e7ais\" \/>\n<meta property=\"og:description\" content=\"Sujet: Ce cours introduit les exigences th\u00e9oriques et pratiques pour animer avec succ\u00e8s un processus de m\u00e9diation, en vue de transformer les conflits. Il vise \u00e0 renforcer la compr\u00e9hension des participants sur le r\u00f4le des facilitateurs de m\u00e9diation en r\u00e9f\u00e9rence aux possibilit\u00e9s et aux d\u00e9fis du dialogue entre les acteurs de la soci\u00e9t\u00e9 civile, les [&hellip;]\" \/>\n<meta property=\"og:url\" content=\"https:\/\/cpi-geneva.org\/fr\/mediation-facilitation\/\" \/>\n<meta property=\"og:site_name\" content=\"Cordoba Peace Institute | Fran\u00e7ais\" \/>\n<meta property=\"article:modified_time\" content=\"2023-07-26T11:05:13+00:00\" \/>\n<meta name=\"twitter:card\" content=\"summary_large_image\" \/>\n<meta name=\"twitter:label1\" content=\"Dur\u00e9e de lecture estim\u00e9e\" \/>\n\t<meta name=\"twitter:data1\" content=\"2 minutes\" \/>\n<script type=\"application\/ld+json\" class=\"yoast-schema-graph\">{\"@context\":\"https:\\\/\\\/schema.org\",\"@graph\":[{\"@type\":\"WebPage\",\"@id\":\"https:\\\/\\\/cpi-geneva.org\\\/fr\\\/mediation-facilitation\\\/\",\"url\":\"https:\\\/\\\/cpi-geneva.org\\\/fr\\\/mediation-facilitation\\\/\",\"name\":\"Facilitation de m\u00e9diation - Cordoba Peace Institute | Fran\u00e7ais\",\"isPartOf\":{\"@id\":\"https:\\\/\\\/cpi-geneva.org\\\/fr\\\/#website\"},\"datePublished\":\"2018-10-17T13:00:00+00:00\",\"dateModified\":\"2023-07-26T11:05:13+00:00\",\"breadcrumb\":{\"@id\":\"https:\\\/\\\/cpi-geneva.org\\\/fr\\\/mediation-facilitation\\\/#breadcrumb\"},\"inLanguage\":\"fr-FR\",\"potentialAction\":[{\"@type\":\"ReadAction\",\"target\":[\"https:\\\/\\\/cpi-geneva.org\\\/fr\\\/mediation-facilitation\\\/\"]}]},{\"@type\":\"BreadcrumbList\",\"@id\":\"https:\\\/\\\/cpi-geneva.org\\\/fr\\\/mediation-facilitation\\\/#breadcrumb\",\"itemListElement\":[{\"@type\":\"ListItem\",\"position\":1,\"name\":\"Home\",\"item\":\"https:\\\/\\\/cpi-geneva.org\\\/fr\\\/\"},{\"@type\":\"ListItem\",\"position\":2,\"name\":\"Facilitation de m\u00e9diation\"}]},{\"@type\":\"WebSite\",\"@id\":\"https:\\\/\\\/cpi-geneva.org\\\/fr\\\/#website\",\"url\":\"https:\\\/\\\/cpi-geneva.org\\\/fr\\\/\",\"name\":\"Cordoba Peace Institute - Gen\u00e8ve CPI\",\"description\":\"CPI Gen\u00e8ve | 20 ans aux service de la paix\",\"publisher\":{\"@id\":\"https:\\\/\\\/cpi-geneva.org\\\/fr\\\/#organization\"},\"potentialAction\":[{\"@type\":\"SearchAction\",\"target\":{\"@type\":\"EntryPoint\",\"urlTemplate\":\"https:\\\/\\\/cpi-geneva.org\\\/fr\\\/?s={search_term_string}\"},\"query-input\":{\"@type\":\"PropertyValueSpecification\",\"valueRequired\":true,\"valueName\":\"search_term_string\"}}],\"inLanguage\":\"fr-FR\"},{\"@type\":\"Organization\",\"@id\":\"https:\\\/\\\/cpi-geneva.org\\\/fr\\\/#organization\",\"name\":\"Cordoba Peace Institute - Gen\u00e8ve CPI\",\"url\":\"https:\\\/\\\/cpi-geneva.org\\\/fr\\\/\",\"logo\":{\"@type\":\"ImageObject\",\"inLanguage\":\"fr-FR\",\"@id\":\"https:\\\/\\\/cpi-geneva.org\\\/fr\\\/#\\\/schema\\\/logo\\\/image\\\/\",\"url\":\"https:\\\/\\\/cpi-geneva.org\\\/fr\\\/wp-content\\\/uploads\\\/sites\\\/3\\\/2025\\\/12\\\/CPI-Geneva.png\",\"contentUrl\":\"https:\\\/\\\/cpi-geneva.org\\\/fr\\\/wp-content\\\/uploads\\\/sites\\\/3\\\/2025\\\/12\\\/CPI-Geneva.png\",\"width\":740,\"height\":740,\"caption\":\"Cordoba Peace Institute - Gen\u00e8ve CPI\"},\"image\":{\"@id\":\"https:\\\/\\\/cpi-geneva.org\\\/fr\\\/#\\\/schema\\\/logo\\\/image\\\/\"}}]}<\/script>\n<!-- \/ Yoast SEO plugin. -->","yoast_head_json":{"title":"Facilitation de m\u00e9diation - Cordoba Peace Institute | Fran\u00e7ais","robots":{"index":"index","follow":"follow","max-snippet":"max-snippet:-1","max-image-preview":"max-image-preview:large","max-video-preview":"max-video-preview:-1"},"canonical":"https:\/\/cpi-geneva.org\/fr\/mediation-facilitation\/","og_locale":"fr_FR","og_type":"article","og_title":"Facilitation de m\u00e9diation - Cordoba Peace Institute | Fran\u00e7ais","og_description":"Sujet: Ce cours introduit les exigences th\u00e9oriques et pratiques pour animer avec succ\u00e8s un processus de m\u00e9diation, en vue de transformer les conflits. Il vise \u00e0 renforcer la compr\u00e9hension des participants sur le r\u00f4le des facilitateurs de m\u00e9diation en r\u00e9f\u00e9rence aux possibilit\u00e9s et aux d\u00e9fis du dialogue entre les acteurs de la soci\u00e9t\u00e9 civile, les [&hellip;]","og_url":"https:\/\/cpi-geneva.org\/fr\/mediation-facilitation\/","og_site_name":"Cordoba Peace Institute | Fran\u00e7ais","article_modified_time":"2023-07-26T11:05:13+00:00","twitter_card":"summary_large_image","twitter_misc":{"Dur\u00e9e de lecture estim\u00e9e":"2 minutes"},"schema":{"@context":"https:\/\/schema.org","@graph":[{"@type":"WebPage","@id":"https:\/\/cpi-geneva.org\/fr\/mediation-facilitation\/","url":"https:\/\/cpi-geneva.org\/fr\/mediation-facilitation\/","name":"Facilitation de m\u00e9diation - Cordoba Peace Institute | Fran\u00e7ais","isPartOf":{"@id":"https:\/\/cpi-geneva.org\/fr\/#website"},"datePublished":"2018-10-17T13:00:00+00:00","dateModified":"2023-07-26T11:05:13+00:00","breadcrumb":{"@id":"https:\/\/cpi-geneva.org\/fr\/mediation-facilitation\/#breadcrumb"},"inLanguage":"fr-FR","potentialAction":[{"@type":"ReadAction","target":["https:\/\/cpi-geneva.org\/fr\/mediation-facilitation\/"]}]},{"@type":"BreadcrumbList","@id":"https:\/\/cpi-geneva.org\/fr\/mediation-facilitation\/#breadcrumb","itemListElement":[{"@type":"ListItem","position":1,"name":"Home","item":"https:\/\/cpi-geneva.org\/fr\/"},{"@type":"ListItem","position":2,"name":"Facilitation de m\u00e9diation"}]},{"@type":"WebSite","@id":"https:\/\/cpi-geneva.org\/fr\/#website","url":"https:\/\/cpi-geneva.org\/fr\/","name":"Cordoba Peace Institute - Gen\u00e8ve CPI","description":"CPI Gen\u00e8ve | 20 ans aux service de la paix","publisher":{"@id":"https:\/\/cpi-geneva.org\/fr\/#organization"},"potentialAction":[{"@type":"SearchAction","target":{"@type":"EntryPoint","urlTemplate":"https:\/\/cpi-geneva.org\/fr\/?s={search_term_string}"},"query-input":{"@type":"PropertyValueSpecification","valueRequired":true,"valueName":"search_term_string"}}],"inLanguage":"fr-FR"},{"@type":"Organization","@id":"https:\/\/cpi-geneva.org\/fr\/#organization","name":"Cordoba Peace Institute - Gen\u00e8ve CPI","url":"https:\/\/cpi-geneva.org\/fr\/","logo":{"@type":"ImageObject","inLanguage":"fr-FR","@id":"https:\/\/cpi-geneva.org\/fr\/#\/schema\/logo\/image\/","url":"https:\/\/cpi-geneva.org\/fr\/wp-content\/uploads\/sites\/3\/2025\/12\/CPI-Geneva.png","contentUrl":"https:\/\/cpi-geneva.org\/fr\/wp-content\/uploads\/sites\/3\/2025\/12\/CPI-Geneva.png","width":740,"height":740,"caption":"Cordoba Peace Institute - Gen\u00e8ve CPI"},"image":{"@id":"https:\/\/cpi-geneva.org\/fr\/#\/schema\/logo\/image\/"}}]}},"_links":{"self":[{"href":"https:\/\/cpi-geneva.org\/fr\/wp-json\/wp\/v2\/pages\/969","targetHints":{"allow":["GET"]}}],"collection":[{"href":"https:\/\/cpi-geneva.org\/fr\/wp-json\/wp\/v2\/pages"}],"about":[{"href":"https:\/\/cpi-geneva.org\/fr\/wp-json\/wp\/v2\/types\/page"}],"author":[{"embeddable":true,"href":"https:\/\/cpi-geneva.org\/fr\/wp-json\/wp\/v2\/users\/1"}],"replies":[{"embeddable":true,"href":"https:\/\/cpi-geneva.org\/fr\/wp-json\/wp\/v2\/comments?post=969"}],"version-history":[{"count":5,"href":"https:\/\/cpi-geneva.org\/fr\/wp-json\/wp\/v2\/pages\/969\/revisions"}],"predecessor-version":[{"id":5590,"href":"https:\/\/cpi-geneva.org\/fr\/wp-json\/wp\/v2\/pages\/969\/revisions\/5590"}],"wp:attachment":[{"href":"https:\/\/cpi-geneva.org\/fr\/wp-json\/wp\/v2\/media?parent=969"}],"curies":[{"name":"wp","href":"https:\/\/api.w.org\/{rel}","templated":true}]}}