{"id":968,"date":"2018-10-17T13:58:36","date_gmt":"2018-10-17T12:58:36","guid":{"rendered":"https:\/\/cpi-geneva.org\/fr\/2018\/10\/17\/mediation-and-or-negotiation-process-design\/"},"modified":"2023-07-26T12:04:54","modified_gmt":"2023-07-26T11:04:54","slug":"mediation-and-or-negotiation-process-design","status":"publish","type":"page","link":"https:\/\/cpi-geneva.org\/fr\/mediation-and-or-negotiation-process-design\/","title":{"rendered":"Conception de processus de m\u00e9diation et\/ou de n\u00e9gociation"},"content":{"rendered":"\n<p><strong>Sujet:<\/strong><\/p>\n\n\n\n<p>Ce cours introduit des m\u00e9thodologies pour concevoir des processus de m\u00e9diation et\/ou de n\u00e9gociation, en vue de transformer les conflits. Ce cours d\u00e9veloppe les comp\u00e9tences des participants en analyse de conflit \u00e0 travers des exercices pratiques. \u00c0 l&rsquo;aide d&rsquo;\u00e9tudes de cas, il explore les approches sensibles aux conflits pour l&rsquo;identification des participants, l&rsquo;organisation logistique et l&rsquo;identification des probl\u00e8mes, qui constituent le fondement de tout processus de m\u00e9diation et\/ou de n\u00e9gociation. Le cours d\u00e9veloppe \u00e9galement des comp\u00e9tences pratiques dans la programmation sensible \u00e0 la culture en utilisant des cas r\u00e9els des r\u00e9gions MENA, Sahel et Europe.<\/p>\n\n\n\n<p><strong>R\u00e9sultats:<br><\/strong>L&rsquo;objectif de cette formation est de doter les participants de :<\/p>\n\n\n\n<ul class=\"wp-block-list\">\n<li>Connaissance de base de la conception de processus de m\u00e9diation et\/ou de n\u00e9gociation;<\/li>\n\n\n\n<li>Comp\u00e9tences appliqu\u00e9es en analyse de conflits;<\/li>\n\n\n\n<li>Compr\u00e9hension pratique des fondements d&rsquo;un processus de m\u00e9diation et\/ou de n\u00e9gociation ;<\/li>\n\n\n\n<li>Comprendre les nuances des processus de m\u00e9diation et\/ou de n\u00e9gociation ;<\/li>\n\n\n\n<li>Des id\u00e9es pratiques pour des approches culturellement adapt\u00e9es \u00e0 la transformation des conflits.<\/li>\n<\/ul>\n\n\n\n<p><strong>Intervenants:<br><\/strong>Chercheurs et\/ou professionnels qui ont une formation en m\u00e9diation et\/ou n\u00e9gociation et qui souhaitent approfondir leurs connaissances et leurs comp\u00e9tences dans les approches th\u00e9oriques et pratiques des approches inclusives et participatives de la conception de processus de m\u00e9diation et\/ou de n\u00e9gociation.<\/p>\n\n\n\n<p>Ce cursus peut \u00eatre coupl\u00e9 avec une formation en M\u00e9diation et\/ou N\u00e9gociation.<\/p>\n\n\n\n<p><strong>M\u00e9thodologie:<br><\/strong>Ce cours de formation comprend des contributions d&rsquo;experts, des travaux de groupe, des \u00e9tudes de cas et des discussions de groupe.<\/p>\n\n\n\n<p>Dur\u00e9e du cours : 1 jour<br>Lieu : Gen\u00e8ve, Suisse<br>Frais de scolarit\u00e9 : 350 CHF<br>Taille du cours : 10-20 participants<\/p>\n\n\n\n<p>Pour plus d&rsquo;informations sur cette formation, merci de contacter : <a href=\"mailto:info@cpi-geneva.org\">info@cpi-geneva.org<\/a><\/p>\n","protected":false},"excerpt":{"rendered":"<p>Sujet: Ce cours introduit des m\u00e9thodologies pour concevoir des processus de m\u00e9diation et\/ou de n\u00e9gociation, en vue de transformer les conflits. Ce cours d\u00e9veloppe les comp\u00e9tences des participants en analyse de conflit \u00e0 travers des exercices pratiques. \u00c0 l&rsquo;aide d&rsquo;\u00e9tudes de cas, il explore les approches sensibles aux conflits pour l&rsquo;identification des participants, l&rsquo;organisation logistique [&hellip;]<\/p>\n","protected":false},"author":1,"featured_media":0,"parent":0,"menu_order":10,"comment_status":"open","ping_status":"open","template":"","meta":{"footnotes":""},"class_list":["post-968","page","type-page","status-publish","hentry"],"yoast_head":"<!-- This site is optimized with the Yoast SEO plugin v27.5 - https:\/\/yoast.com\/product\/yoast-seo-wordpress\/ -->\n<title>Conception de processus de m\u00e9diation et\/ou de n\u00e9gociation - Cordoba Peace Institute | Fran\u00e7ais<\/title>\n<meta name=\"robots\" content=\"index, follow, max-snippet:-1, max-image-preview:large, max-video-preview:-1\" \/>\n<link rel=\"canonical\" href=\"https:\/\/cpi-geneva.org\/fr\/mediation-and-or-negotiation-process-design\/\" \/>\n<meta property=\"og:locale\" content=\"fr_FR\" \/>\n<meta property=\"og:type\" content=\"article\" \/>\n<meta property=\"og:title\" content=\"Conception de processus de m\u00e9diation et\/ou de n\u00e9gociation - Cordoba Peace Institute | Fran\u00e7ais\" \/>\n<meta property=\"og:description\" content=\"Sujet: Ce cours introduit des m\u00e9thodologies pour concevoir des processus de m\u00e9diation et\/ou de n\u00e9gociation, en vue de transformer les conflits. Ce cours d\u00e9veloppe les comp\u00e9tences des participants en analyse de conflit \u00e0 travers des exercices pratiques. \u00c0 l&rsquo;aide d&rsquo;\u00e9tudes de cas, il explore les approches sensibles aux conflits pour l&rsquo;identification des participants, l&rsquo;organisation logistique [&hellip;]\" \/>\n<meta property=\"og:url\" content=\"https:\/\/cpi-geneva.org\/fr\/mediation-and-or-negotiation-process-design\/\" \/>\n<meta property=\"og:site_name\" content=\"Cordoba Peace Institute | Fran\u00e7ais\" \/>\n<meta property=\"article:modified_time\" content=\"2023-07-26T11:04:54+00:00\" \/>\n<meta name=\"twitter:card\" content=\"summary_large_image\" \/>\n<meta name=\"twitter:label1\" content=\"Dur\u00e9e de lecture estim\u00e9e\" \/>\n\t<meta name=\"twitter:data1\" content=\"2 minutes\" \/>\n<script type=\"application\/ld+json\" class=\"yoast-schema-graph\">{\"@context\":\"https:\\\/\\\/schema.org\",\"@graph\":[{\"@type\":\"WebPage\",\"@id\":\"https:\\\/\\\/cpi-geneva.org\\\/fr\\\/mediation-and-or-negotiation-process-design\\\/\",\"url\":\"https:\\\/\\\/cpi-geneva.org\\\/fr\\\/mediation-and-or-negotiation-process-design\\\/\",\"name\":\"Conception de processus de m\u00e9diation et\\\/ou de n\u00e9gociation - Cordoba Peace Institute | Fran\u00e7ais\",\"isPartOf\":{\"@id\":\"https:\\\/\\\/cpi-geneva.org\\\/fr\\\/#website\"},\"datePublished\":\"2018-10-17T12:58:36+00:00\",\"dateModified\":\"2023-07-26T11:04:54+00:00\",\"breadcrumb\":{\"@id\":\"https:\\\/\\\/cpi-geneva.org\\\/fr\\\/mediation-and-or-negotiation-process-design\\\/#breadcrumb\"},\"inLanguage\":\"fr-FR\",\"potentialAction\":[{\"@type\":\"ReadAction\",\"target\":[\"https:\\\/\\\/cpi-geneva.org\\\/fr\\\/mediation-and-or-negotiation-process-design\\\/\"]}]},{\"@type\":\"BreadcrumbList\",\"@id\":\"https:\\\/\\\/cpi-geneva.org\\\/fr\\\/mediation-and-or-negotiation-process-design\\\/#breadcrumb\",\"itemListElement\":[{\"@type\":\"ListItem\",\"position\":1,\"name\":\"Home\",\"item\":\"https:\\\/\\\/cpi-geneva.org\\\/fr\\\/\"},{\"@type\":\"ListItem\",\"position\":2,\"name\":\"Conception de processus de m\u00e9diation et\\\/ou de n\u00e9gociation\"}]},{\"@type\":\"WebSite\",\"@id\":\"https:\\\/\\\/cpi-geneva.org\\\/fr\\\/#website\",\"url\":\"https:\\\/\\\/cpi-geneva.org\\\/fr\\\/\",\"name\":\"Cordoba Peace Institute - Gen\u00e8ve CPI\",\"description\":\"CPI Gen\u00e8ve | 20 ans aux service de la paix\",\"publisher\":{\"@id\":\"https:\\\/\\\/cpi-geneva.org\\\/fr\\\/#organization\"},\"potentialAction\":[{\"@type\":\"SearchAction\",\"target\":{\"@type\":\"EntryPoint\",\"urlTemplate\":\"https:\\\/\\\/cpi-geneva.org\\\/fr\\\/?s={search_term_string}\"},\"query-input\":{\"@type\":\"PropertyValueSpecification\",\"valueRequired\":true,\"valueName\":\"search_term_string\"}}],\"inLanguage\":\"fr-FR\"},{\"@type\":\"Organization\",\"@id\":\"https:\\\/\\\/cpi-geneva.org\\\/fr\\\/#organization\",\"name\":\"Cordoba Peace Institute - Gen\u00e8ve CPI\",\"url\":\"https:\\\/\\\/cpi-geneva.org\\\/fr\\\/\",\"logo\":{\"@type\":\"ImageObject\",\"inLanguage\":\"fr-FR\",\"@id\":\"https:\\\/\\\/cpi-geneva.org\\\/fr\\\/#\\\/schema\\\/logo\\\/image\\\/\",\"url\":\"https:\\\/\\\/cpi-geneva.org\\\/fr\\\/wp-content\\\/uploads\\\/sites\\\/3\\\/2025\\\/12\\\/CPI-Geneva.png\",\"contentUrl\":\"https:\\\/\\\/cpi-geneva.org\\\/fr\\\/wp-content\\\/uploads\\\/sites\\\/3\\\/2025\\\/12\\\/CPI-Geneva.png\",\"width\":740,\"height\":740,\"caption\":\"Cordoba Peace Institute - Gen\u00e8ve CPI\"},\"image\":{\"@id\":\"https:\\\/\\\/cpi-geneva.org\\\/fr\\\/#\\\/schema\\\/logo\\\/image\\\/\"}}]}<\/script>\n<!-- \/ Yoast SEO plugin. -->","yoast_head_json":{"title":"Conception de processus de m\u00e9diation et\/ou de n\u00e9gociation - Cordoba Peace Institute | Fran\u00e7ais","robots":{"index":"index","follow":"follow","max-snippet":"max-snippet:-1","max-image-preview":"max-image-preview:large","max-video-preview":"max-video-preview:-1"},"canonical":"https:\/\/cpi-geneva.org\/fr\/mediation-and-or-negotiation-process-design\/","og_locale":"fr_FR","og_type":"article","og_title":"Conception de processus de m\u00e9diation et\/ou de n\u00e9gociation - Cordoba Peace Institute | Fran\u00e7ais","og_description":"Sujet: Ce cours introduit des m\u00e9thodologies pour concevoir des processus de m\u00e9diation et\/ou de n\u00e9gociation, en vue de transformer les conflits. Ce cours d\u00e9veloppe les comp\u00e9tences des participants en analyse de conflit \u00e0 travers des exercices pratiques. \u00c0 l&rsquo;aide d&rsquo;\u00e9tudes de cas, il explore les approches sensibles aux conflits pour l&rsquo;identification des participants, l&rsquo;organisation logistique [&hellip;]","og_url":"https:\/\/cpi-geneva.org\/fr\/mediation-and-or-negotiation-process-design\/","og_site_name":"Cordoba Peace Institute | Fran\u00e7ais","article_modified_time":"2023-07-26T11:04:54+00:00","twitter_card":"summary_large_image","twitter_misc":{"Dur\u00e9e de lecture estim\u00e9e":"2 minutes"},"schema":{"@context":"https:\/\/schema.org","@graph":[{"@type":"WebPage","@id":"https:\/\/cpi-geneva.org\/fr\/mediation-and-or-negotiation-process-design\/","url":"https:\/\/cpi-geneva.org\/fr\/mediation-and-or-negotiation-process-design\/","name":"Conception de processus de m\u00e9diation et\/ou de n\u00e9gociation - Cordoba Peace Institute | Fran\u00e7ais","isPartOf":{"@id":"https:\/\/cpi-geneva.org\/fr\/#website"},"datePublished":"2018-10-17T12:58:36+00:00","dateModified":"2023-07-26T11:04:54+00:00","breadcrumb":{"@id":"https:\/\/cpi-geneva.org\/fr\/mediation-and-or-negotiation-process-design\/#breadcrumb"},"inLanguage":"fr-FR","potentialAction":[{"@type":"ReadAction","target":["https:\/\/cpi-geneva.org\/fr\/mediation-and-or-negotiation-process-design\/"]}]},{"@type":"BreadcrumbList","@id":"https:\/\/cpi-geneva.org\/fr\/mediation-and-or-negotiation-process-design\/#breadcrumb","itemListElement":[{"@type":"ListItem","position":1,"name":"Home","item":"https:\/\/cpi-geneva.org\/fr\/"},{"@type":"ListItem","position":2,"name":"Conception de processus de m\u00e9diation et\/ou de n\u00e9gociation"}]},{"@type":"WebSite","@id":"https:\/\/cpi-geneva.org\/fr\/#website","url":"https:\/\/cpi-geneva.org\/fr\/","name":"Cordoba Peace Institute - Gen\u00e8ve CPI","description":"CPI Gen\u00e8ve | 20 ans aux service de la paix","publisher":{"@id":"https:\/\/cpi-geneva.org\/fr\/#organization"},"potentialAction":[{"@type":"SearchAction","target":{"@type":"EntryPoint","urlTemplate":"https:\/\/cpi-geneva.org\/fr\/?s={search_term_string}"},"query-input":{"@type":"PropertyValueSpecification","valueRequired":true,"valueName":"search_term_string"}}],"inLanguage":"fr-FR"},{"@type":"Organization","@id":"https:\/\/cpi-geneva.org\/fr\/#organization","name":"Cordoba Peace Institute - Gen\u00e8ve CPI","url":"https:\/\/cpi-geneva.org\/fr\/","logo":{"@type":"ImageObject","inLanguage":"fr-FR","@id":"https:\/\/cpi-geneva.org\/fr\/#\/schema\/logo\/image\/","url":"https:\/\/cpi-geneva.org\/fr\/wp-content\/uploads\/sites\/3\/2025\/12\/CPI-Geneva.png","contentUrl":"https:\/\/cpi-geneva.org\/fr\/wp-content\/uploads\/sites\/3\/2025\/12\/CPI-Geneva.png","width":740,"height":740,"caption":"Cordoba Peace Institute - Gen\u00e8ve CPI"},"image":{"@id":"https:\/\/cpi-geneva.org\/fr\/#\/schema\/logo\/image\/"}}]}},"_links":{"self":[{"href":"https:\/\/cpi-geneva.org\/fr\/wp-json\/wp\/v2\/pages\/968","targetHints":{"allow":["GET"]}}],"collection":[{"href":"https:\/\/cpi-geneva.org\/fr\/wp-json\/wp\/v2\/pages"}],"about":[{"href":"https:\/\/cpi-geneva.org\/fr\/wp-json\/wp\/v2\/types\/page"}],"author":[{"embeddable":true,"href":"https:\/\/cpi-geneva.org\/fr\/wp-json\/wp\/v2\/users\/1"}],"replies":[{"embeddable":true,"href":"https:\/\/cpi-geneva.org\/fr\/wp-json\/wp\/v2\/comments?post=968"}],"version-history":[{"count":6,"href":"https:\/\/cpi-geneva.org\/fr\/wp-json\/wp\/v2\/pages\/968\/revisions"}],"predecessor-version":[{"id":5589,"href":"https:\/\/cpi-geneva.org\/fr\/wp-json\/wp\/v2\/pages\/968\/revisions\/5589"}],"wp:attachment":[{"href":"https:\/\/cpi-geneva.org\/fr\/wp-json\/wp\/v2\/media?parent=968"}],"curies":[{"name":"wp","href":"https:\/\/api.w.org\/{rel}","templated":true}]}}