{"id":966,"date":"2018-10-17T13:55:10","date_gmt":"2018-10-17T12:55:10","guid":{"rendered":"https:\/\/cpi-geneva.org\/fr\/2018\/10\/17\/early-warning-rapid-response\/"},"modified":"2023-07-26T12:05:04","modified_gmt":"2023-07-26T11:05:04","slug":"early-warning-rapid-response","status":"publish","type":"page","link":"https:\/\/cpi-geneva.org\/fr\/early-warning-rapid-response\/","title":{"rendered":"Intervention rapide aux alertes pr\u00e9coces"},"content":{"rendered":"\n<p><strong>Sujet:<\/strong><\/p>\n\n\n\n<p>Ce cours pr\u00e9sente la th\u00e9orie et les applications pratiques des m\u00e9canismes d&rsquo;alerte pr\u00e9coce et de r\u00e9ponse rapide en tant que m\u00e9thodologie inclusive et participative de transformation des conflits et de pr\u00e9vention de la violence. Il pr\u00e9sente les diff\u00e9rentes \u00e9tapes, possibilit\u00e9s et d\u00e9fis des m\u00e9canismes EWRR, en r\u00e9f\u00e9rence \u00e0 des \u00e9tudes de cas. Le cours d\u00e9veloppe \u00e9galement des comp\u00e9tences pratiques dans la programmation sensible \u00e0 la culture en utilisant des cas r\u00e9els de la r\u00e9gion MENA, du Sahel et d&rsquo;autres r\u00e9gions.<\/p>\n\n\n\n<p><strong>R\u00e9sultats&nbsp;:<\/strong><\/p>\n\n\n\n<p>L&rsquo;objectif de cette formation est de doter les participants de :<\/p>\n\n\n\n<ul class=\"wp-block-list\">\n<li>Connaissance de base de la th\u00e9orie EWRR et des \u00e9tapes de mise en \u0153uvre ;<\/li>\n\n\n\n<li>Compr\u00e9hension pratique des possibilit\u00e9s et des d\u00e9fis de l&rsquo;EWRR ;<\/li>\n\n\n\n<li>Connaissances appliqu\u00e9es et id\u00e9es pratiques pour une programmation sensible \u00e0 la culture.<\/li>\n<\/ul>\n\n\n\n<p><strong>Intervenants:<\/strong><\/p>\n\n\n\n<p>Chercheurs et\/ou professionnels int\u00e9ress\u00e9s par la transformation des conflits et les domaines connexes, qui souhaitent approfondir leurs connaissances et leurs comp\u00e9tences dans les approches th\u00e9oriques et pratiques des approches inclusives et participatives de la transformation des conflits et de la pr\u00e9vention de la violence.<\/p>\n\n\n\n<p><strong>M\u00e9thodologie:<\/strong><\/p>\n\n\n\n<p>Ce cours de formation comprend la contribution d&rsquo;experts, l&rsquo;auto-apprentissage, les jeux de r\u00f4le, le travail de groupe, les discussions de groupe et les questions-r\u00e9ponses des praticiens.<\/p>\n\n\n\n<p>Dur\u00e9e du cours : 1 jour<br>Lieu : Gen\u00e8ve, Suisse<br>Frais de scolarit\u00e9 : 350 CHF<br>Taille du cours : 10-20 participants<\/p>\n\n\n\n<p>Pour plus d&rsquo;informations sur cette formation, merci de contacter : <a href=\"mailto:info@cpi-geneva.org\">info@cpi-geneva.org<\/a><\/p>\n","protected":false},"excerpt":{"rendered":"<p>Sujet: Ce cours pr\u00e9sente la th\u00e9orie et les applications pratiques des m\u00e9canismes d&rsquo;alerte pr\u00e9coce et de r\u00e9ponse rapide en tant que m\u00e9thodologie inclusive et participative de transformation des conflits et de pr\u00e9vention de la violence. Il pr\u00e9sente les diff\u00e9rentes \u00e9tapes, possibilit\u00e9s et d\u00e9fis des m\u00e9canismes EWRR, en r\u00e9f\u00e9rence \u00e0 des \u00e9tudes de cas. Le cours [&hellip;]<\/p>\n","protected":false},"author":1,"featured_media":0,"parent":0,"menu_order":12,"comment_status":"open","ping_status":"open","template":"","meta":{"footnotes":""},"class_list":["post-966","page","type-page","status-publish","hentry"],"yoast_head":"<!-- This site is optimized with the Yoast SEO plugin v27.6 - https:\/\/yoast.com\/product\/yoast-seo-wordpress\/ -->\n<title>Intervention rapide aux alertes pr\u00e9coces - Cordoba Peace Institute | Fran\u00e7ais<\/title>\n<meta name=\"robots\" content=\"index, follow, max-snippet:-1, max-image-preview:large, max-video-preview:-1\" \/>\n<link rel=\"canonical\" href=\"https:\/\/cpi-geneva.org\/fr\/early-warning-rapid-response\/\" \/>\n<meta property=\"og:locale\" content=\"fr_FR\" \/>\n<meta property=\"og:type\" content=\"article\" \/>\n<meta property=\"og:title\" content=\"Intervention rapide aux alertes pr\u00e9coces - Cordoba Peace Institute | Fran\u00e7ais\" \/>\n<meta property=\"og:description\" content=\"Sujet: Ce cours pr\u00e9sente la th\u00e9orie et les applications pratiques des m\u00e9canismes d&rsquo;alerte pr\u00e9coce et de r\u00e9ponse rapide en tant que m\u00e9thodologie inclusive et participative de transformation des conflits et de pr\u00e9vention de la violence. Il pr\u00e9sente les diff\u00e9rentes \u00e9tapes, possibilit\u00e9s et d\u00e9fis des m\u00e9canismes EWRR, en r\u00e9f\u00e9rence \u00e0 des \u00e9tudes de cas. Le cours [&hellip;]\" \/>\n<meta property=\"og:url\" content=\"https:\/\/cpi-geneva.org\/fr\/early-warning-rapid-response\/\" \/>\n<meta property=\"og:site_name\" content=\"Cordoba Peace Institute | Fran\u00e7ais\" \/>\n<meta property=\"article:modified_time\" content=\"2023-07-26T11:05:04+00:00\" \/>\n<meta name=\"twitter:card\" content=\"summary_large_image\" \/>\n<meta name=\"twitter:label1\" content=\"Dur\u00e9e de lecture estim\u00e9e\" \/>\n\t<meta name=\"twitter:data1\" content=\"1 minute\" \/>\n<script type=\"application\/ld+json\" class=\"yoast-schema-graph\">{\"@context\":\"https:\\\/\\\/schema.org\",\"@graph\":[{\"@type\":\"WebPage\",\"@id\":\"https:\\\/\\\/cpi-geneva.org\\\/fr\\\/early-warning-rapid-response\\\/\",\"url\":\"https:\\\/\\\/cpi-geneva.org\\\/fr\\\/early-warning-rapid-response\\\/\",\"name\":\"Intervention rapide aux alertes pr\u00e9coces - Cordoba Peace Institute | Fran\u00e7ais\",\"isPartOf\":{\"@id\":\"https:\\\/\\\/cpi-geneva.org\\\/fr\\\/#website\"},\"datePublished\":\"2018-10-17T12:55:10+00:00\",\"dateModified\":\"2023-07-26T11:05:04+00:00\",\"breadcrumb\":{\"@id\":\"https:\\\/\\\/cpi-geneva.org\\\/fr\\\/early-warning-rapid-response\\\/#breadcrumb\"},\"inLanguage\":\"fr-FR\",\"potentialAction\":[{\"@type\":\"ReadAction\",\"target\":[\"https:\\\/\\\/cpi-geneva.org\\\/fr\\\/early-warning-rapid-response\\\/\"]}]},{\"@type\":\"BreadcrumbList\",\"@id\":\"https:\\\/\\\/cpi-geneva.org\\\/fr\\\/early-warning-rapid-response\\\/#breadcrumb\",\"itemListElement\":[{\"@type\":\"ListItem\",\"position\":1,\"name\":\"Home\",\"item\":\"https:\\\/\\\/cpi-geneva.org\\\/fr\\\/\"},{\"@type\":\"ListItem\",\"position\":2,\"name\":\"Intervention rapide aux alertes pr\u00e9coces\"}]},{\"@type\":\"WebSite\",\"@id\":\"https:\\\/\\\/cpi-geneva.org\\\/fr\\\/#website\",\"url\":\"https:\\\/\\\/cpi-geneva.org\\\/fr\\\/\",\"name\":\"Cordoba Peace Institute - Gen\u00e8ve CPI\",\"description\":\"CPI Gen\u00e8ve | 20 ans aux service de la paix\",\"publisher\":{\"@id\":\"https:\\\/\\\/cpi-geneva.org\\\/fr\\\/#organization\"},\"potentialAction\":[{\"@type\":\"SearchAction\",\"target\":{\"@type\":\"EntryPoint\",\"urlTemplate\":\"https:\\\/\\\/cpi-geneva.org\\\/fr\\\/?s={search_term_string}\"},\"query-input\":{\"@type\":\"PropertyValueSpecification\",\"valueRequired\":true,\"valueName\":\"search_term_string\"}}],\"inLanguage\":\"fr-FR\"},{\"@type\":\"Organization\",\"@id\":\"https:\\\/\\\/cpi-geneva.org\\\/fr\\\/#organization\",\"name\":\"Cordoba Peace Institute - Gen\u00e8ve CPI\",\"url\":\"https:\\\/\\\/cpi-geneva.org\\\/fr\\\/\",\"logo\":{\"@type\":\"ImageObject\",\"inLanguage\":\"fr-FR\",\"@id\":\"https:\\\/\\\/cpi-geneva.org\\\/fr\\\/#\\\/schema\\\/logo\\\/image\\\/\",\"url\":\"https:\\\/\\\/cpi-geneva.org\\\/fr\\\/wp-content\\\/uploads\\\/sites\\\/3\\\/2025\\\/12\\\/CPI-Geneva.png\",\"contentUrl\":\"https:\\\/\\\/cpi-geneva.org\\\/fr\\\/wp-content\\\/uploads\\\/sites\\\/3\\\/2025\\\/12\\\/CPI-Geneva.png\",\"width\":740,\"height\":740,\"caption\":\"Cordoba Peace Institute - Gen\u00e8ve CPI\"},\"image\":{\"@id\":\"https:\\\/\\\/cpi-geneva.org\\\/fr\\\/#\\\/schema\\\/logo\\\/image\\\/\"}}]}<\/script>\n<!-- \/ Yoast SEO plugin. -->","yoast_head_json":{"title":"Intervention rapide aux alertes pr\u00e9coces - Cordoba Peace Institute | Fran\u00e7ais","robots":{"index":"index","follow":"follow","max-snippet":"max-snippet:-1","max-image-preview":"max-image-preview:large","max-video-preview":"max-video-preview:-1"},"canonical":"https:\/\/cpi-geneva.org\/fr\/early-warning-rapid-response\/","og_locale":"fr_FR","og_type":"article","og_title":"Intervention rapide aux alertes pr\u00e9coces - Cordoba Peace Institute | Fran\u00e7ais","og_description":"Sujet: Ce cours pr\u00e9sente la th\u00e9orie et les applications pratiques des m\u00e9canismes d&rsquo;alerte pr\u00e9coce et de r\u00e9ponse rapide en tant que m\u00e9thodologie inclusive et participative de transformation des conflits et de pr\u00e9vention de la violence. Il pr\u00e9sente les diff\u00e9rentes \u00e9tapes, possibilit\u00e9s et d\u00e9fis des m\u00e9canismes EWRR, en r\u00e9f\u00e9rence \u00e0 des \u00e9tudes de cas. Le cours [&hellip;]","og_url":"https:\/\/cpi-geneva.org\/fr\/early-warning-rapid-response\/","og_site_name":"Cordoba Peace Institute | Fran\u00e7ais","article_modified_time":"2023-07-26T11:05:04+00:00","twitter_card":"summary_large_image","twitter_misc":{"Dur\u00e9e de lecture estim\u00e9e":"1 minute"},"schema":{"@context":"https:\/\/schema.org","@graph":[{"@type":"WebPage","@id":"https:\/\/cpi-geneva.org\/fr\/early-warning-rapid-response\/","url":"https:\/\/cpi-geneva.org\/fr\/early-warning-rapid-response\/","name":"Intervention rapide aux alertes pr\u00e9coces - Cordoba Peace Institute | Fran\u00e7ais","isPartOf":{"@id":"https:\/\/cpi-geneva.org\/fr\/#website"},"datePublished":"2018-10-17T12:55:10+00:00","dateModified":"2023-07-26T11:05:04+00:00","breadcrumb":{"@id":"https:\/\/cpi-geneva.org\/fr\/early-warning-rapid-response\/#breadcrumb"},"inLanguage":"fr-FR","potentialAction":[{"@type":"ReadAction","target":["https:\/\/cpi-geneva.org\/fr\/early-warning-rapid-response\/"]}]},{"@type":"BreadcrumbList","@id":"https:\/\/cpi-geneva.org\/fr\/early-warning-rapid-response\/#breadcrumb","itemListElement":[{"@type":"ListItem","position":1,"name":"Home","item":"https:\/\/cpi-geneva.org\/fr\/"},{"@type":"ListItem","position":2,"name":"Intervention rapide aux alertes pr\u00e9coces"}]},{"@type":"WebSite","@id":"https:\/\/cpi-geneva.org\/fr\/#website","url":"https:\/\/cpi-geneva.org\/fr\/","name":"Cordoba Peace Institute - Gen\u00e8ve CPI","description":"CPI Gen\u00e8ve | 20 ans aux service de la paix","publisher":{"@id":"https:\/\/cpi-geneva.org\/fr\/#organization"},"potentialAction":[{"@type":"SearchAction","target":{"@type":"EntryPoint","urlTemplate":"https:\/\/cpi-geneva.org\/fr\/?s={search_term_string}"},"query-input":{"@type":"PropertyValueSpecification","valueRequired":true,"valueName":"search_term_string"}}],"inLanguage":"fr-FR"},{"@type":"Organization","@id":"https:\/\/cpi-geneva.org\/fr\/#organization","name":"Cordoba Peace Institute - Gen\u00e8ve CPI","url":"https:\/\/cpi-geneva.org\/fr\/","logo":{"@type":"ImageObject","inLanguage":"fr-FR","@id":"https:\/\/cpi-geneva.org\/fr\/#\/schema\/logo\/image\/","url":"https:\/\/cpi-geneva.org\/fr\/wp-content\/uploads\/sites\/3\/2025\/12\/CPI-Geneva.png","contentUrl":"https:\/\/cpi-geneva.org\/fr\/wp-content\/uploads\/sites\/3\/2025\/12\/CPI-Geneva.png","width":740,"height":740,"caption":"Cordoba Peace Institute - Gen\u00e8ve CPI"},"image":{"@id":"https:\/\/cpi-geneva.org\/fr\/#\/schema\/logo\/image\/"}}]}},"_links":{"self":[{"href":"https:\/\/cpi-geneva.org\/fr\/wp-json\/wp\/v2\/pages\/966","targetHints":{"allow":["GET"]}}],"collection":[{"href":"https:\/\/cpi-geneva.org\/fr\/wp-json\/wp\/v2\/pages"}],"about":[{"href":"https:\/\/cpi-geneva.org\/fr\/wp-json\/wp\/v2\/types\/page"}],"author":[{"embeddable":true,"href":"https:\/\/cpi-geneva.org\/fr\/wp-json\/wp\/v2\/users\/1"}],"replies":[{"embeddable":true,"href":"https:\/\/cpi-geneva.org\/fr\/wp-json\/wp\/v2\/comments?post=966"}],"version-history":[{"count":8,"href":"https:\/\/cpi-geneva.org\/fr\/wp-json\/wp\/v2\/pages\/966\/revisions"}],"predecessor-version":[{"id":6255,"href":"https:\/\/cpi-geneva.org\/fr\/wp-json\/wp\/v2\/pages\/966\/revisions\/6255"}],"wp:attachment":[{"href":"https:\/\/cpi-geneva.org\/fr\/wp-json\/wp\/v2\/media?parent=966"}],"curies":[{"name":"wp","href":"https:\/\/api.w.org\/{rel}","templated":true}]}}