{"id":965,"date":"2018-10-17T13:53:47","date_gmt":"2018-10-17T12:53:47","guid":{"rendered":"https:\/\/cpi-geneva.org\/fr\/2018\/10\/17\/mediation-and-or-negotiation\/"},"modified":"2023-07-26T12:05:07","modified_gmt":"2023-07-26T11:05:07","slug":"mediation-and-or-negotiation","status":"publish","type":"page","link":"https:\/\/cpi-geneva.org\/fr\/mediation-and-or-negotiation\/","title":{"rendered":"M\u00e9diation et\/ou N\u00e9gociation"},"content":{"rendered":"\n<p><strong>Sujet<\/strong>:<\/p>\n\n\n\n<p>Ce cours d\u00e9veloppe les capacit\u00e9s des participants dans la th\u00e9orie et la pratique de la m\u00e9diation et\/ou de la n\u00e9gociation comme approches de transformation des conflits. Il pr\u00e9sente les principaux concepts et d\u00e9finitions pertinents de la m\u00e9diation et\/ou de la n\u00e9gociation, y compris des approches sp\u00e9cialis\u00e9es comme \u00ab l&rsquo;espace de m\u00e9diation s\u00fbr \u00bb et \u00ab la m\u00e9diation culturellement \u00e9quilibr\u00e9e \u00bb. \u00bb Le cours d\u00e9veloppe \u00e9galement des comp\u00e9tences pratiques dans la programmation sensible \u00e0 la culture en utilisant des cas r\u00e9els des r\u00e9gions MENA, Sahel et Europe.<\/p>\n\n\n\n<p><strong>R\u00e9sultats:<\/strong><\/p>\n\n\n\n<p>L&rsquo;objectif de cette formation est de doter les participants de :<\/p>\n\n\n\n<ul class=\"wp-block-list\">\n<li>Connaissance de base de la th\u00e9orie et de la pratique de la m\u00e9diation et\/ou de la n\u00e9gociation ;<\/li>\n\n\n\n<li>Compr\u00e9hension des diff\u00e9rentes approches de la transformation des conflits ;<\/li>\n\n\n\n<li>Connaissances appliqu\u00e9es en programmation sensible \u00e0 la culture;<\/li>\n\n\n\n<li>Comp\u00e9tences pertinentes en communication, m\u00e9diation et\/ou n\u00e9gociation;<\/li>\n\n\n\n<li>Des id\u00e9es pratiques pour des approches culturellement adapt\u00e9es \u00e0 la transformation des conflits.<\/li>\n<\/ul>\n\n\n\n<p><strong>Intervenants:<\/strong><\/p>\n\n\n\n<p>Chercheurs et\/ou professionnels int\u00e9ress\u00e9s par la transformation des conflits et les domaines connexes, qui souhaitent approfondir leurs connaissances et leurs comp\u00e9tences dans les approches th\u00e9oriques et pratiques de la m\u00e9diation et\/ou de la n\u00e9gociation.<\/p>\n\n\n\n<p><strong>M\u00e9thodologie:<\/strong><\/p>\n\n\n\n<p>Ce cours de formation comprend la contribution d&rsquo;experts, l&rsquo;auto-apprentissage, les jeux de r\u00f4le, le travail de groupe, les discussions de groupe et les questions-r\u00e9ponses des praticiens.<\/p>\n\n\n\n<p>Dur\u00e9e du stage : 2 jours<br>Lieu : Gen\u00e8ve, Suisse<br>Frais de scolarit\u00e9 : 700 CHF<br>Taille du cours : 10-20 participants<\/p>\n\n\n\n<p>Pour plus d&rsquo;informations sur cette formation, merci de contacter : <a href=\"mailto:info@cpi-geneva.org\">info@cpi-geneva.org<\/a><\/p>\n","protected":false},"excerpt":{"rendered":"<p>Sujet: Ce cours d\u00e9veloppe les capacit\u00e9s des participants dans la th\u00e9orie et la pratique de la m\u00e9diation et\/ou de la n\u00e9gociation comme approches de transformation des conflits. Il pr\u00e9sente les principaux concepts et d\u00e9finitions pertinents de la m\u00e9diation et\/ou de la n\u00e9gociation, y compris des approches sp\u00e9cialis\u00e9es comme \u00ab l&rsquo;espace de m\u00e9diation s\u00fbr \u00bb et [&hellip;]<\/p>\n","protected":false},"author":1,"featured_media":0,"parent":0,"menu_order":13,"comment_status":"open","ping_status":"open","template":"","meta":{"footnotes":""},"class_list":["post-965","page","type-page","status-publish","hentry"],"yoast_head":"<!-- This site is optimized with the Yoast SEO plugin v27.5 - https:\/\/yoast.com\/product\/yoast-seo-wordpress\/ -->\n<title>M\u00e9diation et\/ou N\u00e9gociation - Cordoba Peace Institute | Fran\u00e7ais<\/title>\n<meta name=\"robots\" content=\"index, follow, max-snippet:-1, max-image-preview:large, max-video-preview:-1\" \/>\n<link rel=\"canonical\" href=\"https:\/\/cpi-geneva.org\/fr\/mediation-and-or-negotiation\/\" \/>\n<meta property=\"og:locale\" content=\"fr_FR\" \/>\n<meta property=\"og:type\" content=\"article\" \/>\n<meta property=\"og:title\" content=\"M\u00e9diation et\/ou N\u00e9gociation - Cordoba Peace Institute | Fran\u00e7ais\" \/>\n<meta property=\"og:description\" content=\"Sujet: Ce cours d\u00e9veloppe les capacit\u00e9s des participants dans la th\u00e9orie et la pratique de la m\u00e9diation et\/ou de la n\u00e9gociation comme approches de transformation des conflits. Il pr\u00e9sente les principaux concepts et d\u00e9finitions pertinents de la m\u00e9diation et\/ou de la n\u00e9gociation, y compris des approches sp\u00e9cialis\u00e9es comme \u00ab l&rsquo;espace de m\u00e9diation s\u00fbr \u00bb et [&hellip;]\" \/>\n<meta property=\"og:url\" content=\"https:\/\/cpi-geneva.org\/fr\/mediation-and-or-negotiation\/\" \/>\n<meta property=\"og:site_name\" content=\"Cordoba Peace Institute | Fran\u00e7ais\" \/>\n<meta property=\"article:modified_time\" content=\"2023-07-26T11:05:07+00:00\" \/>\n<meta name=\"twitter:card\" content=\"summary_large_image\" \/>\n<meta name=\"twitter:label1\" content=\"Dur\u00e9e de lecture estim\u00e9e\" \/>\n\t<meta name=\"twitter:data1\" content=\"1 minute\" \/>\n<script type=\"application\/ld+json\" class=\"yoast-schema-graph\">{\"@context\":\"https:\\\/\\\/schema.org\",\"@graph\":[{\"@type\":\"WebPage\",\"@id\":\"https:\\\/\\\/cpi-geneva.org\\\/fr\\\/mediation-and-or-negotiation\\\/\",\"url\":\"https:\\\/\\\/cpi-geneva.org\\\/fr\\\/mediation-and-or-negotiation\\\/\",\"name\":\"M\u00e9diation et\\\/ou N\u00e9gociation - Cordoba Peace Institute | Fran\u00e7ais\",\"isPartOf\":{\"@id\":\"https:\\\/\\\/cpi-geneva.org\\\/fr\\\/#website\"},\"datePublished\":\"2018-10-17T12:53:47+00:00\",\"dateModified\":\"2023-07-26T11:05:07+00:00\",\"breadcrumb\":{\"@id\":\"https:\\\/\\\/cpi-geneva.org\\\/fr\\\/mediation-and-or-negotiation\\\/#breadcrumb\"},\"inLanguage\":\"fr-FR\",\"potentialAction\":[{\"@type\":\"ReadAction\",\"target\":[\"https:\\\/\\\/cpi-geneva.org\\\/fr\\\/mediation-and-or-negotiation\\\/\"]}]},{\"@type\":\"BreadcrumbList\",\"@id\":\"https:\\\/\\\/cpi-geneva.org\\\/fr\\\/mediation-and-or-negotiation\\\/#breadcrumb\",\"itemListElement\":[{\"@type\":\"ListItem\",\"position\":1,\"name\":\"Home\",\"item\":\"https:\\\/\\\/cpi-geneva.org\\\/fr\\\/\"},{\"@type\":\"ListItem\",\"position\":2,\"name\":\"M\u00e9diation et\\\/ou N\u00e9gociation\"}]},{\"@type\":\"WebSite\",\"@id\":\"https:\\\/\\\/cpi-geneva.org\\\/fr\\\/#website\",\"url\":\"https:\\\/\\\/cpi-geneva.org\\\/fr\\\/\",\"name\":\"Cordoba Peace Institute - Gen\u00e8ve CPI\",\"description\":\"CPI Gen\u00e8ve | 20 ans aux service de la paix\",\"publisher\":{\"@id\":\"https:\\\/\\\/cpi-geneva.org\\\/fr\\\/#organization\"},\"potentialAction\":[{\"@type\":\"SearchAction\",\"target\":{\"@type\":\"EntryPoint\",\"urlTemplate\":\"https:\\\/\\\/cpi-geneva.org\\\/fr\\\/?s={search_term_string}\"},\"query-input\":{\"@type\":\"PropertyValueSpecification\",\"valueRequired\":true,\"valueName\":\"search_term_string\"}}],\"inLanguage\":\"fr-FR\"},{\"@type\":\"Organization\",\"@id\":\"https:\\\/\\\/cpi-geneva.org\\\/fr\\\/#organization\",\"name\":\"Cordoba Peace Institute - Gen\u00e8ve CPI\",\"url\":\"https:\\\/\\\/cpi-geneva.org\\\/fr\\\/\",\"logo\":{\"@type\":\"ImageObject\",\"inLanguage\":\"fr-FR\",\"@id\":\"https:\\\/\\\/cpi-geneva.org\\\/fr\\\/#\\\/schema\\\/logo\\\/image\\\/\",\"url\":\"https:\\\/\\\/cpi-geneva.org\\\/fr\\\/wp-content\\\/uploads\\\/sites\\\/3\\\/2025\\\/12\\\/CPI-Geneva.png\",\"contentUrl\":\"https:\\\/\\\/cpi-geneva.org\\\/fr\\\/wp-content\\\/uploads\\\/sites\\\/3\\\/2025\\\/12\\\/CPI-Geneva.png\",\"width\":740,\"height\":740,\"caption\":\"Cordoba Peace Institute - Gen\u00e8ve CPI\"},\"image\":{\"@id\":\"https:\\\/\\\/cpi-geneva.org\\\/fr\\\/#\\\/schema\\\/logo\\\/image\\\/\"}}]}<\/script>\n<!-- \/ Yoast SEO plugin. -->","yoast_head_json":{"title":"M\u00e9diation et\/ou N\u00e9gociation - Cordoba Peace Institute | Fran\u00e7ais","robots":{"index":"index","follow":"follow","max-snippet":"max-snippet:-1","max-image-preview":"max-image-preview:large","max-video-preview":"max-video-preview:-1"},"canonical":"https:\/\/cpi-geneva.org\/fr\/mediation-and-or-negotiation\/","og_locale":"fr_FR","og_type":"article","og_title":"M\u00e9diation et\/ou N\u00e9gociation - Cordoba Peace Institute | Fran\u00e7ais","og_description":"Sujet: Ce cours d\u00e9veloppe les capacit\u00e9s des participants dans la th\u00e9orie et la pratique de la m\u00e9diation et\/ou de la n\u00e9gociation comme approches de transformation des conflits. Il pr\u00e9sente les principaux concepts et d\u00e9finitions pertinents de la m\u00e9diation et\/ou de la n\u00e9gociation, y compris des approches sp\u00e9cialis\u00e9es comme \u00ab l&rsquo;espace de m\u00e9diation s\u00fbr \u00bb et [&hellip;]","og_url":"https:\/\/cpi-geneva.org\/fr\/mediation-and-or-negotiation\/","og_site_name":"Cordoba Peace Institute | Fran\u00e7ais","article_modified_time":"2023-07-26T11:05:07+00:00","twitter_card":"summary_large_image","twitter_misc":{"Dur\u00e9e de lecture estim\u00e9e":"1 minute"},"schema":{"@context":"https:\/\/schema.org","@graph":[{"@type":"WebPage","@id":"https:\/\/cpi-geneva.org\/fr\/mediation-and-or-negotiation\/","url":"https:\/\/cpi-geneva.org\/fr\/mediation-and-or-negotiation\/","name":"M\u00e9diation et\/ou N\u00e9gociation - Cordoba Peace Institute | Fran\u00e7ais","isPartOf":{"@id":"https:\/\/cpi-geneva.org\/fr\/#website"},"datePublished":"2018-10-17T12:53:47+00:00","dateModified":"2023-07-26T11:05:07+00:00","breadcrumb":{"@id":"https:\/\/cpi-geneva.org\/fr\/mediation-and-or-negotiation\/#breadcrumb"},"inLanguage":"fr-FR","potentialAction":[{"@type":"ReadAction","target":["https:\/\/cpi-geneva.org\/fr\/mediation-and-or-negotiation\/"]}]},{"@type":"BreadcrumbList","@id":"https:\/\/cpi-geneva.org\/fr\/mediation-and-or-negotiation\/#breadcrumb","itemListElement":[{"@type":"ListItem","position":1,"name":"Home","item":"https:\/\/cpi-geneva.org\/fr\/"},{"@type":"ListItem","position":2,"name":"M\u00e9diation et\/ou N\u00e9gociation"}]},{"@type":"WebSite","@id":"https:\/\/cpi-geneva.org\/fr\/#website","url":"https:\/\/cpi-geneva.org\/fr\/","name":"Cordoba Peace Institute - Gen\u00e8ve CPI","description":"CPI Gen\u00e8ve | 20 ans aux service de la paix","publisher":{"@id":"https:\/\/cpi-geneva.org\/fr\/#organization"},"potentialAction":[{"@type":"SearchAction","target":{"@type":"EntryPoint","urlTemplate":"https:\/\/cpi-geneva.org\/fr\/?s={search_term_string}"},"query-input":{"@type":"PropertyValueSpecification","valueRequired":true,"valueName":"search_term_string"}}],"inLanguage":"fr-FR"},{"@type":"Organization","@id":"https:\/\/cpi-geneva.org\/fr\/#organization","name":"Cordoba Peace Institute - Gen\u00e8ve CPI","url":"https:\/\/cpi-geneva.org\/fr\/","logo":{"@type":"ImageObject","inLanguage":"fr-FR","@id":"https:\/\/cpi-geneva.org\/fr\/#\/schema\/logo\/image\/","url":"https:\/\/cpi-geneva.org\/fr\/wp-content\/uploads\/sites\/3\/2025\/12\/CPI-Geneva.png","contentUrl":"https:\/\/cpi-geneva.org\/fr\/wp-content\/uploads\/sites\/3\/2025\/12\/CPI-Geneva.png","width":740,"height":740,"caption":"Cordoba Peace Institute - Gen\u00e8ve CPI"},"image":{"@id":"https:\/\/cpi-geneva.org\/fr\/#\/schema\/logo\/image\/"}}]}},"_links":{"self":[{"href":"https:\/\/cpi-geneva.org\/fr\/wp-json\/wp\/v2\/pages\/965","targetHints":{"allow":["GET"]}}],"collection":[{"href":"https:\/\/cpi-geneva.org\/fr\/wp-json\/wp\/v2\/pages"}],"about":[{"href":"https:\/\/cpi-geneva.org\/fr\/wp-json\/wp\/v2\/types\/page"}],"author":[{"embeddable":true,"href":"https:\/\/cpi-geneva.org\/fr\/wp-json\/wp\/v2\/users\/1"}],"replies":[{"embeddable":true,"href":"https:\/\/cpi-geneva.org\/fr\/wp-json\/wp\/v2\/comments?post=965"}],"version-history":[{"count":5,"href":"https:\/\/cpi-geneva.org\/fr\/wp-json\/wp\/v2\/pages\/965\/revisions"}],"predecessor-version":[{"id":5584,"href":"https:\/\/cpi-geneva.org\/fr\/wp-json\/wp\/v2\/pages\/965\/revisions\/5584"}],"wp:attachment":[{"href":"https:\/\/cpi-geneva.org\/fr\/wp-json\/wp\/v2\/media?parent=965"}],"curies":[{"name":"wp","href":"https:\/\/api.w.org\/{rel}","templated":true}]}}