{"id":958,"date":"2018-10-08T09:43:23","date_gmt":"2018-10-08T08:43:23","guid":{"rendered":"https:\/\/cpi-geneva.org\/fr\/2018\/10\/08\/conflict-transformation-training-course\/"},"modified":"2023-07-26T12:05:17","modified_gmt":"2023-07-26T11:05:17","slug":"conflict-transformation-training-course","status":"publish","type":"page","link":"https:\/\/cpi-geneva.org\/fr\/conflict-transformation-training-course\/","title":{"rendered":"Transformation des conflits"},"content":{"rendered":"\n<p><strong>Sujet:<\/strong><\/p>\n\n\n\n<p>Ce cours pr\u00e9sente les concepts cl\u00e9s, les d\u00e9finitions et les m\u00e9thodologies pour l&rsquo;analyse des conflits et la transformation des conflits. Il fournit aux participants le vocabulaire et les outils n\u00e9cessaires pour effectuer une analyse compl\u00e8te des conflits ainsi que des comp\u00e9tences pratiques dans les approches de transformation des conflits, telles que la m\u00e9diation et la n\u00e9gociation. \u00c0 partir d&rsquo;\u00e9tudes de cas des r\u00e9gions MENA, Sahel et Europe, il pr\u00e9sente aux participants des m\u00e9thodologies telles que \u00ab l&rsquo;espace de m\u00e9diation s\u00fbr \u00bb et \u00ab la m\u00e9diation culturellement \u00e9quilibr\u00e9e \u00bb. \u00bb Le cours d\u00e9veloppe \u00e9galement des comp\u00e9tences pratiques dans l&rsquo;analyse des conflits gr\u00e2ce \u00e0 leur application \u00e0 des cas r\u00e9els.<\/p>\n\n\n\n<p><strong>R\u00e9sultats:<\/strong><\/p>\n\n\n\n<p>L&rsquo;objectif de cette formation est de doter les participants de :<\/p>\n\n\n\n<ul class=\"wp-block-list\">\n<li>Fondation dans le d\u00e9veloppement de la transformation des conflits comme champ de pratique;<\/li>\n\n\n\n<li>Connaissance de la th\u00e9orie et de la pratique de la transformation des conflits ;<\/li>\n\n\n\n<li>Comp\u00e9tences appliqu\u00e9es en analyse de conflits;<\/li>\n\n\n\n<li>Connaissance sp\u00e9cialis\u00e9e des approches de transformation des conflits ;<\/li>\n\n\n\n<li>Des id\u00e9es pratiques pour des approches culturellement adapt\u00e9es \u00e0 la transformation des conflits.<\/li>\n<\/ul>\n\n\n\n<p>Intervenants&nbsp;:<\/p>\n\n\n\n<p>Chercheurs et \/ ou professionnels int\u00e9ress\u00e9s par la transformation des conflits et les domaines connexes, qui souhaitent approfondir leurs connaissances et leurs comp\u00e9tences dans les approches th\u00e9oriques et pratiques de l&rsquo;analyse des conflits et les approches de la transformation des conflits.<\/p>\n\n\n\n<p><strong>M\u00e9thodologie:<\/strong><\/p>\n\n\n\n<p>Ce cours de formation comprend des contributions d&rsquo;experts, des \u00e9tudes de cas, des travaux de groupe, des discussions de groupe et des questions-r\u00e9ponses pour les praticiens.<\/p>\n\n\n\n<p>Dur\u00e9e du cours : 1 jour<br>Lieu : Gen\u00e8ve, Suisse<br>Frais de scolarit\u00e9 : 350 CHF<br>Taille du cours : 10-20 participants<\/p>\n\n\n\n<p>Pour plus d&rsquo;informations sur cette formation, merci de contacter : <a href=\"mailto:info@cpi-geneva.org\">info@cpi-geneva.org<\/a><\/p>\n\n\n\n<p>&nbsp;<\/p>\n","protected":false},"excerpt":{"rendered":"<p>Sujet: Ce cours pr\u00e9sente les concepts cl\u00e9s, les d\u00e9finitions et les m\u00e9thodologies pour l&rsquo;analyse des conflits et la transformation des conflits. Il fournit aux participants le vocabulaire et les outils n\u00e9cessaires pour effectuer une analyse compl\u00e8te des conflits ainsi que des comp\u00e9tences pratiques dans les approches de transformation des conflits, telles que la m\u00e9diation et [&hellip;]<\/p>\n","protected":false},"author":1,"featured_media":0,"parent":0,"menu_order":15,"comment_status":"open","ping_status":"open","template":"","meta":{"footnotes":""},"class_list":["post-958","page","type-page","status-publish","hentry"],"yoast_head":"<!-- This site is optimized with the Yoast SEO plugin v27.5 - https:\/\/yoast.com\/product\/yoast-seo-wordpress\/ -->\n<title>Transformation des conflits - Cordoba Peace Institute | Fran\u00e7ais<\/title>\n<meta name=\"robots\" content=\"index, follow, max-snippet:-1, max-image-preview:large, max-video-preview:-1\" \/>\n<link rel=\"canonical\" href=\"https:\/\/cpi-geneva.org\/fr\/conflict-transformation-training-course\/\" \/>\n<meta property=\"og:locale\" content=\"fr_FR\" \/>\n<meta property=\"og:type\" content=\"article\" \/>\n<meta property=\"og:title\" content=\"Transformation des conflits - Cordoba Peace Institute | Fran\u00e7ais\" \/>\n<meta property=\"og:description\" content=\"Sujet: Ce cours pr\u00e9sente les concepts cl\u00e9s, les d\u00e9finitions et les m\u00e9thodologies pour l&rsquo;analyse des conflits et la transformation des conflits. Il fournit aux participants le vocabulaire et les outils n\u00e9cessaires pour effectuer une analyse compl\u00e8te des conflits ainsi que des comp\u00e9tences pratiques dans les approches de transformation des conflits, telles que la m\u00e9diation et [&hellip;]\" \/>\n<meta property=\"og:url\" content=\"https:\/\/cpi-geneva.org\/fr\/conflict-transformation-training-course\/\" \/>\n<meta property=\"og:site_name\" content=\"Cordoba Peace Institute | Fran\u00e7ais\" \/>\n<meta property=\"article:modified_time\" content=\"2023-07-26T11:05:17+00:00\" \/>\n<meta name=\"twitter:card\" content=\"summary_large_image\" \/>\n<meta name=\"twitter:label1\" content=\"Dur\u00e9e de lecture estim\u00e9e\" \/>\n\t<meta name=\"twitter:data1\" content=\"1 minute\" \/>\n<script type=\"application\/ld+json\" class=\"yoast-schema-graph\">{\"@context\":\"https:\\\/\\\/schema.org\",\"@graph\":[{\"@type\":\"WebPage\",\"@id\":\"https:\\\/\\\/cpi-geneva.org\\\/fr\\\/conflict-transformation-training-course\\\/\",\"url\":\"https:\\\/\\\/cpi-geneva.org\\\/fr\\\/conflict-transformation-training-course\\\/\",\"name\":\"Transformation des conflits - Cordoba Peace Institute | Fran\u00e7ais\",\"isPartOf\":{\"@id\":\"https:\\\/\\\/cpi-geneva.org\\\/fr\\\/#website\"},\"datePublished\":\"2018-10-08T08:43:23+00:00\",\"dateModified\":\"2023-07-26T11:05:17+00:00\",\"breadcrumb\":{\"@id\":\"https:\\\/\\\/cpi-geneva.org\\\/fr\\\/conflict-transformation-training-course\\\/#breadcrumb\"},\"inLanguage\":\"fr-FR\",\"potentialAction\":[{\"@type\":\"ReadAction\",\"target\":[\"https:\\\/\\\/cpi-geneva.org\\\/fr\\\/conflict-transformation-training-course\\\/\"]}]},{\"@type\":\"BreadcrumbList\",\"@id\":\"https:\\\/\\\/cpi-geneva.org\\\/fr\\\/conflict-transformation-training-course\\\/#breadcrumb\",\"itemListElement\":[{\"@type\":\"ListItem\",\"position\":1,\"name\":\"Home\",\"item\":\"https:\\\/\\\/cpi-geneva.org\\\/fr\\\/\"},{\"@type\":\"ListItem\",\"position\":2,\"name\":\"Transformation des conflits\"}]},{\"@type\":\"WebSite\",\"@id\":\"https:\\\/\\\/cpi-geneva.org\\\/fr\\\/#website\",\"url\":\"https:\\\/\\\/cpi-geneva.org\\\/fr\\\/\",\"name\":\"Cordoba Peace Institute - Gen\u00e8ve CPI\",\"description\":\"CPI Gen\u00e8ve | 20 ans aux service de la paix\",\"publisher\":{\"@id\":\"https:\\\/\\\/cpi-geneva.org\\\/fr\\\/#organization\"},\"potentialAction\":[{\"@type\":\"SearchAction\",\"target\":{\"@type\":\"EntryPoint\",\"urlTemplate\":\"https:\\\/\\\/cpi-geneva.org\\\/fr\\\/?s={search_term_string}\"},\"query-input\":{\"@type\":\"PropertyValueSpecification\",\"valueRequired\":true,\"valueName\":\"search_term_string\"}}],\"inLanguage\":\"fr-FR\"},{\"@type\":\"Organization\",\"@id\":\"https:\\\/\\\/cpi-geneva.org\\\/fr\\\/#organization\",\"name\":\"Cordoba Peace Institute - Gen\u00e8ve CPI\",\"url\":\"https:\\\/\\\/cpi-geneva.org\\\/fr\\\/\",\"logo\":{\"@type\":\"ImageObject\",\"inLanguage\":\"fr-FR\",\"@id\":\"https:\\\/\\\/cpi-geneva.org\\\/fr\\\/#\\\/schema\\\/logo\\\/image\\\/\",\"url\":\"https:\\\/\\\/cpi-geneva.org\\\/fr\\\/wp-content\\\/uploads\\\/sites\\\/3\\\/2025\\\/12\\\/CPI-Geneva.png\",\"contentUrl\":\"https:\\\/\\\/cpi-geneva.org\\\/fr\\\/wp-content\\\/uploads\\\/sites\\\/3\\\/2025\\\/12\\\/CPI-Geneva.png\",\"width\":740,\"height\":740,\"caption\":\"Cordoba Peace Institute - Gen\u00e8ve CPI\"},\"image\":{\"@id\":\"https:\\\/\\\/cpi-geneva.org\\\/fr\\\/#\\\/schema\\\/logo\\\/image\\\/\"}}]}<\/script>\n<!-- \/ Yoast SEO plugin. -->","yoast_head_json":{"title":"Transformation des conflits - Cordoba Peace Institute | Fran\u00e7ais","robots":{"index":"index","follow":"follow","max-snippet":"max-snippet:-1","max-image-preview":"max-image-preview:large","max-video-preview":"max-video-preview:-1"},"canonical":"https:\/\/cpi-geneva.org\/fr\/conflict-transformation-training-course\/","og_locale":"fr_FR","og_type":"article","og_title":"Transformation des conflits - Cordoba Peace Institute | Fran\u00e7ais","og_description":"Sujet: Ce cours pr\u00e9sente les concepts cl\u00e9s, les d\u00e9finitions et les m\u00e9thodologies pour l&rsquo;analyse des conflits et la transformation des conflits. Il fournit aux participants le vocabulaire et les outils n\u00e9cessaires pour effectuer une analyse compl\u00e8te des conflits ainsi que des comp\u00e9tences pratiques dans les approches de transformation des conflits, telles que la m\u00e9diation et [&hellip;]","og_url":"https:\/\/cpi-geneva.org\/fr\/conflict-transformation-training-course\/","og_site_name":"Cordoba Peace Institute | Fran\u00e7ais","article_modified_time":"2023-07-26T11:05:17+00:00","twitter_card":"summary_large_image","twitter_misc":{"Dur\u00e9e de lecture estim\u00e9e":"1 minute"},"schema":{"@context":"https:\/\/schema.org","@graph":[{"@type":"WebPage","@id":"https:\/\/cpi-geneva.org\/fr\/conflict-transformation-training-course\/","url":"https:\/\/cpi-geneva.org\/fr\/conflict-transformation-training-course\/","name":"Transformation des conflits - Cordoba Peace Institute | Fran\u00e7ais","isPartOf":{"@id":"https:\/\/cpi-geneva.org\/fr\/#website"},"datePublished":"2018-10-08T08:43:23+00:00","dateModified":"2023-07-26T11:05:17+00:00","breadcrumb":{"@id":"https:\/\/cpi-geneva.org\/fr\/conflict-transformation-training-course\/#breadcrumb"},"inLanguage":"fr-FR","potentialAction":[{"@type":"ReadAction","target":["https:\/\/cpi-geneva.org\/fr\/conflict-transformation-training-course\/"]}]},{"@type":"BreadcrumbList","@id":"https:\/\/cpi-geneva.org\/fr\/conflict-transformation-training-course\/#breadcrumb","itemListElement":[{"@type":"ListItem","position":1,"name":"Home","item":"https:\/\/cpi-geneva.org\/fr\/"},{"@type":"ListItem","position":2,"name":"Transformation des conflits"}]},{"@type":"WebSite","@id":"https:\/\/cpi-geneva.org\/fr\/#website","url":"https:\/\/cpi-geneva.org\/fr\/","name":"Cordoba Peace Institute - Gen\u00e8ve CPI","description":"CPI Gen\u00e8ve | 20 ans aux service de la paix","publisher":{"@id":"https:\/\/cpi-geneva.org\/fr\/#organization"},"potentialAction":[{"@type":"SearchAction","target":{"@type":"EntryPoint","urlTemplate":"https:\/\/cpi-geneva.org\/fr\/?s={search_term_string}"},"query-input":{"@type":"PropertyValueSpecification","valueRequired":true,"valueName":"search_term_string"}}],"inLanguage":"fr-FR"},{"@type":"Organization","@id":"https:\/\/cpi-geneva.org\/fr\/#organization","name":"Cordoba Peace Institute - Gen\u00e8ve CPI","url":"https:\/\/cpi-geneva.org\/fr\/","logo":{"@type":"ImageObject","inLanguage":"fr-FR","@id":"https:\/\/cpi-geneva.org\/fr\/#\/schema\/logo\/image\/","url":"https:\/\/cpi-geneva.org\/fr\/wp-content\/uploads\/sites\/3\/2025\/12\/CPI-Geneva.png","contentUrl":"https:\/\/cpi-geneva.org\/fr\/wp-content\/uploads\/sites\/3\/2025\/12\/CPI-Geneva.png","width":740,"height":740,"caption":"Cordoba Peace Institute - Gen\u00e8ve CPI"},"image":{"@id":"https:\/\/cpi-geneva.org\/fr\/#\/schema\/logo\/image\/"}}]}},"_links":{"self":[{"href":"https:\/\/cpi-geneva.org\/fr\/wp-json\/wp\/v2\/pages\/958","targetHints":{"allow":["GET"]}}],"collection":[{"href":"https:\/\/cpi-geneva.org\/fr\/wp-json\/wp\/v2\/pages"}],"about":[{"href":"https:\/\/cpi-geneva.org\/fr\/wp-json\/wp\/v2\/types\/page"}],"author":[{"embeddable":true,"href":"https:\/\/cpi-geneva.org\/fr\/wp-json\/wp\/v2\/users\/1"}],"replies":[{"embeddable":true,"href":"https:\/\/cpi-geneva.org\/fr\/wp-json\/wp\/v2\/comments?post=958"}],"version-history":[{"count":6,"href":"https:\/\/cpi-geneva.org\/fr\/wp-json\/wp\/v2\/pages\/958\/revisions"}],"predecessor-version":[{"id":5581,"href":"https:\/\/cpi-geneva.org\/fr\/wp-json\/wp\/v2\/pages\/958\/revisions\/5581"}],"wp:attachment":[{"href":"https:\/\/cpi-geneva.org\/fr\/wp-json\/wp\/v2\/media?parent=958"}],"curies":[{"name":"wp","href":"https:\/\/api.w.org\/{rel}","templated":true}]}}