{"id":957,"date":"2018-10-08T09:11:54","date_gmt":"2018-10-08T08:11:54","guid":{"rendered":"https:\/\/cpi-geneva.org\/fr\/2018\/10\/08\/preventing-violence-and-extremism-training-course\/"},"modified":"2023-07-26T12:05:01","modified_gmt":"2023-07-26T11:05:01","slug":"preventing-violence-and-extremism-training-course","status":"publish","type":"page","link":"https:\/\/cpi-geneva.org\/fr\/preventing-violence-and-extremism-training-course\/","title":{"rendered":"Pr\u00e9vention de la violence et de l&rsquo;extr\u00e9misme"},"content":{"rendered":"\n<p><strong>Sujet:<\/strong><\/p>\n\n\n\n<p>Ce cours explore le concept et la pratique de la \u00ab&nbsp;pr\u00e9vention de la violence et de l&rsquo;extr\u00e9misme&nbsp;\u00bb dans le contexte des tendances internationales et r\u00e9gionales actuelles en mati\u00e8re de lutte\/pr\u00e9vention de l&rsquo;extr\u00e9misme violent. Il fournit aux participants les outils pour analyser et appliquer les d\u00e9finitions de la violence et de la non-violence en r\u00e9f\u00e9rence \u00e0 la tradition islamique, avec une introduction aux concepts cl\u00e9s, y compris \u00ab wasatiya \u00bb (mediantude) et \u00ab ghulu \u00bb (extr\u00e9misme). \u00c0 l&rsquo;aide d&rsquo;\u00e9tudes de cas des r\u00e9gions MENA et du Sahel, il passe en revue les approches efficaces et sensibles \u00e0 la culture et aux conflits pour lutter contre et pr\u00e9venir la violence et l&rsquo;extr\u00e9misme.<\/p>\n\n\n\n<p><strong>R\u00e9sultats:<\/strong><\/p>\n\n\n\n<p>L&rsquo;objectif de cette formation est de doter les participants de :<\/p>\n\n\n\n<ul class=\"wp-block-list\">\n<li>Une compr\u00e9hension nuanc\u00e9e de l&rsquo;\u00e9volution des tendances internationales et r\u00e9gionales en mati\u00e8re de lutte\/pr\u00e9vention de l&rsquo;extr\u00e9misme violent ;<\/li>\n\n\n\n<li>Le contexte et l&rsquo;application du vocabulaire li\u00e9 \u00e0 la violence et \u00e0 l&rsquo;extr\u00e9misme dans la tradition islamique ;<\/li>\n\n\n\n<li>Des id\u00e9es pratiques pour des approches adapt\u00e9es \u00e0 la culture de la pr\u00e9vention de la violence et de l&rsquo;extr\u00e9misme.<\/li>\n<\/ul>\n\n\n\n<p><strong>Intervenants:<\/strong><\/p>\n\n\n\n<p>Chercheurs et \/ ou professionnels int\u00e9ress\u00e9s par la lutte \/ la pr\u00e9vention de l&rsquo;extr\u00e9misme violent et les domaines connexes, qui souhaitent approfondir leurs connaissances et leurs comp\u00e9tences dans les approches th\u00e9oriques et pratiques de la lutte contre la violence et l&rsquo;extr\u00e9misme.<\/p>\n\n\n\n<p><strong>M\u00e9thodologie:<\/strong><\/p>\n\n\n\n<p>Ce cours de formation comprend des contributions d&rsquo;experts, des \u00e9tudes de cas, des discussions de groupe et des questions-r\u00e9ponses pour les praticiens.<\/p>\n\n\n\n<p>Dur\u00e9e du cours : 1 jour<br>Lieu : Gen\u00e8ve, Suisse<br>Frais de scolarit\u00e9 : 350 CHF<br>Taille du cours : 10-20 participants<\/p>\n\n\n\n<p>Pour plus d&rsquo;informations sur cette formation, merci de contacter : <a href=\"mailto:info@cpi-geneva.org\">info@cpi-geneva.org<\/a><\/p>\n","protected":false},"excerpt":{"rendered":"<p>Sujet: Ce cours explore le concept et la pratique de la \u00ab&nbsp;pr\u00e9vention de la violence et de l&rsquo;extr\u00e9misme&nbsp;\u00bb dans le contexte des tendances internationales et r\u00e9gionales actuelles en mati\u00e8re de lutte\/pr\u00e9vention de l&rsquo;extr\u00e9misme violent. Il fournit aux participants les outils pour analyser et appliquer les d\u00e9finitions de la violence et de la non-violence en r\u00e9f\u00e9rence [&hellip;]<\/p>\n","protected":false},"author":2,"featured_media":0,"parent":0,"menu_order":16,"comment_status":"open","ping_status":"open","template":"","meta":{"footnotes":""},"class_list":["post-957","page","type-page","status-publish","hentry"],"yoast_head":"<!-- This site is optimized with the Yoast SEO plugin v27.5 - https:\/\/yoast.com\/product\/yoast-seo-wordpress\/ -->\n<title>Pr\u00e9vention de la violence et de l&#039;extr\u00e9misme - Cordoba Peace Institute | Fran\u00e7ais<\/title>\n<meta name=\"robots\" content=\"index, follow, max-snippet:-1, max-image-preview:large, max-video-preview:-1\" \/>\n<link rel=\"canonical\" href=\"https:\/\/cpi-geneva.org\/fr\/preventing-violence-and-extremism-training-course\/\" \/>\n<meta property=\"og:locale\" content=\"fr_FR\" \/>\n<meta property=\"og:type\" content=\"article\" \/>\n<meta property=\"og:title\" content=\"Pr\u00e9vention de la violence et de l&#039;extr\u00e9misme - Cordoba Peace Institute | Fran\u00e7ais\" \/>\n<meta property=\"og:description\" content=\"Sujet: Ce cours explore le concept et la pratique de la \u00ab&nbsp;pr\u00e9vention de la violence et de l&rsquo;extr\u00e9misme&nbsp;\u00bb dans le contexte des tendances internationales et r\u00e9gionales actuelles en mati\u00e8re de lutte\/pr\u00e9vention de l&rsquo;extr\u00e9misme violent. Il fournit aux participants les outils pour analyser et appliquer les d\u00e9finitions de la violence et de la non-violence en r\u00e9f\u00e9rence [&hellip;]\" \/>\n<meta property=\"og:url\" content=\"https:\/\/cpi-geneva.org\/fr\/preventing-violence-and-extremism-training-course\/\" \/>\n<meta property=\"og:site_name\" content=\"Cordoba Peace Institute | Fran\u00e7ais\" \/>\n<meta property=\"article:modified_time\" content=\"2023-07-26T11:05:01+00:00\" \/>\n<meta name=\"twitter:card\" content=\"summary_large_image\" \/>\n<meta name=\"twitter:label1\" content=\"Dur\u00e9e de lecture estim\u00e9e\" \/>\n\t<meta name=\"twitter:data1\" content=\"1 minute\" \/>\n<script type=\"application\/ld+json\" class=\"yoast-schema-graph\">{\"@context\":\"https:\\\/\\\/schema.org\",\"@graph\":[{\"@type\":\"WebPage\",\"@id\":\"https:\\\/\\\/cpi-geneva.org\\\/fr\\\/preventing-violence-and-extremism-training-course\\\/\",\"url\":\"https:\\\/\\\/cpi-geneva.org\\\/fr\\\/preventing-violence-and-extremism-training-course\\\/\",\"name\":\"Pr\u00e9vention de la violence et de l'extr\u00e9misme - Cordoba Peace Institute | Fran\u00e7ais\",\"isPartOf\":{\"@id\":\"https:\\\/\\\/cpi-geneva.org\\\/fr\\\/#website\"},\"datePublished\":\"2018-10-08T08:11:54+00:00\",\"dateModified\":\"2023-07-26T11:05:01+00:00\",\"breadcrumb\":{\"@id\":\"https:\\\/\\\/cpi-geneva.org\\\/fr\\\/preventing-violence-and-extremism-training-course\\\/#breadcrumb\"},\"inLanguage\":\"fr-FR\",\"potentialAction\":[{\"@type\":\"ReadAction\",\"target\":[\"https:\\\/\\\/cpi-geneva.org\\\/fr\\\/preventing-violence-and-extremism-training-course\\\/\"]}]},{\"@type\":\"BreadcrumbList\",\"@id\":\"https:\\\/\\\/cpi-geneva.org\\\/fr\\\/preventing-violence-and-extremism-training-course\\\/#breadcrumb\",\"itemListElement\":[{\"@type\":\"ListItem\",\"position\":1,\"name\":\"Home\",\"item\":\"https:\\\/\\\/cpi-geneva.org\\\/fr\\\/\"},{\"@type\":\"ListItem\",\"position\":2,\"name\":\"Pr\u00e9vention de la violence et de l&rsquo;extr\u00e9misme\"}]},{\"@type\":\"WebSite\",\"@id\":\"https:\\\/\\\/cpi-geneva.org\\\/fr\\\/#website\",\"url\":\"https:\\\/\\\/cpi-geneva.org\\\/fr\\\/\",\"name\":\"Cordoba Peace Institute - Gen\u00e8ve CPI\",\"description\":\"CPI Gen\u00e8ve | 20 ans aux service de la paix\",\"publisher\":{\"@id\":\"https:\\\/\\\/cpi-geneva.org\\\/fr\\\/#organization\"},\"potentialAction\":[{\"@type\":\"SearchAction\",\"target\":{\"@type\":\"EntryPoint\",\"urlTemplate\":\"https:\\\/\\\/cpi-geneva.org\\\/fr\\\/?s={search_term_string}\"},\"query-input\":{\"@type\":\"PropertyValueSpecification\",\"valueRequired\":true,\"valueName\":\"search_term_string\"}}],\"inLanguage\":\"fr-FR\"},{\"@type\":\"Organization\",\"@id\":\"https:\\\/\\\/cpi-geneva.org\\\/fr\\\/#organization\",\"name\":\"Cordoba Peace Institute - Gen\u00e8ve CPI\",\"url\":\"https:\\\/\\\/cpi-geneva.org\\\/fr\\\/\",\"logo\":{\"@type\":\"ImageObject\",\"inLanguage\":\"fr-FR\",\"@id\":\"https:\\\/\\\/cpi-geneva.org\\\/fr\\\/#\\\/schema\\\/logo\\\/image\\\/\",\"url\":\"https:\\\/\\\/cpi-geneva.org\\\/fr\\\/wp-content\\\/uploads\\\/sites\\\/3\\\/2025\\\/12\\\/CPI-Geneva.png\",\"contentUrl\":\"https:\\\/\\\/cpi-geneva.org\\\/fr\\\/wp-content\\\/uploads\\\/sites\\\/3\\\/2025\\\/12\\\/CPI-Geneva.png\",\"width\":740,\"height\":740,\"caption\":\"Cordoba Peace Institute - Gen\u00e8ve CPI\"},\"image\":{\"@id\":\"https:\\\/\\\/cpi-geneva.org\\\/fr\\\/#\\\/schema\\\/logo\\\/image\\\/\"}}]}<\/script>\n<!-- \/ Yoast SEO plugin. -->","yoast_head_json":{"title":"Pr\u00e9vention de la violence et de l'extr\u00e9misme - Cordoba Peace Institute | Fran\u00e7ais","robots":{"index":"index","follow":"follow","max-snippet":"max-snippet:-1","max-image-preview":"max-image-preview:large","max-video-preview":"max-video-preview:-1"},"canonical":"https:\/\/cpi-geneva.org\/fr\/preventing-violence-and-extremism-training-course\/","og_locale":"fr_FR","og_type":"article","og_title":"Pr\u00e9vention de la violence et de l'extr\u00e9misme - Cordoba Peace Institute | Fran\u00e7ais","og_description":"Sujet: Ce cours explore le concept et la pratique de la \u00ab&nbsp;pr\u00e9vention de la violence et de l&rsquo;extr\u00e9misme&nbsp;\u00bb dans le contexte des tendances internationales et r\u00e9gionales actuelles en mati\u00e8re de lutte\/pr\u00e9vention de l&rsquo;extr\u00e9misme violent. Il fournit aux participants les outils pour analyser et appliquer les d\u00e9finitions de la violence et de la non-violence en r\u00e9f\u00e9rence [&hellip;]","og_url":"https:\/\/cpi-geneva.org\/fr\/preventing-violence-and-extremism-training-course\/","og_site_name":"Cordoba Peace Institute | Fran\u00e7ais","article_modified_time":"2023-07-26T11:05:01+00:00","twitter_card":"summary_large_image","twitter_misc":{"Dur\u00e9e de lecture estim\u00e9e":"1 minute"},"schema":{"@context":"https:\/\/schema.org","@graph":[{"@type":"WebPage","@id":"https:\/\/cpi-geneva.org\/fr\/preventing-violence-and-extremism-training-course\/","url":"https:\/\/cpi-geneva.org\/fr\/preventing-violence-and-extremism-training-course\/","name":"Pr\u00e9vention de la violence et de l'extr\u00e9misme - Cordoba Peace Institute | Fran\u00e7ais","isPartOf":{"@id":"https:\/\/cpi-geneva.org\/fr\/#website"},"datePublished":"2018-10-08T08:11:54+00:00","dateModified":"2023-07-26T11:05:01+00:00","breadcrumb":{"@id":"https:\/\/cpi-geneva.org\/fr\/preventing-violence-and-extremism-training-course\/#breadcrumb"},"inLanguage":"fr-FR","potentialAction":[{"@type":"ReadAction","target":["https:\/\/cpi-geneva.org\/fr\/preventing-violence-and-extremism-training-course\/"]}]},{"@type":"BreadcrumbList","@id":"https:\/\/cpi-geneva.org\/fr\/preventing-violence-and-extremism-training-course\/#breadcrumb","itemListElement":[{"@type":"ListItem","position":1,"name":"Home","item":"https:\/\/cpi-geneva.org\/fr\/"},{"@type":"ListItem","position":2,"name":"Pr\u00e9vention de la violence et de l&rsquo;extr\u00e9misme"}]},{"@type":"WebSite","@id":"https:\/\/cpi-geneva.org\/fr\/#website","url":"https:\/\/cpi-geneva.org\/fr\/","name":"Cordoba Peace Institute - Gen\u00e8ve CPI","description":"CPI Gen\u00e8ve | 20 ans aux service de la paix","publisher":{"@id":"https:\/\/cpi-geneva.org\/fr\/#organization"},"potentialAction":[{"@type":"SearchAction","target":{"@type":"EntryPoint","urlTemplate":"https:\/\/cpi-geneva.org\/fr\/?s={search_term_string}"},"query-input":{"@type":"PropertyValueSpecification","valueRequired":true,"valueName":"search_term_string"}}],"inLanguage":"fr-FR"},{"@type":"Organization","@id":"https:\/\/cpi-geneva.org\/fr\/#organization","name":"Cordoba Peace Institute - Gen\u00e8ve CPI","url":"https:\/\/cpi-geneva.org\/fr\/","logo":{"@type":"ImageObject","inLanguage":"fr-FR","@id":"https:\/\/cpi-geneva.org\/fr\/#\/schema\/logo\/image\/","url":"https:\/\/cpi-geneva.org\/fr\/wp-content\/uploads\/sites\/3\/2025\/12\/CPI-Geneva.png","contentUrl":"https:\/\/cpi-geneva.org\/fr\/wp-content\/uploads\/sites\/3\/2025\/12\/CPI-Geneva.png","width":740,"height":740,"caption":"Cordoba Peace Institute - Gen\u00e8ve CPI"},"image":{"@id":"https:\/\/cpi-geneva.org\/fr\/#\/schema\/logo\/image\/"}}]}},"_links":{"self":[{"href":"https:\/\/cpi-geneva.org\/fr\/wp-json\/wp\/v2\/pages\/957","targetHints":{"allow":["GET"]}}],"collection":[{"href":"https:\/\/cpi-geneva.org\/fr\/wp-json\/wp\/v2\/pages"}],"about":[{"href":"https:\/\/cpi-geneva.org\/fr\/wp-json\/wp\/v2\/types\/page"}],"author":[{"embeddable":true,"href":"https:\/\/cpi-geneva.org\/fr\/wp-json\/wp\/v2\/users\/2"}],"replies":[{"embeddable":true,"href":"https:\/\/cpi-geneva.org\/fr\/wp-json\/wp\/v2\/comments?post=957"}],"version-history":[{"count":5,"href":"https:\/\/cpi-geneva.org\/fr\/wp-json\/wp\/v2\/pages\/957\/revisions"}],"predecessor-version":[{"id":5586,"href":"https:\/\/cpi-geneva.org\/fr\/wp-json\/wp\/v2\/pages\/957\/revisions\/5586"}],"wp:attachment":[{"href":"https:\/\/cpi-geneva.org\/fr\/wp-json\/wp\/v2\/media?parent=957"}],"curies":[{"name":"wp","href":"https:\/\/api.w.org\/{rel}","templated":true}]}}