{"id":956,"date":"2018-10-08T08:46:23","date_gmt":"2018-10-08T07:46:23","guid":{"rendered":"https:\/\/cpi-geneva.org\/fr\/2018\/10\/08\/training-and-development\/"},"modified":"2023-05-22T23:51:27","modified_gmt":"2023-05-22T22:51:27","slug":"training-and-development","status":"publish","type":"page","link":"https:\/\/cpi-geneva.org\/fr\/training-and-development\/","title":{"rendered":"Cours de Formation"},"content":{"rendered":"\n<p>Le CPI offre une formation approfondie et compl\u00e8te en anglais, fran\u00e7ais et arabe avec une m\u00e9thodologie adapt\u00e9e \u00e0 la culture. S\u2019appuyant sur son exp\u00e9rience unique de premi\u00e8re main dans la formation aux activit\u00e9s de transformation des conflits dans les r\u00e9gions d\u2019Afrique du Nord, du Sahel et du Moyen-Orient, il propose des formations sur mesure dans les domaines suivants&nbsp;:<\/p>\n\n\n\n<p><a href=\"https:\/\/cpi-geneva.org\/fr\/preventing-violence-and-extremism-training-course\/\">Pr\u00e9vention de la violence et de l\u2019extr\u00e9misme<\/a><\/p>\n\n\n\n<p><a href=\"https:\/\/cpi-geneva.org\/fr\/conflict-transformation-training-course\/\">Transformation des conflits<\/a><\/p>\n\n\n\n<p><a href=\"https:\/\/cpi-geneva.org\/fr\/conflict-transformation-in-the-islamic-perspective\/\">Transformation des conflits dans la perspective islamique<\/a><\/p>\n\n\n\n<p><a href=\"https:\/\/cpi-geneva.org\/fr\/mediation-and-or-negotiation\/\">M\u00e9diation et\/ou N\u00e9gociation<\/a><\/p>\n\n\n\n<p><a href=\"https:\/\/cpi-geneva.org\/fr\/mediation-and-or-negotiation-process-design\/\">Conception de processus de m\u00e9diation et\/ou de n\u00e9gociation<\/a><\/p>\n\n\n\n<p><a href=\"https:\/\/cpi-geneva.org\/fr\/mediation-facilitation\/\">Facilitation de m\u00e9diation<\/a><\/p>\n\n\n\n<p><a href=\"https:\/\/cpi-geneva.org\/fr\/early-warning-rapid-response\/\">Intervention rapide aux alertes pr\u00e9coces<\/a><\/p>\n\n\n\n<p><a href=\"https:\/\/cpi-geneva.org\/fr\/peace-journalism\/\">Journalisme de paix<\/a><\/p>\n\n\n\n<p>Pour plus d\u2019informations sur les cours de formation et plus, veuillez contacter:&nbsp;<a href=\"mailto:info@cpi-geneva.org\">info@cpi-geneva.org<\/a>&nbsp;<\/p>\n","protected":false},"excerpt":{"rendered":"<p>Le CPI offre une formation approfondie et compl\u00e8te en anglais, fran\u00e7ais et arabe avec une m\u00e9thodologie adapt\u00e9e \u00e0 la culture. S\u2019appuyant sur son exp\u00e9rience unique de premi\u00e8re main dans la formation aux activit\u00e9s de transformation des conflits dans les r\u00e9gions d\u2019Afrique du Nord, du Sahel et du Moyen-Orient, il propose des formations sur mesure dans [&hellip;]<\/p>\n","protected":false},"author":1,"featured_media":5536,"parent":0,"menu_order":17,"comment_status":"open","ping_status":"open","template":"","meta":{"footnotes":""},"class_list":["post-956","page","type-page","status-publish","has-post-thumbnail","hentry"],"yoast_head":"<!-- This site is optimized with the Yoast SEO plugin v27.5 - https:\/\/yoast.com\/product\/yoast-seo-wordpress\/ -->\n<title>Cours de Formation - Cordoba Peace Institute | Fran\u00e7ais<\/title>\n<meta name=\"robots\" content=\"index, follow, max-snippet:-1, max-image-preview:large, max-video-preview:-1\" \/>\n<link rel=\"canonical\" href=\"https:\/\/cpi-geneva.org\/fr\/training-and-development\/\" \/>\n<meta property=\"og:locale\" content=\"fr_FR\" \/>\n<meta property=\"og:type\" content=\"article\" \/>\n<meta property=\"og:title\" content=\"Cours de Formation - Cordoba Peace Institute | Fran\u00e7ais\" \/>\n<meta property=\"og:description\" content=\"Le CPI offre une formation approfondie et compl\u00e8te en anglais, fran\u00e7ais et arabe avec une m\u00e9thodologie adapt\u00e9e \u00e0 la culture. S\u2019appuyant sur son exp\u00e9rience unique de premi\u00e8re main dans la formation aux activit\u00e9s de transformation des conflits dans les r\u00e9gions d\u2019Afrique du Nord, du Sahel et du Moyen-Orient, il propose des formations sur mesure dans [&hellip;]\" \/>\n<meta property=\"og:url\" content=\"https:\/\/cpi-geneva.org\/fr\/training-and-development\/\" \/>\n<meta property=\"og:site_name\" content=\"Cordoba Peace Institute | Fran\u00e7ais\" \/>\n<meta property=\"article:modified_time\" content=\"2023-05-22T22:51:27+00:00\" \/>\n<meta property=\"og:image\" content=\"https:\/\/cpi-geneva.org\/fr\/wp-content\/uploads\/sites\/3\/2023\/05\/cpi_silver.png\" \/>\n\t<meta property=\"og:image:width\" content=\"1920\" \/>\n\t<meta property=\"og:image:height\" content=\"600\" \/>\n\t<meta property=\"og:image:type\" content=\"image\/png\" \/>\n<meta name=\"twitter:card\" content=\"summary_large_image\" \/>\n<meta name=\"twitter:label1\" content=\"Dur\u00e9e de lecture estim\u00e9e\" \/>\n\t<meta name=\"twitter:data1\" content=\"1 minute\" \/>\n<script type=\"application\/ld+json\" class=\"yoast-schema-graph\">{\"@context\":\"https:\\\/\\\/schema.org\",\"@graph\":[{\"@type\":\"WebPage\",\"@id\":\"https:\\\/\\\/cpi-geneva.org\\\/fr\\\/training-and-development\\\/\",\"url\":\"https:\\\/\\\/cpi-geneva.org\\\/fr\\\/training-and-development\\\/\",\"name\":\"Cours de Formation - Cordoba Peace Institute | Fran\u00e7ais\",\"isPartOf\":{\"@id\":\"https:\\\/\\\/cpi-geneva.org\\\/fr\\\/#website\"},\"primaryImageOfPage\":{\"@id\":\"https:\\\/\\\/cpi-geneva.org\\\/fr\\\/training-and-development\\\/#primaryimage\"},\"image\":{\"@id\":\"https:\\\/\\\/cpi-geneva.org\\\/fr\\\/training-and-development\\\/#primaryimage\"},\"thumbnailUrl\":\"https:\\\/\\\/cpi-geneva.org\\\/fr\\\/wp-content\\\/uploads\\\/sites\\\/3\\\/2023\\\/05\\\/cpi_silver.png\",\"datePublished\":\"2018-10-08T07:46:23+00:00\",\"dateModified\":\"2023-05-22T22:51:27+00:00\",\"breadcrumb\":{\"@id\":\"https:\\\/\\\/cpi-geneva.org\\\/fr\\\/training-and-development\\\/#breadcrumb\"},\"inLanguage\":\"fr-FR\",\"potentialAction\":[{\"@type\":\"ReadAction\",\"target\":[\"https:\\\/\\\/cpi-geneva.org\\\/fr\\\/training-and-development\\\/\"]}]},{\"@type\":\"ImageObject\",\"inLanguage\":\"fr-FR\",\"@id\":\"https:\\\/\\\/cpi-geneva.org\\\/fr\\\/training-and-development\\\/#primaryimage\",\"url\":\"https:\\\/\\\/cpi-geneva.org\\\/fr\\\/wp-content\\\/uploads\\\/sites\\\/3\\\/2023\\\/05\\\/cpi_silver.png\",\"contentUrl\":\"https:\\\/\\\/cpi-geneva.org\\\/fr\\\/wp-content\\\/uploads\\\/sites\\\/3\\\/2023\\\/05\\\/cpi_silver.png\",\"width\":1920,\"height\":600},{\"@type\":\"BreadcrumbList\",\"@id\":\"https:\\\/\\\/cpi-geneva.org\\\/fr\\\/training-and-development\\\/#breadcrumb\",\"itemListElement\":[{\"@type\":\"ListItem\",\"position\":1,\"name\":\"Home\",\"item\":\"https:\\\/\\\/cpi-geneva.org\\\/fr\\\/\"},{\"@type\":\"ListItem\",\"position\":2,\"name\":\"Cours de Formation\"}]},{\"@type\":\"WebSite\",\"@id\":\"https:\\\/\\\/cpi-geneva.org\\\/fr\\\/#website\",\"url\":\"https:\\\/\\\/cpi-geneva.org\\\/fr\\\/\",\"name\":\"Cordoba Peace Institute - Gen\u00e8ve CPI\",\"description\":\"CPI Gen\u00e8ve | 20 ans aux service de la paix\",\"publisher\":{\"@id\":\"https:\\\/\\\/cpi-geneva.org\\\/fr\\\/#organization\"},\"potentialAction\":[{\"@type\":\"SearchAction\",\"target\":{\"@type\":\"EntryPoint\",\"urlTemplate\":\"https:\\\/\\\/cpi-geneva.org\\\/fr\\\/?s={search_term_string}\"},\"query-input\":{\"@type\":\"PropertyValueSpecification\",\"valueRequired\":true,\"valueName\":\"search_term_string\"}}],\"inLanguage\":\"fr-FR\"},{\"@type\":\"Organization\",\"@id\":\"https:\\\/\\\/cpi-geneva.org\\\/fr\\\/#organization\",\"name\":\"Cordoba Peace Institute - Gen\u00e8ve CPI\",\"url\":\"https:\\\/\\\/cpi-geneva.org\\\/fr\\\/\",\"logo\":{\"@type\":\"ImageObject\",\"inLanguage\":\"fr-FR\",\"@id\":\"https:\\\/\\\/cpi-geneva.org\\\/fr\\\/#\\\/schema\\\/logo\\\/image\\\/\",\"url\":\"https:\\\/\\\/cpi-geneva.org\\\/fr\\\/wp-content\\\/uploads\\\/sites\\\/3\\\/2025\\\/12\\\/CPI-Geneva.png\",\"contentUrl\":\"https:\\\/\\\/cpi-geneva.org\\\/fr\\\/wp-content\\\/uploads\\\/sites\\\/3\\\/2025\\\/12\\\/CPI-Geneva.png\",\"width\":740,\"height\":740,\"caption\":\"Cordoba Peace Institute - Gen\u00e8ve CPI\"},\"image\":{\"@id\":\"https:\\\/\\\/cpi-geneva.org\\\/fr\\\/#\\\/schema\\\/logo\\\/image\\\/\"}}]}<\/script>\n<!-- \/ Yoast SEO plugin. -->","yoast_head_json":{"title":"Cours de Formation - Cordoba Peace Institute | Fran\u00e7ais","robots":{"index":"index","follow":"follow","max-snippet":"max-snippet:-1","max-image-preview":"max-image-preview:large","max-video-preview":"max-video-preview:-1"},"canonical":"https:\/\/cpi-geneva.org\/fr\/training-and-development\/","og_locale":"fr_FR","og_type":"article","og_title":"Cours de Formation - Cordoba Peace Institute | Fran\u00e7ais","og_description":"Le CPI offre une formation approfondie et compl\u00e8te en anglais, fran\u00e7ais et arabe avec une m\u00e9thodologie adapt\u00e9e \u00e0 la culture. S\u2019appuyant sur son exp\u00e9rience unique de premi\u00e8re main dans la formation aux activit\u00e9s de transformation des conflits dans les r\u00e9gions d\u2019Afrique du Nord, du Sahel et du Moyen-Orient, il propose des formations sur mesure dans [&hellip;]","og_url":"https:\/\/cpi-geneva.org\/fr\/training-and-development\/","og_site_name":"Cordoba Peace Institute | Fran\u00e7ais","article_modified_time":"2023-05-22T22:51:27+00:00","og_image":[{"width":1920,"height":600,"url":"https:\/\/cpi-geneva.org\/fr\/wp-content\/uploads\/sites\/3\/2023\/05\/cpi_silver.png","type":"image\/png"}],"twitter_card":"summary_large_image","twitter_misc":{"Dur\u00e9e de lecture estim\u00e9e":"1 minute"},"schema":{"@context":"https:\/\/schema.org","@graph":[{"@type":"WebPage","@id":"https:\/\/cpi-geneva.org\/fr\/training-and-development\/","url":"https:\/\/cpi-geneva.org\/fr\/training-and-development\/","name":"Cours de Formation - Cordoba Peace Institute | Fran\u00e7ais","isPartOf":{"@id":"https:\/\/cpi-geneva.org\/fr\/#website"},"primaryImageOfPage":{"@id":"https:\/\/cpi-geneva.org\/fr\/training-and-development\/#primaryimage"},"image":{"@id":"https:\/\/cpi-geneva.org\/fr\/training-and-development\/#primaryimage"},"thumbnailUrl":"https:\/\/cpi-geneva.org\/fr\/wp-content\/uploads\/sites\/3\/2023\/05\/cpi_silver.png","datePublished":"2018-10-08T07:46:23+00:00","dateModified":"2023-05-22T22:51:27+00:00","breadcrumb":{"@id":"https:\/\/cpi-geneva.org\/fr\/training-and-development\/#breadcrumb"},"inLanguage":"fr-FR","potentialAction":[{"@type":"ReadAction","target":["https:\/\/cpi-geneva.org\/fr\/training-and-development\/"]}]},{"@type":"ImageObject","inLanguage":"fr-FR","@id":"https:\/\/cpi-geneva.org\/fr\/training-and-development\/#primaryimage","url":"https:\/\/cpi-geneva.org\/fr\/wp-content\/uploads\/sites\/3\/2023\/05\/cpi_silver.png","contentUrl":"https:\/\/cpi-geneva.org\/fr\/wp-content\/uploads\/sites\/3\/2023\/05\/cpi_silver.png","width":1920,"height":600},{"@type":"BreadcrumbList","@id":"https:\/\/cpi-geneva.org\/fr\/training-and-development\/#breadcrumb","itemListElement":[{"@type":"ListItem","position":1,"name":"Home","item":"https:\/\/cpi-geneva.org\/fr\/"},{"@type":"ListItem","position":2,"name":"Cours de Formation"}]},{"@type":"WebSite","@id":"https:\/\/cpi-geneva.org\/fr\/#website","url":"https:\/\/cpi-geneva.org\/fr\/","name":"Cordoba Peace Institute - Gen\u00e8ve CPI","description":"CPI Gen\u00e8ve | 20 ans aux service de la paix","publisher":{"@id":"https:\/\/cpi-geneva.org\/fr\/#organization"},"potentialAction":[{"@type":"SearchAction","target":{"@type":"EntryPoint","urlTemplate":"https:\/\/cpi-geneva.org\/fr\/?s={search_term_string}"},"query-input":{"@type":"PropertyValueSpecification","valueRequired":true,"valueName":"search_term_string"}}],"inLanguage":"fr-FR"},{"@type":"Organization","@id":"https:\/\/cpi-geneva.org\/fr\/#organization","name":"Cordoba Peace Institute - Gen\u00e8ve CPI","url":"https:\/\/cpi-geneva.org\/fr\/","logo":{"@type":"ImageObject","inLanguage":"fr-FR","@id":"https:\/\/cpi-geneva.org\/fr\/#\/schema\/logo\/image\/","url":"https:\/\/cpi-geneva.org\/fr\/wp-content\/uploads\/sites\/3\/2025\/12\/CPI-Geneva.png","contentUrl":"https:\/\/cpi-geneva.org\/fr\/wp-content\/uploads\/sites\/3\/2025\/12\/CPI-Geneva.png","width":740,"height":740,"caption":"Cordoba Peace Institute - Gen\u00e8ve CPI"},"image":{"@id":"https:\/\/cpi-geneva.org\/fr\/#\/schema\/logo\/image\/"}}]}},"_links":{"self":[{"href":"https:\/\/cpi-geneva.org\/fr\/wp-json\/wp\/v2\/pages\/956","targetHints":{"allow":["GET"]}}],"collection":[{"href":"https:\/\/cpi-geneva.org\/fr\/wp-json\/wp\/v2\/pages"}],"about":[{"href":"https:\/\/cpi-geneva.org\/fr\/wp-json\/wp\/v2\/types\/page"}],"author":[{"embeddable":true,"href":"https:\/\/cpi-geneva.org\/fr\/wp-json\/wp\/v2\/users\/1"}],"replies":[{"embeddable":true,"href":"https:\/\/cpi-geneva.org\/fr\/wp-json\/wp\/v2\/comments?post=956"}],"version-history":[{"count":11,"href":"https:\/\/cpi-geneva.org\/fr\/wp-json\/wp\/v2\/pages\/956\/revisions"}],"predecessor-version":[{"id":5559,"href":"https:\/\/cpi-geneva.org\/fr\/wp-json\/wp\/v2\/pages\/956\/revisions\/5559"}],"wp:featuredmedia":[{"embeddable":true,"href":"https:\/\/cpi-geneva.org\/fr\/wp-json\/wp\/v2\/media\/5536"}],"wp:attachment":[{"href":"https:\/\/cpi-geneva.org\/fr\/wp-json\/wp\/v2\/media?parent=956"}],"curies":[{"name":"wp","href":"https:\/\/api.w.org\/{rel}","templated":true}]}}