{"id":953,"date":"2002-11-01T11:01:00","date_gmt":"2002-11-01T11:01:00","guid":{"rendered":"https:\/\/cpi-geneva.org\/fr\/2002\/11\/01\/notre-background\/"},"modified":"2025-12-20T12:03:16","modified_gmt":"2025-12-20T12:03:16","slug":"notre-background","status":"publish","type":"page","link":"https:\/\/cpi-geneva.org\/fr\/notre-background\/","title":{"rendered":"Notre parcours"},"content":{"rendered":"\n<p>Le Cordoba Peace Institute &#8211; Gen\u00e8ve a \u00e9t\u00e9 lanc\u00e9 en octobre 2002, dans un contexte international difficile, o\u00f9 la mont\u00e9e des extr\u00e9mismes de toutes sortes alimentait la discorde et la haine entre les peuples. Des \u00e9v\u00e9nements majeurs, en particulier apr\u00e8s la trag\u00e9die du 11 septembre 2001 et la \u00ab guerre contre le terrorisme \u00bb qui s&rsquo;en est suivie, ont confort\u00e9 l&rsquo;id\u00e9e que la logique de l&rsquo;affrontement r\u00e9gissait de plus en plus les relations internationales.<\/p>\n\n\n\n<p>Il est donc urgent que les d\u00e9fenseurs de la paix du monde entier agissent de mani\u00e8re r\u00e9fl\u00e9chie et efficace pour pr\u00e9venir les menaces de violence et l&rsquo;aggravation de l&rsquo;exclusion. Ils pourraient le faire en promouvant l&rsquo;esprit de communication authentique, d&rsquo;\u00e9change, de partage g\u00e9n\u00e9reux, de compr\u00e9hension mutuelle, de reconnaissance et de respect entre les cultures et les civilisations du monde.<\/p>\n\n\n\n<p>La cr\u00e9ation de l&rsquo;Institut a \u00e9t\u00e9 l&rsquo;initiative de plusieurs individus pr\u00e9occup\u00e9s par ces dangers et d\u00e9sireux de contribuer \u00e0 promouvoir la coexistence pacifique entre les personnes et les communaut\u00e9s.<\/p>\n\n\n\n<p>Le nom de l&rsquo;Institut rappelle l&rsquo;esprit qui r\u00e9gnait \u00e0 Cordoue au Xe si\u00e8cle, appel\u00e9e la \u00ab\u00a0Capitale de l&rsquo;Esprit\u00a0\u00bb, qui reste un mod\u00e8le presque unique de tol\u00e9rance, de pluralit\u00e9 culturelle et de dialogue entre les civilisations, et de fertilisation crois\u00e9e des id\u00e9es.<\/p>\n\n\n\n<p>Le m\u00e9tissage culturel \u00e0 Cordoue a \u00e9t\u00e9 un terreau fertile pour le progr\u00e8s de la pens\u00e9e, notamment en philosophie, et a donn\u00e9 lieu \u00e0 une formidable floraison artistique, notamment en po\u00e9sie et en musique. Une impressionnante r\u00e9volution scientifique a eu lieu \u00e0 Cordoue ; il couvrait les domaines des math\u00e9matiques, de l&rsquo;astronomie, de la g\u00e9ographie, de la chimie, de l&rsquo;agronomie, de la m\u00e9decine et bien d&rsquo;autres. Cordoue \u00e9tait un creuset de sciences qui consid\u00e9raient l&rsquo;\u00eatre humain comme une fin, ins\u00e9parable de la raison, de la sagesse ou de la foi, et qui questionnait les fins avant de chercher les moyens. L&rsquo;esprit de Cordoue a donn\u00e9 \u00e0 l&rsquo;humanit\u00e9 des g\u00e9ants intellectuels tels qu&rsquo;Ibn Rushd (Averro\u00e8s), Ben Maimon (Ma\u00efmonide), Ibn Arabi et Alphonso le Sage.<\/p>\n\n\n\n<p>Dans la Gen\u00e8ve du XVIe si\u00e8cle, connue sous le nom de \u00ab Cit\u00e9 de l&rsquo;Esprit \u00bb, l&rsquo;ouverture et la tol\u00e9rance envers les diff\u00e9rents peuples ont conduit \u00e0 l&rsquo;\u00e9tablissement d&rsquo;un centre intellectuel de l&rsquo;Europe contemporaine. Au fil des si\u00e8cles, Gen\u00e8ve a gard\u00e9 son accent sur l&rsquo;\u00eatre humain. Rousseau, anthropologue et politologue, s&rsquo;est servi de sa ville natale de Gen\u00e8ve pour proposer un \u00ab Mod\u00e8le de D\u00e9mocratie \u00bb, fond\u00e9 sur les valeurs fondamentales de la nature humaine, de la dignit\u00e9 humaine et du respect du citoyen. Gen\u00e8ve a \u00e9galement \u00e9t\u00e9 un centre pour la poursuite de la paix, renfor\u00e7ant le respect des lois r\u00e9gissant les relations internationales et promouvant la n\u00e9gociation et le dialogue sur l&rsquo;usage de la force. Le travail d&rsquo;acteurs de paix comme Henry Dunant a fait de Gen\u00e8ve une \u00ab maison de l&rsquo;humanitaire \u00bb.<\/p>\n\n\n\n<p>Dans un XXIe si\u00e8cle de plus en plus marqu\u00e9 par la violence, les conflits et les extr\u00e9mismes de toutes sortes, le Cordoba Peace Institute &#8211; Gen\u00e8ve s&rsquo;attache \u00e0 promouvoir la communication, la connaissance de \u00abl&rsquo;autre\u00bb, la reconnaissance mutuelle, l&rsquo;\u00e9change et le partage, dans un climat d&rsquo;authenticit\u00e9 et de sinc\u00e9rit\u00e9. Nous sommes d&rsquo;avis qu&rsquo;aucun effort ne doit \u00eatre \u00e9pargn\u00e9 pour parvenir \u00e0 une soci\u00e9t\u00e9 humaine plus pacifique.<\/p>\n","protected":false},"excerpt":{"rendered":"<p>Le Cordoba Peace Institute &#8211; Gen\u00e8ve a \u00e9t\u00e9 lanc\u00e9 en octobre 2002, dans un contexte international difficile, o\u00f9 la mont\u00e9e des extr\u00e9mismes de toutes sortes alimentait la discorde et la haine entre les peuples. Des \u00e9v\u00e9nements majeurs, en particulier apr\u00e8s la trag\u00e9die du 11 septembre 2001 et la \u00ab guerre contre le terrorisme \u00bb qui [&hellip;]<\/p>\n","protected":false},"author":2,"featured_media":0,"parent":0,"menu_order":1,"comment_status":"closed","ping_status":"open","template":"","meta":{"footnotes":""},"class_list":["post-953","page","type-page","status-publish","hentry"],"yoast_head":"<!-- This site is optimized with the Yoast SEO plugin v27.5 - https:\/\/yoast.com\/product\/yoast-seo-wordpress\/ -->\n<title>Notre parcours - Cordoba Peace Institute | Fran\u00e7ais<\/title>\n<meta name=\"robots\" content=\"index, follow, max-snippet:-1, max-image-preview:large, max-video-preview:-1\" \/>\n<link rel=\"canonical\" href=\"https:\/\/cpi-geneva.org\/fr\/notre-background\/\" \/>\n<meta property=\"og:locale\" content=\"fr_FR\" \/>\n<meta property=\"og:type\" content=\"article\" \/>\n<meta property=\"og:title\" content=\"Notre parcours - Cordoba Peace Institute | Fran\u00e7ais\" \/>\n<meta property=\"og:description\" content=\"Le Cordoba Peace Institute &#8211; Gen\u00e8ve a \u00e9t\u00e9 lanc\u00e9 en octobre 2002, dans un contexte international difficile, o\u00f9 la mont\u00e9e des extr\u00e9mismes de toutes sortes alimentait la discorde et la haine entre les peuples. Des \u00e9v\u00e9nements majeurs, en particulier apr\u00e8s la trag\u00e9die du 11 septembre 2001 et la \u00ab guerre contre le terrorisme \u00bb qui [&hellip;]\" \/>\n<meta property=\"og:url\" content=\"https:\/\/cpi-geneva.org\/fr\/notre-background\/\" \/>\n<meta property=\"og:site_name\" content=\"Cordoba Peace Institute | Fran\u00e7ais\" \/>\n<meta property=\"article:modified_time\" content=\"2025-12-20T12:03:16+00:00\" \/>\n<meta name=\"twitter:card\" content=\"summary_large_image\" \/>\n<meta name=\"twitter:label1\" content=\"Dur\u00e9e de lecture estim\u00e9e\" \/>\n\t<meta name=\"twitter:data1\" content=\"3 minutes\" \/>\n<script type=\"application\/ld+json\" class=\"yoast-schema-graph\">{\"@context\":\"https:\\\/\\\/schema.org\",\"@graph\":[{\"@type\":\"WebPage\",\"@id\":\"https:\\\/\\\/cpi-geneva.org\\\/fr\\\/notre-background\\\/\",\"url\":\"https:\\\/\\\/cpi-geneva.org\\\/fr\\\/notre-background\\\/\",\"name\":\"Notre parcours - Cordoba Peace Institute | Fran\u00e7ais\",\"isPartOf\":{\"@id\":\"https:\\\/\\\/cpi-geneva.org\\\/fr\\\/#website\"},\"datePublished\":\"2002-11-01T11:01:00+00:00\",\"dateModified\":\"2025-12-20T12:03:16+00:00\",\"breadcrumb\":{\"@id\":\"https:\\\/\\\/cpi-geneva.org\\\/fr\\\/notre-background\\\/#breadcrumb\"},\"inLanguage\":\"fr-FR\",\"potentialAction\":[{\"@type\":\"ReadAction\",\"target\":[\"https:\\\/\\\/cpi-geneva.org\\\/fr\\\/notre-background\\\/\"]}]},{\"@type\":\"BreadcrumbList\",\"@id\":\"https:\\\/\\\/cpi-geneva.org\\\/fr\\\/notre-background\\\/#breadcrumb\",\"itemListElement\":[{\"@type\":\"ListItem\",\"position\":1,\"name\":\"Home\",\"item\":\"https:\\\/\\\/cpi-geneva.org\\\/fr\\\/\"},{\"@type\":\"ListItem\",\"position\":2,\"name\":\"Notre parcours\"}]},{\"@type\":\"WebSite\",\"@id\":\"https:\\\/\\\/cpi-geneva.org\\\/fr\\\/#website\",\"url\":\"https:\\\/\\\/cpi-geneva.org\\\/fr\\\/\",\"name\":\"Cordoba Peace Institute - Gen\u00e8ve CPI\",\"description\":\"CPI Gen\u00e8ve | 20 ans aux service de la paix\",\"publisher\":{\"@id\":\"https:\\\/\\\/cpi-geneva.org\\\/fr\\\/#organization\"},\"potentialAction\":[{\"@type\":\"SearchAction\",\"target\":{\"@type\":\"EntryPoint\",\"urlTemplate\":\"https:\\\/\\\/cpi-geneva.org\\\/fr\\\/?s={search_term_string}\"},\"query-input\":{\"@type\":\"PropertyValueSpecification\",\"valueRequired\":true,\"valueName\":\"search_term_string\"}}],\"inLanguage\":\"fr-FR\"},{\"@type\":\"Organization\",\"@id\":\"https:\\\/\\\/cpi-geneva.org\\\/fr\\\/#organization\",\"name\":\"Cordoba Peace Institute - Gen\u00e8ve CPI\",\"url\":\"https:\\\/\\\/cpi-geneva.org\\\/fr\\\/\",\"logo\":{\"@type\":\"ImageObject\",\"inLanguage\":\"fr-FR\",\"@id\":\"https:\\\/\\\/cpi-geneva.org\\\/fr\\\/#\\\/schema\\\/logo\\\/image\\\/\",\"url\":\"https:\\\/\\\/cpi-geneva.org\\\/fr\\\/wp-content\\\/uploads\\\/sites\\\/3\\\/2025\\\/12\\\/CPI-Geneva.png\",\"contentUrl\":\"https:\\\/\\\/cpi-geneva.org\\\/fr\\\/wp-content\\\/uploads\\\/sites\\\/3\\\/2025\\\/12\\\/CPI-Geneva.png\",\"width\":740,\"height\":740,\"caption\":\"Cordoba Peace Institute - Gen\u00e8ve CPI\"},\"image\":{\"@id\":\"https:\\\/\\\/cpi-geneva.org\\\/fr\\\/#\\\/schema\\\/logo\\\/image\\\/\"}}]}<\/script>\n<!-- \/ Yoast SEO plugin. -->","yoast_head_json":{"title":"Notre parcours - Cordoba Peace Institute | Fran\u00e7ais","robots":{"index":"index","follow":"follow","max-snippet":"max-snippet:-1","max-image-preview":"max-image-preview:large","max-video-preview":"max-video-preview:-1"},"canonical":"https:\/\/cpi-geneva.org\/fr\/notre-background\/","og_locale":"fr_FR","og_type":"article","og_title":"Notre parcours - Cordoba Peace Institute | Fran\u00e7ais","og_description":"Le Cordoba Peace Institute &#8211; Gen\u00e8ve a \u00e9t\u00e9 lanc\u00e9 en octobre 2002, dans un contexte international difficile, o\u00f9 la mont\u00e9e des extr\u00e9mismes de toutes sortes alimentait la discorde et la haine entre les peuples. Des \u00e9v\u00e9nements majeurs, en particulier apr\u00e8s la trag\u00e9die du 11 septembre 2001 et la \u00ab guerre contre le terrorisme \u00bb qui [&hellip;]","og_url":"https:\/\/cpi-geneva.org\/fr\/notre-background\/","og_site_name":"Cordoba Peace Institute | Fran\u00e7ais","article_modified_time":"2025-12-20T12:03:16+00:00","twitter_card":"summary_large_image","twitter_misc":{"Dur\u00e9e de lecture estim\u00e9e":"3 minutes"},"schema":{"@context":"https:\/\/schema.org","@graph":[{"@type":"WebPage","@id":"https:\/\/cpi-geneva.org\/fr\/notre-background\/","url":"https:\/\/cpi-geneva.org\/fr\/notre-background\/","name":"Notre parcours - Cordoba Peace Institute | Fran\u00e7ais","isPartOf":{"@id":"https:\/\/cpi-geneva.org\/fr\/#website"},"datePublished":"2002-11-01T11:01:00+00:00","dateModified":"2025-12-20T12:03:16+00:00","breadcrumb":{"@id":"https:\/\/cpi-geneva.org\/fr\/notre-background\/#breadcrumb"},"inLanguage":"fr-FR","potentialAction":[{"@type":"ReadAction","target":["https:\/\/cpi-geneva.org\/fr\/notre-background\/"]}]},{"@type":"BreadcrumbList","@id":"https:\/\/cpi-geneva.org\/fr\/notre-background\/#breadcrumb","itemListElement":[{"@type":"ListItem","position":1,"name":"Home","item":"https:\/\/cpi-geneva.org\/fr\/"},{"@type":"ListItem","position":2,"name":"Notre parcours"}]},{"@type":"WebSite","@id":"https:\/\/cpi-geneva.org\/fr\/#website","url":"https:\/\/cpi-geneva.org\/fr\/","name":"Cordoba Peace Institute - Gen\u00e8ve CPI","description":"CPI Gen\u00e8ve | 20 ans aux service de la paix","publisher":{"@id":"https:\/\/cpi-geneva.org\/fr\/#organization"},"potentialAction":[{"@type":"SearchAction","target":{"@type":"EntryPoint","urlTemplate":"https:\/\/cpi-geneva.org\/fr\/?s={search_term_string}"},"query-input":{"@type":"PropertyValueSpecification","valueRequired":true,"valueName":"search_term_string"}}],"inLanguage":"fr-FR"},{"@type":"Organization","@id":"https:\/\/cpi-geneva.org\/fr\/#organization","name":"Cordoba Peace Institute - Gen\u00e8ve CPI","url":"https:\/\/cpi-geneva.org\/fr\/","logo":{"@type":"ImageObject","inLanguage":"fr-FR","@id":"https:\/\/cpi-geneva.org\/fr\/#\/schema\/logo\/image\/","url":"https:\/\/cpi-geneva.org\/fr\/wp-content\/uploads\/sites\/3\/2025\/12\/CPI-Geneva.png","contentUrl":"https:\/\/cpi-geneva.org\/fr\/wp-content\/uploads\/sites\/3\/2025\/12\/CPI-Geneva.png","width":740,"height":740,"caption":"Cordoba Peace Institute - Gen\u00e8ve CPI"},"image":{"@id":"https:\/\/cpi-geneva.org\/fr\/#\/schema\/logo\/image\/"}}]}},"_links":{"self":[{"href":"https:\/\/cpi-geneva.org\/fr\/wp-json\/wp\/v2\/pages\/953","targetHints":{"allow":["GET"]}}],"collection":[{"href":"https:\/\/cpi-geneva.org\/fr\/wp-json\/wp\/v2\/pages"}],"about":[{"href":"https:\/\/cpi-geneva.org\/fr\/wp-json\/wp\/v2\/types\/page"}],"author":[{"embeddable":true,"href":"https:\/\/cpi-geneva.org\/fr\/wp-json\/wp\/v2\/users\/2"}],"replies":[{"embeddable":true,"href":"https:\/\/cpi-geneva.org\/fr\/wp-json\/wp\/v2\/comments?post=953"}],"version-history":[{"count":3,"href":"https:\/\/cpi-geneva.org\/fr\/wp-json\/wp\/v2\/pages\/953\/revisions"}],"predecessor-version":[{"id":5418,"href":"https:\/\/cpi-geneva.org\/fr\/wp-json\/wp\/v2\/pages\/953\/revisions\/5418"}],"wp:attachment":[{"href":"https:\/\/cpi-geneva.org\/fr\/wp-json\/wp\/v2\/media?parent=953"}],"curies":[{"name":"wp","href":"https:\/\/api.w.org\/{rel}","templated":true}]}}