{"id":952,"date":"2018-08-14T12:09:57","date_gmt":"2018-08-14T11:09:57","guid":{"rendered":"https:\/\/cpi-geneva.org\/fr\/2018\/08\/14\/nous-connaitre\/"},"modified":"2025-12-20T12:02:56","modified_gmt":"2025-12-20T12:02:56","slug":"nous-connaitre","status":"publish","type":"page","link":"https:\/\/cpi-geneva.org\/fr\/nous-connaitre\/","title":{"rendered":"Nous conna\u00eetre"},"content":{"rendered":"\n<p class=\"has-primary-color has-text-color\"><strong>Le Cordoba Peace Institute \u2013 Geneva (CPI)<\/strong><\/p>\n\n\n\n<p>CPI-Geneva est une organisation ind\u00e9pendante \u00e0 but non lucratif qui \u0153uvre dans les domaines de la pr\u00e9vention de la violence et de la promotion de la paix. CPI vise \u00e0 am\u00e9liorer les ressources th\u00e9oriques et pratiques de transformation des conflits et b\u00e9n\u00e9ficie d\u2019une vaste exp\u00e9rience dans les contextes ouest-asiatique et africain. CPI promeut une m\u00e9thodologie adapt\u00e9e et accept\u00e9e par les communaut\u00e9s locales, les parties en conflit et les acteurs de la paix. Depuis 2002, CPI a d\u00e9velopp\u00e9 un acc\u00e8s et des r\u00e9seaux uniques dans les pays o\u00f9 il travaille. La vision de CPI s\u2019inspire de la ville andalouse de Cordoue : centre m\u00e9di\u00e9val de dialogue inter-religieux, et de Gen\u00e8ve : centre moderne de dialogue international et d\u2019\u00e9changes entre les peuples. CPI jouit du Statut Consultatif Sp\u00e9cial aupr\u00e8s des Nations Unies.<\/p>\n\n\n\n<figure class=\"wp-block-embed is-type-video is-provider-youtube wp-block-embed-youtube wp-embed-aspect-16-9 wp-has-aspect-ratio\"><div class=\"wp-block-embed__wrapper\">\n<iframe title=\"Presentation of the Cordoba Foundation of Geneva\" width=\"1140\" height=\"641\" src=\"https:\/\/www.youtube.com\/embed\/mQgwar2dLRc?feature=oembed\" frameborder=\"0\" allow=\"accelerometer; autoplay; clipboard-write; encrypted-media; gyroscope; picture-in-picture; web-share\" allowfullscreen><\/iframe>\n<\/div><\/figure>\n\n\n\n<p class=\"has-primary-color has-text-color\"><strong><a href=\"https:\/\/cpi-geneva.org\/fr\/notre-background\/\">Notre parcours<\/a><\/strong><\/p>\n\n\n\n<p>Le CPI dispose d\u2019une petite&nbsp;<a href=\"https:\/\/cpi-geneva.org\/fr\/geneva-team\/\">\u00e9quipe<\/a>&nbsp;multiculturelle \u00e0 Gen\u00e8ve et sur le terrain, aux profils et exp\u00e9riences vari\u00e9s. Nous sommes guid\u00e9s par nos valeurs fondamentales de non-violence, d\u2019inclusivit\u00e9, d\u2019impartialit\u00e9, d\u2019empathie et d\u2019ind\u00e9pendance.<\/p>\n\n\n\n<p class=\"has-primary-color has-text-color\"><strong><a href=\"https:\/\/cpi-geneva.org\/fr\/notre-charte-cpi-geneva\/\">Notre Charte<\/a><\/strong><\/p>\n\n\n\n<p>En collaboration avec un vaste bassin de consultants et de chercheurs talentueux dans toutes les r\u00e9gions o\u00f9 nous travaillons, le CPI travaille actuellement dans les th\u00e8mes suivants li\u00e9s \u00e0 la promotion de la paix et \u00e0 la pr\u00e9vention de la violence&nbsp;:<\/p>\n\n\n\n<ul class=\"wp-block-list\">\n<li>Aborder les tensions id\u00e9ologiques en <a href=\"https:\/\/cpi-geneva.org\/fr\/transformation-des-conflits-politico-religieux-decodage-recodage-des-positions-et-des-buts-1\/\">Afrique du Nord<\/a>;<\/li>\n\n\n\n<li>Aborder les tensions islamiques intra-religieuses au <a href=\"https:\/\/cpi-geneva.org\/fr\/transforming-conflicts-with-religious-dimensions-methodologies-and-practical-experiences\/\">Moyen-Orient<\/a>;<\/li>\n\n\n\n<li>Encourager une interaction pacifique entre les communaut\u00e9s du <a href=\"https:\/\/cpi-geneva.org\/fr\/category\/activities\/ongoing-programmes\/sahel\/\">Sahel<\/a>;<\/li>\n\n\n\n<li><a href=\"https:\/\/cpi-geneva.org\/fr\/mediating-tensions-over-islam-in-denmark-holland-and-switzerland-2\/\">Pr\u00e9vention de la violence et de l\u2019extr\u00e9misme<\/a> dans la r\u00e9gion MENA et au Sahel;<\/li>\n\n\n\n<li>Transformer les conflits dans le domaine <a href=\"https:\/\/cpi-geneva.org\/fr\/danish-faces-of-mohammed-cartoons-crisis-mediating-between-two-worlds\/\">humanitaire<\/a>;<\/li>\n\n\n\n<li>Promouvoir la coh\u00e9sion sociale, la coexistence pacifique et l\u2019interaction positive en <a href=\"https:\/\/cpi-geneva.org\/fr\/the-meaning-of-work-in-the-islamic-tradition-1\/\">Europe<\/a>;<\/li>\n\n\n\n<li>Renforcer les capacit\u00e9s des travailleurs des m\u00e9dias dans la promotion de la paix par le journalisme;<\/li>\n\n\n\n<li>Promouvoir un changement non violent et une bonne gouvernance.<\/li>\n<\/ul>\n","protected":false},"excerpt":{"rendered":"<p>Le Cordoba Peace Institute \u2013 Geneva (CPI) CPI-Geneva est une organisation ind\u00e9pendante \u00e0 but non lucratif qui \u0153uvre dans les domaines de la pr\u00e9vention de la violence et de la promotion de la paix. CPI vise \u00e0 am\u00e9liorer les ressources th\u00e9oriques et pratiques de transformation des conflits et b\u00e9n\u00e9ficie d\u2019une vaste exp\u00e9rience dans les contextes [&hellip;]<\/p>\n","protected":false},"author":1,"featured_media":0,"parent":0,"menu_order":3,"comment_status":"closed","ping_status":"open","template":"","meta":{"footnotes":""},"class_list":["post-952","page","type-page","status-publish","hentry"],"yoast_head":"<!-- This site is optimized with the Yoast SEO plugin v27.4 - https:\/\/yoast.com\/product\/yoast-seo-wordpress\/ -->\n<title>Nous conna\u00eetre - Cordoba Peace Institute | Fran\u00e7ais<\/title>\n<meta name=\"robots\" content=\"index, follow, max-snippet:-1, max-image-preview:large, max-video-preview:-1\" \/>\n<link rel=\"canonical\" href=\"https:\/\/cpi-geneva.org\/fr\/nous-connaitre\/\" \/>\n<meta property=\"og:locale\" content=\"fr_FR\" \/>\n<meta property=\"og:type\" content=\"article\" \/>\n<meta property=\"og:title\" content=\"Nous conna\u00eetre - Cordoba Peace Institute | Fran\u00e7ais\" \/>\n<meta property=\"og:description\" content=\"Le Cordoba Peace Institute \u2013 Geneva (CPI) CPI-Geneva est une organisation ind\u00e9pendante \u00e0 but non lucratif qui \u0153uvre dans les domaines de la pr\u00e9vention de la violence et de la promotion de la paix. CPI vise \u00e0 am\u00e9liorer les ressources th\u00e9oriques et pratiques de transformation des conflits et b\u00e9n\u00e9ficie d\u2019une vaste exp\u00e9rience dans les contextes [&hellip;]\" \/>\n<meta property=\"og:url\" content=\"https:\/\/cpi-geneva.org\/fr\/nous-connaitre\/\" \/>\n<meta property=\"og:site_name\" content=\"Cordoba Peace Institute | Fran\u00e7ais\" \/>\n<meta property=\"article:modified_time\" content=\"2025-12-20T12:02:56+00:00\" \/>\n<meta name=\"twitter:card\" content=\"summary_large_image\" \/>\n<meta name=\"twitter:label1\" content=\"Dur\u00e9e de lecture estim\u00e9e\" \/>\n\t<meta name=\"twitter:data1\" content=\"2 minutes\" \/>\n<script type=\"application\/ld+json\" class=\"yoast-schema-graph\">{\"@context\":\"https:\\\/\\\/schema.org\",\"@graph\":[{\"@type\":\"WebPage\",\"@id\":\"https:\\\/\\\/cpi-geneva.org\\\/fr\\\/nous-connaitre\\\/\",\"url\":\"https:\\\/\\\/cpi-geneva.org\\\/fr\\\/nous-connaitre\\\/\",\"name\":\"Nous conna\u00eetre - Cordoba Peace Institute | Fran\u00e7ais\",\"isPartOf\":{\"@id\":\"https:\\\/\\\/cpi-geneva.org\\\/fr\\\/#website\"},\"datePublished\":\"2018-08-14T11:09:57+00:00\",\"dateModified\":\"2025-12-20T12:02:56+00:00\",\"breadcrumb\":{\"@id\":\"https:\\\/\\\/cpi-geneva.org\\\/fr\\\/nous-connaitre\\\/#breadcrumb\"},\"inLanguage\":\"fr-FR\",\"potentialAction\":[{\"@type\":\"ReadAction\",\"target\":[\"https:\\\/\\\/cpi-geneva.org\\\/fr\\\/nous-connaitre\\\/\"]}]},{\"@type\":\"BreadcrumbList\",\"@id\":\"https:\\\/\\\/cpi-geneva.org\\\/fr\\\/nous-connaitre\\\/#breadcrumb\",\"itemListElement\":[{\"@type\":\"ListItem\",\"position\":1,\"name\":\"Home\",\"item\":\"https:\\\/\\\/cpi-geneva.org\\\/fr\\\/\"},{\"@type\":\"ListItem\",\"position\":2,\"name\":\"Nous conna\u00eetre\"}]},{\"@type\":\"WebSite\",\"@id\":\"https:\\\/\\\/cpi-geneva.org\\\/fr\\\/#website\",\"url\":\"https:\\\/\\\/cpi-geneva.org\\\/fr\\\/\",\"name\":\"Cordoba Peace Institute - Gen\u00e8ve CPI\",\"description\":\"CPI Gen\u00e8ve | 20 ans aux service de la paix\",\"publisher\":{\"@id\":\"https:\\\/\\\/cpi-geneva.org\\\/fr\\\/#organization\"},\"potentialAction\":[{\"@type\":\"SearchAction\",\"target\":{\"@type\":\"EntryPoint\",\"urlTemplate\":\"https:\\\/\\\/cpi-geneva.org\\\/fr\\\/?s={search_term_string}\"},\"query-input\":{\"@type\":\"PropertyValueSpecification\",\"valueRequired\":true,\"valueName\":\"search_term_string\"}}],\"inLanguage\":\"fr-FR\"},{\"@type\":\"Organization\",\"@id\":\"https:\\\/\\\/cpi-geneva.org\\\/fr\\\/#organization\",\"name\":\"Cordoba Peace Institute - Gen\u00e8ve CPI\",\"url\":\"https:\\\/\\\/cpi-geneva.org\\\/fr\\\/\",\"logo\":{\"@type\":\"ImageObject\",\"inLanguage\":\"fr-FR\",\"@id\":\"https:\\\/\\\/cpi-geneva.org\\\/fr\\\/#\\\/schema\\\/logo\\\/image\\\/\",\"url\":\"https:\\\/\\\/cpi-geneva.org\\\/fr\\\/wp-content\\\/uploads\\\/sites\\\/3\\\/2025\\\/12\\\/CPI-Geneva.png\",\"contentUrl\":\"https:\\\/\\\/cpi-geneva.org\\\/fr\\\/wp-content\\\/uploads\\\/sites\\\/3\\\/2025\\\/12\\\/CPI-Geneva.png\",\"width\":740,\"height\":740,\"caption\":\"Cordoba Peace Institute - Gen\u00e8ve CPI\"},\"image\":{\"@id\":\"https:\\\/\\\/cpi-geneva.org\\\/fr\\\/#\\\/schema\\\/logo\\\/image\\\/\"}}]}<\/script>\n<!-- \/ Yoast SEO plugin. -->","yoast_head_json":{"title":"Nous conna\u00eetre - Cordoba Peace Institute | Fran\u00e7ais","robots":{"index":"index","follow":"follow","max-snippet":"max-snippet:-1","max-image-preview":"max-image-preview:large","max-video-preview":"max-video-preview:-1"},"canonical":"https:\/\/cpi-geneva.org\/fr\/nous-connaitre\/","og_locale":"fr_FR","og_type":"article","og_title":"Nous conna\u00eetre - Cordoba Peace Institute | Fran\u00e7ais","og_description":"Le Cordoba Peace Institute \u2013 Geneva (CPI) CPI-Geneva est une organisation ind\u00e9pendante \u00e0 but non lucratif qui \u0153uvre dans les domaines de la pr\u00e9vention de la violence et de la promotion de la paix. CPI vise \u00e0 am\u00e9liorer les ressources th\u00e9oriques et pratiques de transformation des conflits et b\u00e9n\u00e9ficie d\u2019une vaste exp\u00e9rience dans les contextes [&hellip;]","og_url":"https:\/\/cpi-geneva.org\/fr\/nous-connaitre\/","og_site_name":"Cordoba Peace Institute | Fran\u00e7ais","article_modified_time":"2025-12-20T12:02:56+00:00","twitter_card":"summary_large_image","twitter_misc":{"Dur\u00e9e de lecture estim\u00e9e":"2 minutes"},"schema":{"@context":"https:\/\/schema.org","@graph":[{"@type":"WebPage","@id":"https:\/\/cpi-geneva.org\/fr\/nous-connaitre\/","url":"https:\/\/cpi-geneva.org\/fr\/nous-connaitre\/","name":"Nous conna\u00eetre - Cordoba Peace Institute | Fran\u00e7ais","isPartOf":{"@id":"https:\/\/cpi-geneva.org\/fr\/#website"},"datePublished":"2018-08-14T11:09:57+00:00","dateModified":"2025-12-20T12:02:56+00:00","breadcrumb":{"@id":"https:\/\/cpi-geneva.org\/fr\/nous-connaitre\/#breadcrumb"},"inLanguage":"fr-FR","potentialAction":[{"@type":"ReadAction","target":["https:\/\/cpi-geneva.org\/fr\/nous-connaitre\/"]}]},{"@type":"BreadcrumbList","@id":"https:\/\/cpi-geneva.org\/fr\/nous-connaitre\/#breadcrumb","itemListElement":[{"@type":"ListItem","position":1,"name":"Home","item":"https:\/\/cpi-geneva.org\/fr\/"},{"@type":"ListItem","position":2,"name":"Nous conna\u00eetre"}]},{"@type":"WebSite","@id":"https:\/\/cpi-geneva.org\/fr\/#website","url":"https:\/\/cpi-geneva.org\/fr\/","name":"Cordoba Peace Institute - Gen\u00e8ve CPI","description":"CPI Gen\u00e8ve | 20 ans aux service de la paix","publisher":{"@id":"https:\/\/cpi-geneva.org\/fr\/#organization"},"potentialAction":[{"@type":"SearchAction","target":{"@type":"EntryPoint","urlTemplate":"https:\/\/cpi-geneva.org\/fr\/?s={search_term_string}"},"query-input":{"@type":"PropertyValueSpecification","valueRequired":true,"valueName":"search_term_string"}}],"inLanguage":"fr-FR"},{"@type":"Organization","@id":"https:\/\/cpi-geneva.org\/fr\/#organization","name":"Cordoba Peace Institute - Gen\u00e8ve CPI","url":"https:\/\/cpi-geneva.org\/fr\/","logo":{"@type":"ImageObject","inLanguage":"fr-FR","@id":"https:\/\/cpi-geneva.org\/fr\/#\/schema\/logo\/image\/","url":"https:\/\/cpi-geneva.org\/fr\/wp-content\/uploads\/sites\/3\/2025\/12\/CPI-Geneva.png","contentUrl":"https:\/\/cpi-geneva.org\/fr\/wp-content\/uploads\/sites\/3\/2025\/12\/CPI-Geneva.png","width":740,"height":740,"caption":"Cordoba Peace Institute - Gen\u00e8ve CPI"},"image":{"@id":"https:\/\/cpi-geneva.org\/fr\/#\/schema\/logo\/image\/"}}]}},"_links":{"self":[{"href":"https:\/\/cpi-geneva.org\/fr\/wp-json\/wp\/v2\/pages\/952","targetHints":{"allow":["GET"]}}],"collection":[{"href":"https:\/\/cpi-geneva.org\/fr\/wp-json\/wp\/v2\/pages"}],"about":[{"href":"https:\/\/cpi-geneva.org\/fr\/wp-json\/wp\/v2\/types\/page"}],"author":[{"embeddable":true,"href":"https:\/\/cpi-geneva.org\/fr\/wp-json\/wp\/v2\/users\/1"}],"replies":[{"embeddable":true,"href":"https:\/\/cpi-geneva.org\/fr\/wp-json\/wp\/v2\/comments?post=952"}],"version-history":[{"count":16,"href":"https:\/\/cpi-geneva.org\/fr\/wp-json\/wp\/v2\/pages\/952\/revisions"}],"predecessor-version":[{"id":5606,"href":"https:\/\/cpi-geneva.org\/fr\/wp-json\/wp\/v2\/pages\/952\/revisions\/5606"}],"wp:attachment":[{"href":"https:\/\/cpi-geneva.org\/fr\/wp-json\/wp\/v2\/media?parent=952"}],"curies":[{"name":"wp","href":"https:\/\/api.w.org\/{rel}","templated":true}]}}