{"id":951,"date":"2018-09-11T11:17:14","date_gmt":"2018-09-11T10:17:14","guid":{"rendered":"https:\/\/cpi-geneva.org\/fr\/2018\/09\/11\/notre-methodologie\/"},"modified":"2025-12-20T12:03:41","modified_gmt":"2025-12-20T12:03:41","slug":"notre-methodologie","status":"publish","type":"page","link":"https:\/\/cpi-geneva.org\/fr\/notre-methodologie\/","title":{"rendered":"Notre m\u00e9thodologie"},"content":{"rendered":"\n<p class=\"has-primary-color has-text-color\"><strong>Transformation des conflits<\/strong><\/p>\n\n\n\n<p>Nous nous effor\u00e7ons de transformer les relations entre les parties au conflit, de minimiser le recours \u00e0 la violence. Nous les encourageons \u00e0 traiter les causes directes, structurelles et culturelles des conflits.<\/p>\n\n\n\n<p class=\"has-primary-color has-text-color\"><strong>Connaissances collectives partag\u00e9es<\/strong><\/p>\n\n\n\n<p>Dans nos rapports et papiers, nous veillons \u00e0 ce que les analyses, conclusions et recommandations \u00e9mises soient partag\u00e9es par un panel diversifi\u00e9 d\u2019acteurs d\u2019horizons diff\u00e9rents.<\/p>\n\n\n\n<p class=\"has-primary-color has-text-color\"><strong>Renforcement de capacit\u00e9s<\/strong><\/p>\n\n\n\n<p>Nous responsabilisons les parties aux conflits et renfor\u00e7ons leur capacit\u00e9 \u00e0 analyser les conflits et \u00e0 ma\u00eetriser les approches non violentes pour les g\u00e9rer.<\/p>\n\n\n\n<p class=\"has-primary-color has-text-color\"><strong>Espace de m\u00e9diation s\u00e9curis\u00e9<\/strong><\/p>\n\n\n\n<p>Nous fournissons des espaces de m\u00e9diation s\u00fbrs pour permettre aux parties en conflit d\u2019interagir directement avec \u00ab l\u2019autre \u00bb dans une atmosph\u00e8re prot\u00e9g\u00e9e et respectueuse. Notre r\u00f4le de facilitateur dans un processus de m\u00e9diation comprend l\u2019identification des principaux probl\u00e8mes \u00e0 r\u00e9soudre, l\u2019organisation de r\u00e9unions en face \u00e0 face et le maintien d\u2019un canal de communication entre les parties.<\/p>\n\n\n\n<p class=\"has-primary-color has-text-color\"><strong>Diapraxis<\/strong><\/p>\n\n\n\n<p>Nous utilisons le dialogue comme un moyen d\u2019arriver \u00e0 des solutions pratiques aux probl\u00e8mes, qui peuvent \u00eatre mises en \u0153uvre conjointement par les parties au conflit (c\u2019est ce qu\u2019on appelle la \u00ab diapraxis \u00bb). Notre exp\u00e9rience montre que le d\u00e9veloppement d\u2019actions partag\u00e9es de mani\u00e8re inclusive va plus loin dans l\u2019\u00e9tablissement de la confiance entre divers acteurs.<\/p>\n\n\n\n<p class=\"has-primary-color has-text-color\"><strong>Analyse des conflits<\/strong><\/p>\n\n\n\n<p>Nous entreprenons des recherches documentaires et sur le terrain approfondies et approfondies dans les premi\u00e8res \u00e9tapes d\u2019un projet, et un suivi constant tout au long de nos activit\u00e9s. Ces recherches nous aident \u00e0 d\u00e9velopper des connaissances et des r\u00e9seaux qui assurent la cr\u00e9dibilit\u00e9 et l\u2019acceptabilit\u00e9 de nos processus et projets.<\/p>\n\n\n\n<p class=\"has-primary-color has-text-color\"><strong>Construire de la confiance<\/strong><\/p>\n\n\n\n<p>Notre exp\u00e9rience a montr\u00e9 l\u2019importance d\u2019instaurer la confiance avec toutes les parties ; en particulier avec des acteurs \u00ab&nbsp;cr\u00e9dibles&nbsp;\u00bb. Le succ\u00e8s de notre travail d\u00e9pend d\u2019une atmosph\u00e8re de confiance commune et d\u2019objectifs partag\u00e9s. Nous prenons le temps de nous assurer que nos interlocuteurs sont convaincus de la sinc\u00e9rit\u00e9 de nos intentions dans chaque projet.<\/p>\n","protected":false},"excerpt":{"rendered":"<p>Transformation des conflits Nous nous effor\u00e7ons de transformer les relations entre les parties au conflit, de minimiser le recours \u00e0 la violence. Nous les encourageons \u00e0 traiter les causes directes, structurelles et culturelles des conflits. Connaissances collectives partag\u00e9es Dans nos rapports et papiers, nous veillons \u00e0 ce que les analyses, conclusions et recommandations \u00e9mises soient [&hellip;]<\/p>\n","protected":false},"author":1,"featured_media":0,"parent":0,"menu_order":0,"comment_status":"closed","ping_status":"open","template":"","meta":{"footnotes":""},"class_list":["post-951","page","type-page","status-publish","hentry"],"yoast_head":"<!-- This site is optimized with the Yoast SEO plugin v27.4 - https:\/\/yoast.com\/product\/yoast-seo-wordpress\/ -->\n<title>Notre m\u00e9thodologie - Cordoba Peace Institute | Fran\u00e7ais<\/title>\n<meta name=\"robots\" content=\"index, follow, max-snippet:-1, max-image-preview:large, max-video-preview:-1\" \/>\n<link rel=\"canonical\" href=\"https:\/\/cpi-geneva.org\/fr\/notre-methodologie\/\" \/>\n<meta property=\"og:locale\" content=\"fr_FR\" \/>\n<meta property=\"og:type\" content=\"article\" \/>\n<meta property=\"og:title\" content=\"Notre m\u00e9thodologie - Cordoba Peace Institute | Fran\u00e7ais\" \/>\n<meta property=\"og:description\" content=\"Transformation des conflits Nous nous effor\u00e7ons de transformer les relations entre les parties au conflit, de minimiser le recours \u00e0 la violence. Nous les encourageons \u00e0 traiter les causes directes, structurelles et culturelles des conflits. Connaissances collectives partag\u00e9es Dans nos rapports et papiers, nous veillons \u00e0 ce que les analyses, conclusions et recommandations \u00e9mises soient [&hellip;]\" \/>\n<meta property=\"og:url\" content=\"https:\/\/cpi-geneva.org\/fr\/notre-methodologie\/\" \/>\n<meta property=\"og:site_name\" content=\"Cordoba Peace Institute | Fran\u00e7ais\" \/>\n<meta property=\"article:modified_time\" content=\"2025-12-20T12:03:41+00:00\" \/>\n<meta name=\"twitter:card\" content=\"summary_large_image\" \/>\n<meta name=\"twitter:label1\" content=\"Dur\u00e9e de lecture estim\u00e9e\" \/>\n\t<meta name=\"twitter:data1\" content=\"2 minutes\" \/>\n<script type=\"application\/ld+json\" class=\"yoast-schema-graph\">{\"@context\":\"https:\\\/\\\/schema.org\",\"@graph\":[{\"@type\":\"WebPage\",\"@id\":\"https:\\\/\\\/cpi-geneva.org\\\/fr\\\/notre-methodologie\\\/\",\"url\":\"https:\\\/\\\/cpi-geneva.org\\\/fr\\\/notre-methodologie\\\/\",\"name\":\"Notre m\u00e9thodologie - Cordoba Peace Institute | Fran\u00e7ais\",\"isPartOf\":{\"@id\":\"https:\\\/\\\/cpi-geneva.org\\\/fr\\\/#website\"},\"datePublished\":\"2018-09-11T10:17:14+00:00\",\"dateModified\":\"2025-12-20T12:03:41+00:00\",\"breadcrumb\":{\"@id\":\"https:\\\/\\\/cpi-geneva.org\\\/fr\\\/notre-methodologie\\\/#breadcrumb\"},\"inLanguage\":\"fr-FR\",\"potentialAction\":[{\"@type\":\"ReadAction\",\"target\":[\"https:\\\/\\\/cpi-geneva.org\\\/fr\\\/notre-methodologie\\\/\"]}]},{\"@type\":\"BreadcrumbList\",\"@id\":\"https:\\\/\\\/cpi-geneva.org\\\/fr\\\/notre-methodologie\\\/#breadcrumb\",\"itemListElement\":[{\"@type\":\"ListItem\",\"position\":1,\"name\":\"Home\",\"item\":\"https:\\\/\\\/cpi-geneva.org\\\/fr\\\/\"},{\"@type\":\"ListItem\",\"position\":2,\"name\":\"Notre m\u00e9thodologie\"}]},{\"@type\":\"WebSite\",\"@id\":\"https:\\\/\\\/cpi-geneva.org\\\/fr\\\/#website\",\"url\":\"https:\\\/\\\/cpi-geneva.org\\\/fr\\\/\",\"name\":\"Cordoba Peace Institute - Gen\u00e8ve CPI\",\"description\":\"CPI Gen\u00e8ve | 20 ans aux service de la paix\",\"publisher\":{\"@id\":\"https:\\\/\\\/cpi-geneva.org\\\/fr\\\/#organization\"},\"potentialAction\":[{\"@type\":\"SearchAction\",\"target\":{\"@type\":\"EntryPoint\",\"urlTemplate\":\"https:\\\/\\\/cpi-geneva.org\\\/fr\\\/?s={search_term_string}\"},\"query-input\":{\"@type\":\"PropertyValueSpecification\",\"valueRequired\":true,\"valueName\":\"search_term_string\"}}],\"inLanguage\":\"fr-FR\"},{\"@type\":\"Organization\",\"@id\":\"https:\\\/\\\/cpi-geneva.org\\\/fr\\\/#organization\",\"name\":\"Cordoba Peace Institute - Gen\u00e8ve CPI\",\"url\":\"https:\\\/\\\/cpi-geneva.org\\\/fr\\\/\",\"logo\":{\"@type\":\"ImageObject\",\"inLanguage\":\"fr-FR\",\"@id\":\"https:\\\/\\\/cpi-geneva.org\\\/fr\\\/#\\\/schema\\\/logo\\\/image\\\/\",\"url\":\"https:\\\/\\\/cpi-geneva.org\\\/fr\\\/wp-content\\\/uploads\\\/sites\\\/3\\\/2025\\\/12\\\/CPI-Geneva.png\",\"contentUrl\":\"https:\\\/\\\/cpi-geneva.org\\\/fr\\\/wp-content\\\/uploads\\\/sites\\\/3\\\/2025\\\/12\\\/CPI-Geneva.png\",\"width\":740,\"height\":740,\"caption\":\"Cordoba Peace Institute - Gen\u00e8ve CPI\"},\"image\":{\"@id\":\"https:\\\/\\\/cpi-geneva.org\\\/fr\\\/#\\\/schema\\\/logo\\\/image\\\/\"}}]}<\/script>\n<!-- \/ Yoast SEO plugin. -->","yoast_head_json":{"title":"Notre m\u00e9thodologie - Cordoba Peace Institute | Fran\u00e7ais","robots":{"index":"index","follow":"follow","max-snippet":"max-snippet:-1","max-image-preview":"max-image-preview:large","max-video-preview":"max-video-preview:-1"},"canonical":"https:\/\/cpi-geneva.org\/fr\/notre-methodologie\/","og_locale":"fr_FR","og_type":"article","og_title":"Notre m\u00e9thodologie - Cordoba Peace Institute | Fran\u00e7ais","og_description":"Transformation des conflits Nous nous effor\u00e7ons de transformer les relations entre les parties au conflit, de minimiser le recours \u00e0 la violence. Nous les encourageons \u00e0 traiter les causes directes, structurelles et culturelles des conflits. Connaissances collectives partag\u00e9es Dans nos rapports et papiers, nous veillons \u00e0 ce que les analyses, conclusions et recommandations \u00e9mises soient [&hellip;]","og_url":"https:\/\/cpi-geneva.org\/fr\/notre-methodologie\/","og_site_name":"Cordoba Peace Institute | Fran\u00e7ais","article_modified_time":"2025-12-20T12:03:41+00:00","twitter_card":"summary_large_image","twitter_misc":{"Dur\u00e9e de lecture estim\u00e9e":"2 minutes"},"schema":{"@context":"https:\/\/schema.org","@graph":[{"@type":"WebPage","@id":"https:\/\/cpi-geneva.org\/fr\/notre-methodologie\/","url":"https:\/\/cpi-geneva.org\/fr\/notre-methodologie\/","name":"Notre m\u00e9thodologie - Cordoba Peace Institute | Fran\u00e7ais","isPartOf":{"@id":"https:\/\/cpi-geneva.org\/fr\/#website"},"datePublished":"2018-09-11T10:17:14+00:00","dateModified":"2025-12-20T12:03:41+00:00","breadcrumb":{"@id":"https:\/\/cpi-geneva.org\/fr\/notre-methodologie\/#breadcrumb"},"inLanguage":"fr-FR","potentialAction":[{"@type":"ReadAction","target":["https:\/\/cpi-geneva.org\/fr\/notre-methodologie\/"]}]},{"@type":"BreadcrumbList","@id":"https:\/\/cpi-geneva.org\/fr\/notre-methodologie\/#breadcrumb","itemListElement":[{"@type":"ListItem","position":1,"name":"Home","item":"https:\/\/cpi-geneva.org\/fr\/"},{"@type":"ListItem","position":2,"name":"Notre m\u00e9thodologie"}]},{"@type":"WebSite","@id":"https:\/\/cpi-geneva.org\/fr\/#website","url":"https:\/\/cpi-geneva.org\/fr\/","name":"Cordoba Peace Institute - Gen\u00e8ve CPI","description":"CPI Gen\u00e8ve | 20 ans aux service de la paix","publisher":{"@id":"https:\/\/cpi-geneva.org\/fr\/#organization"},"potentialAction":[{"@type":"SearchAction","target":{"@type":"EntryPoint","urlTemplate":"https:\/\/cpi-geneva.org\/fr\/?s={search_term_string}"},"query-input":{"@type":"PropertyValueSpecification","valueRequired":true,"valueName":"search_term_string"}}],"inLanguage":"fr-FR"},{"@type":"Organization","@id":"https:\/\/cpi-geneva.org\/fr\/#organization","name":"Cordoba Peace Institute - Gen\u00e8ve CPI","url":"https:\/\/cpi-geneva.org\/fr\/","logo":{"@type":"ImageObject","inLanguage":"fr-FR","@id":"https:\/\/cpi-geneva.org\/fr\/#\/schema\/logo\/image\/","url":"https:\/\/cpi-geneva.org\/fr\/wp-content\/uploads\/sites\/3\/2025\/12\/CPI-Geneva.png","contentUrl":"https:\/\/cpi-geneva.org\/fr\/wp-content\/uploads\/sites\/3\/2025\/12\/CPI-Geneva.png","width":740,"height":740,"caption":"Cordoba Peace Institute - Gen\u00e8ve CPI"},"image":{"@id":"https:\/\/cpi-geneva.org\/fr\/#\/schema\/logo\/image\/"}}]}},"_links":{"self":[{"href":"https:\/\/cpi-geneva.org\/fr\/wp-json\/wp\/v2\/pages\/951","targetHints":{"allow":["GET"]}}],"collection":[{"href":"https:\/\/cpi-geneva.org\/fr\/wp-json\/wp\/v2\/pages"}],"about":[{"href":"https:\/\/cpi-geneva.org\/fr\/wp-json\/wp\/v2\/types\/page"}],"author":[{"embeddable":true,"href":"https:\/\/cpi-geneva.org\/fr\/wp-json\/wp\/v2\/users\/1"}],"replies":[{"embeddable":true,"href":"https:\/\/cpi-geneva.org\/fr\/wp-json\/wp\/v2\/comments?post=951"}],"version-history":[{"count":12,"href":"https:\/\/cpi-geneva.org\/fr\/wp-json\/wp\/v2\/pages\/951\/revisions"}],"predecessor-version":[{"id":5600,"href":"https:\/\/cpi-geneva.org\/fr\/wp-json\/wp\/v2\/pages\/951\/revisions\/5600"}],"wp:attachment":[{"href":"https:\/\/cpi-geneva.org\/fr\/wp-json\/wp\/v2\/media?parent=951"}],"curies":[{"name":"wp","href":"https:\/\/api.w.org\/{rel}","templated":true}]}}