{"id":74,"date":"2016-07-13T18:56:33","date_gmt":"2016-07-13T17:56:33","guid":{"rendered":"https:\/\/cpi-geneva.org\/fr\/2016\/07\/13\/donor-guidelines\/"},"modified":"2023-07-26T12:05:23","modified_gmt":"2023-07-26T11:05:23","slug":"donor-guidelines","status":"publish","type":"page","link":"https:\/\/cpi-geneva.org\/fr\/donor-guidelines\/","title":{"rendered":"Lignes directrices pour les donateurs"},"content":{"rendered":"\n<p>Les sources de financement de la Cordoba Foundation de Gen\u00e8ve sont les revenus de ses activit\u00e9s de formation, les dons priv\u00e9s, les contributions des institutions et organismes publics et les legs.<\/p>\n\n\n\n<p>La Fondation v\u00e9rifie que les donateurs respectent les exigences l\u00e9gales et d\u00e9ontologiques, en particulier pour les dons d&rsquo;institutions priv\u00e9es et publiques. Aucun financement n&rsquo;est accept\u00e9 s&rsquo;il n&rsquo;est pas compatible avec les valeurs fondamentales et les principes directeurs de la Fondation.<\/p>\n\n\n\n<p>Nous refusons tout financement des parties au conflit pour la m\u00e9diation ou la facilitation, mais acceptons le financement de la formation de ces parties le cas \u00e9ch\u00e9ant.<\/p>\n\n\n\n<p>Pour plus d&rsquo;informations sur les valeurs et les lignes directrices de la Fondation, veuillez consulter <a href=\"https:\/\/cpi-geneva.org\/fr\/notre-charte-cpi-geneva\/\">la Charte de la Fondation Cordoba de Gen\u00e8ve.<\/a><\/p>\n","protected":false},"excerpt":{"rendered":"<p>Les sources de financement de la Cordoba Foundation de Gen\u00e8ve sont les revenus de ses activit\u00e9s de formation, les dons priv\u00e9s, les contributions des institutions et organismes publics et les legs. La Fondation v\u00e9rifie que les donateurs respectent les exigences l\u00e9gales et d\u00e9ontologiques, en particulier pour les dons d&rsquo;institutions priv\u00e9es et publiques. Aucun financement n&rsquo;est [&hellip;]<\/p>\n","protected":false},"author":2,"featured_media":0,"parent":0,"menu_order":3,"comment_status":"closed","ping_status":"open","template":"","meta":{"footnotes":""},"class_list":["post-74","page","type-page","status-publish","hentry"],"yoast_head":"<!-- This site is optimized with the Yoast SEO plugin v27.6 - https:\/\/yoast.com\/product\/yoast-seo-wordpress\/ -->\n<title>Lignes directrices pour les donateurs - Cordoba Peace Institute | Fran\u00e7ais<\/title>\n<meta name=\"robots\" content=\"index, follow, max-snippet:-1, max-image-preview:large, max-video-preview:-1\" \/>\n<link rel=\"canonical\" href=\"https:\/\/cpi-geneva.org\/fr\/donor-guidelines\/\" \/>\n<meta property=\"og:locale\" content=\"fr_FR\" \/>\n<meta property=\"og:type\" content=\"article\" \/>\n<meta property=\"og:title\" content=\"Lignes directrices pour les donateurs - Cordoba Peace Institute | Fran\u00e7ais\" \/>\n<meta property=\"og:description\" content=\"Les sources de financement de la Cordoba Foundation de Gen\u00e8ve sont les revenus de ses activit\u00e9s de formation, les dons priv\u00e9s, les contributions des institutions et organismes publics et les legs. La Fondation v\u00e9rifie que les donateurs respectent les exigences l\u00e9gales et d\u00e9ontologiques, en particulier pour les dons d&rsquo;institutions priv\u00e9es et publiques. Aucun financement n&rsquo;est [&hellip;]\" \/>\n<meta property=\"og:url\" content=\"https:\/\/cpi-geneva.org\/fr\/donor-guidelines\/\" \/>\n<meta property=\"og:site_name\" content=\"Cordoba Peace Institute | Fran\u00e7ais\" \/>\n<meta property=\"article:modified_time\" content=\"2023-07-26T11:05:23+00:00\" \/>\n<meta name=\"twitter:card\" content=\"summary_large_image\" \/>\n<meta name=\"twitter:label1\" content=\"Dur\u00e9e de lecture estim\u00e9e\" \/>\n\t<meta name=\"twitter:data1\" content=\"1 minute\" \/>\n<script type=\"application\/ld+json\" class=\"yoast-schema-graph\">{\"@context\":\"https:\\\/\\\/schema.org\",\"@graph\":[{\"@type\":\"WebPage\",\"@id\":\"https:\\\/\\\/cpi-geneva.org\\\/fr\\\/donor-guidelines\\\/\",\"url\":\"https:\\\/\\\/cpi-geneva.org\\\/fr\\\/donor-guidelines\\\/\",\"name\":\"Lignes directrices pour les donateurs - Cordoba Peace Institute | Fran\u00e7ais\",\"isPartOf\":{\"@id\":\"https:\\\/\\\/cpi-geneva.org\\\/fr\\\/#website\"},\"datePublished\":\"2016-07-13T17:56:33+00:00\",\"dateModified\":\"2023-07-26T11:05:23+00:00\",\"breadcrumb\":{\"@id\":\"https:\\\/\\\/cpi-geneva.org\\\/fr\\\/donor-guidelines\\\/#breadcrumb\"},\"inLanguage\":\"fr-FR\",\"potentialAction\":[{\"@type\":\"ReadAction\",\"target\":[\"https:\\\/\\\/cpi-geneva.org\\\/fr\\\/donor-guidelines\\\/\"]}]},{\"@type\":\"BreadcrumbList\",\"@id\":\"https:\\\/\\\/cpi-geneva.org\\\/fr\\\/donor-guidelines\\\/#breadcrumb\",\"itemListElement\":[{\"@type\":\"ListItem\",\"position\":1,\"name\":\"Home\",\"item\":\"https:\\\/\\\/cpi-geneva.org\\\/fr\\\/\"},{\"@type\":\"ListItem\",\"position\":2,\"name\":\"Lignes directrices pour les donateurs\"}]},{\"@type\":\"WebSite\",\"@id\":\"https:\\\/\\\/cpi-geneva.org\\\/fr\\\/#website\",\"url\":\"https:\\\/\\\/cpi-geneva.org\\\/fr\\\/\",\"name\":\"Cordoba Peace Institute - Gen\u00e8ve CPI\",\"description\":\"CPI Gen\u00e8ve | 20 ans aux service de la paix\",\"publisher\":{\"@id\":\"https:\\\/\\\/cpi-geneva.org\\\/fr\\\/#organization\"},\"potentialAction\":[{\"@type\":\"SearchAction\",\"target\":{\"@type\":\"EntryPoint\",\"urlTemplate\":\"https:\\\/\\\/cpi-geneva.org\\\/fr\\\/?s={search_term_string}\"},\"query-input\":{\"@type\":\"PropertyValueSpecification\",\"valueRequired\":true,\"valueName\":\"search_term_string\"}}],\"inLanguage\":\"fr-FR\"},{\"@type\":\"Organization\",\"@id\":\"https:\\\/\\\/cpi-geneva.org\\\/fr\\\/#organization\",\"name\":\"Cordoba Peace Institute - Gen\u00e8ve CPI\",\"url\":\"https:\\\/\\\/cpi-geneva.org\\\/fr\\\/\",\"logo\":{\"@type\":\"ImageObject\",\"inLanguage\":\"fr-FR\",\"@id\":\"https:\\\/\\\/cpi-geneva.org\\\/fr\\\/#\\\/schema\\\/logo\\\/image\\\/\",\"url\":\"https:\\\/\\\/cpi-geneva.org\\\/fr\\\/wp-content\\\/uploads\\\/sites\\\/3\\\/2025\\\/12\\\/CPI-Geneva.png\",\"contentUrl\":\"https:\\\/\\\/cpi-geneva.org\\\/fr\\\/wp-content\\\/uploads\\\/sites\\\/3\\\/2025\\\/12\\\/CPI-Geneva.png\",\"width\":740,\"height\":740,\"caption\":\"Cordoba Peace Institute - Gen\u00e8ve CPI\"},\"image\":{\"@id\":\"https:\\\/\\\/cpi-geneva.org\\\/fr\\\/#\\\/schema\\\/logo\\\/image\\\/\"}}]}<\/script>\n<!-- \/ Yoast SEO plugin. -->","yoast_head_json":{"title":"Lignes directrices pour les donateurs - Cordoba Peace Institute | Fran\u00e7ais","robots":{"index":"index","follow":"follow","max-snippet":"max-snippet:-1","max-image-preview":"max-image-preview:large","max-video-preview":"max-video-preview:-1"},"canonical":"https:\/\/cpi-geneva.org\/fr\/donor-guidelines\/","og_locale":"fr_FR","og_type":"article","og_title":"Lignes directrices pour les donateurs - Cordoba Peace Institute | Fran\u00e7ais","og_description":"Les sources de financement de la Cordoba Foundation de Gen\u00e8ve sont les revenus de ses activit\u00e9s de formation, les dons priv\u00e9s, les contributions des institutions et organismes publics et les legs. La Fondation v\u00e9rifie que les donateurs respectent les exigences l\u00e9gales et d\u00e9ontologiques, en particulier pour les dons d&rsquo;institutions priv\u00e9es et publiques. Aucun financement n&rsquo;est [&hellip;]","og_url":"https:\/\/cpi-geneva.org\/fr\/donor-guidelines\/","og_site_name":"Cordoba Peace Institute | Fran\u00e7ais","article_modified_time":"2023-07-26T11:05:23+00:00","twitter_card":"summary_large_image","twitter_misc":{"Dur\u00e9e de lecture estim\u00e9e":"1 minute"},"schema":{"@context":"https:\/\/schema.org","@graph":[{"@type":"WebPage","@id":"https:\/\/cpi-geneva.org\/fr\/donor-guidelines\/","url":"https:\/\/cpi-geneva.org\/fr\/donor-guidelines\/","name":"Lignes directrices pour les donateurs - Cordoba Peace Institute | Fran\u00e7ais","isPartOf":{"@id":"https:\/\/cpi-geneva.org\/fr\/#website"},"datePublished":"2016-07-13T17:56:33+00:00","dateModified":"2023-07-26T11:05:23+00:00","breadcrumb":{"@id":"https:\/\/cpi-geneva.org\/fr\/donor-guidelines\/#breadcrumb"},"inLanguage":"fr-FR","potentialAction":[{"@type":"ReadAction","target":["https:\/\/cpi-geneva.org\/fr\/donor-guidelines\/"]}]},{"@type":"BreadcrumbList","@id":"https:\/\/cpi-geneva.org\/fr\/donor-guidelines\/#breadcrumb","itemListElement":[{"@type":"ListItem","position":1,"name":"Home","item":"https:\/\/cpi-geneva.org\/fr\/"},{"@type":"ListItem","position":2,"name":"Lignes directrices pour les donateurs"}]},{"@type":"WebSite","@id":"https:\/\/cpi-geneva.org\/fr\/#website","url":"https:\/\/cpi-geneva.org\/fr\/","name":"Cordoba Peace Institute - Gen\u00e8ve CPI","description":"CPI Gen\u00e8ve | 20 ans aux service de la paix","publisher":{"@id":"https:\/\/cpi-geneva.org\/fr\/#organization"},"potentialAction":[{"@type":"SearchAction","target":{"@type":"EntryPoint","urlTemplate":"https:\/\/cpi-geneva.org\/fr\/?s={search_term_string}"},"query-input":{"@type":"PropertyValueSpecification","valueRequired":true,"valueName":"search_term_string"}}],"inLanguage":"fr-FR"},{"@type":"Organization","@id":"https:\/\/cpi-geneva.org\/fr\/#organization","name":"Cordoba Peace Institute - Gen\u00e8ve CPI","url":"https:\/\/cpi-geneva.org\/fr\/","logo":{"@type":"ImageObject","inLanguage":"fr-FR","@id":"https:\/\/cpi-geneva.org\/fr\/#\/schema\/logo\/image\/","url":"https:\/\/cpi-geneva.org\/fr\/wp-content\/uploads\/sites\/3\/2025\/12\/CPI-Geneva.png","contentUrl":"https:\/\/cpi-geneva.org\/fr\/wp-content\/uploads\/sites\/3\/2025\/12\/CPI-Geneva.png","width":740,"height":740,"caption":"Cordoba Peace Institute - Gen\u00e8ve CPI"},"image":{"@id":"https:\/\/cpi-geneva.org\/fr\/#\/schema\/logo\/image\/"}}]}},"_links":{"self":[{"href":"https:\/\/cpi-geneva.org\/fr\/wp-json\/wp\/v2\/pages\/74","targetHints":{"allow":["GET"]}}],"collection":[{"href":"https:\/\/cpi-geneva.org\/fr\/wp-json\/wp\/v2\/pages"}],"about":[{"href":"https:\/\/cpi-geneva.org\/fr\/wp-json\/wp\/v2\/types\/page"}],"author":[{"embeddable":true,"href":"https:\/\/cpi-geneva.org\/fr\/wp-json\/wp\/v2\/users\/2"}],"replies":[{"embeddable":true,"href":"https:\/\/cpi-geneva.org\/fr\/wp-json\/wp\/v2\/comments?post=74"}],"version-history":[{"count":4,"href":"https:\/\/cpi-geneva.org\/fr\/wp-json\/wp\/v2\/pages\/74\/revisions"}],"predecessor-version":[{"id":5611,"href":"https:\/\/cpi-geneva.org\/fr\/wp-json\/wp\/v2\/pages\/74\/revisions\/5611"}],"wp:attachment":[{"href":"https:\/\/cpi-geneva.org\/fr\/wp-json\/wp\/v2\/media?parent=74"}],"curies":[{"name":"wp","href":"https:\/\/api.w.org\/{rel}","templated":true}]}}