{"id":73,"date":"2016-07-13T18:56:33","date_gmt":"2016-07-13T17:56:33","guid":{"rendered":"https:\/\/cpi-geneva.org\/fr\/2016\/07\/13\/why-support-the-pi\/"},"modified":"2023-07-26T12:05:26","modified_gmt":"2023-07-26T11:05:26","slug":"why-support-the-pi","status":"publish","type":"page","link":"https:\/\/cpi-geneva.org\/fr\/why-support-the-pi\/","title":{"rendered":"Pourquoi soutenir le CPI"},"content":{"rendered":"\n<p class=\"has-primary-color has-text-color\"><strong>Soutenez le travail du cordoba peace institute \u2013 Gen\u00e8ve<\/strong><\/p>\n\n\n\n<p>Depuis 2002, le Cordoba Peace Institute \u2013 Gen\u00e8ve s\u2019emploie \u00e0 promouvoir un dialogue constructif et la paix dans et avec les mondes arabe et musulman. Ce travail n\u2019a jamais \u00e9t\u00e9 aussi urgent.<\/p>\n\n\n\n<p>En tant qu\u2019ONG ind\u00e9pendante sans aucun financement institutionnel permanent, nous comptons sur des dons priv\u00e9s pour mettre en \u0153uvre nos projets. Au vu des d\u00e9veloppements actuels dans le monde, la Fondation est de plus en plus sollicit\u00e9e, souvent par des partenaires qui ne peuvent pas financer eux-m\u00eames leurs efforts de m\u00e9diation ou de consolidation de la paix. Votre don nous aidera \u00e0 r\u00e9pondre \u00e0 ces demandes pour la mise en \u0153uvre de projets favorisant la paix et l\u2019autonomisation des personnes avec la connaissance et l\u2019exp\u00e9rience des pratiques et des outils de transformation des conflits. <\/p>\n\n\n\n<p class=\"has-primary-color has-text-color\"><strong>Types de dons<\/strong><\/p>\n\n\n\n<ul class=\"wp-block-list\">\n<li><a href=\"https:\/\/www.paypal.com\/cgi-bin\/webscr?cmd=_s-xclick&amp;hosted_button_id=RVWUSFH4KAV7E\" target=\"_blank\" rel=\"noreferrer noopener\">Paypal and Credit Card<\/a><\/li>\n\n\n\n<li><a href=\"https:\/\/cpi-geneva.org\/fr\/2017\/09\/25\/bank-details\/\">Bank transfer<\/a><\/li>\n<\/ul>\n\n\n\n<p><\/p>\n\n\n\n<p class=\"has-primary-color has-text-color\"><strong>\u00c0 propos de notre travail <\/strong><\/p>\n\n\n\n<p class=\"has-primary-color has-text-color\"><strong>Mission<\/strong><\/p>\n\n\n\n<p>Notre mission est de promouvoir le dialogue et de donner aux gens les moyens de pr\u00e9venir la violence et de transformer pacifiquement les conflits dans les soci\u00e9t\u00e9s o\u00f9 vivent des musulmans.<\/p>\n\n\n\n<p class=\"has-primary-color has-text-color\"><strong>L\u2019esprit de l\u2019Institut et sa vision<\/strong><\/p>\n\n\n\n<p>Le nom de l\u2019Institut rappelle l\u2019esprit d\u2019illumination et de respect mutuel qui r\u00e9gnait \u00e0 Cordoue au Xe si\u00e8cle, appel\u00e9e la \u00ab&nbsp;Capitale de l\u2019Esprit&nbsp;\u00bb, qui reste un mod\u00e8le presque unique de dialogue entre les civilisations et de fertilisation crois\u00e9e des id\u00e9es et de l\u2019apprentissage.<\/p>\n\n\n\n<p>Notre vision est celle d\u2019un monde pacifique dans lequel les soci\u00e9t\u00e9s o\u00f9 vivent des musulmans abordent les conflits de mani\u00e8re non violente.<\/p>\n\n\n\n<p class=\"has-primary-color has-text-color\"><strong>Ce que nous faisons<\/strong><\/p>\n\n\n\n<p>Le Cordoba Peace Institute \u2013 Gen\u00e8ve (CPI) est une organisation ind\u00e9pendante \u00e0 but non lucratif \u0153uvrant pour la promotion de la paix. Nous nous concentrons sur les tensions et les polarisations dans toutes les soci\u00e9t\u00e9s o\u00f9 vivent des musulmans et visons \u00e0 am\u00e9liorer les ressources th\u00e9oriques et pratiques de transformation des conflits dans les pays \u00e0 majorit\u00e9 musulmane.<\/p>\n\n\n\n<p class=\"has-primary-color has-text-color\"><strong>O\u00f9 nous travaillons<\/strong><\/p>\n\n\n\n<p>The CPI has programmes in progress in the Sahel region (Chad, Mali, Mauritania, Niger, Nigeria), West Asia (Bahrain, Iraq, Kuwait, Lebanon, Saudi Arabia, Syria), and North Africa (Libya, Morocco, Tunisia) and is currently launching a new programme that aims to encourage the coexistence and diversity in Europe through a conflict transformation approach (Belgium, France, Hungary, Switzerland).<\/p>\n\n\n\n<p class=\"has-primary-color has-text-color\"><strong>Nos principaux programmes<\/strong><\/p>\n\n\n\n<p>\u2013 Relever les d\u00e9fis de la transition pacifique en Afrique du Nord et en Asie de l\u2019Ouest (programme NAWAT)<br>\u2013 Encourager l\u2019interaction pacifique entre les communaut\u00e9s du Sahel (programme Sahel)<br>\u2013 Pr\u00e9vention de l\u2019extr\u00e9misme violent en Afrique du Nord, en Asie de l\u2019Ouest et au Sahel (programme PVE)<br>\u2013 Aborder les tensions sunnites \u2013 chiites dans le monde arabe (programme ME)<br>\u2013 Transformer les conflits dans le domaine humanitaire (programme HUMED)<br>\u2013 Encourager la coexistence et la diversit\u00e9 en Europe \u00e0 travers une approche de transformation des conflits (programme Islam en Europe.<\/p>\n\n\n\n<p class=\"has-primary-color has-text-color\"><strong>Confidentialit\u00e9 et paiements s\u00e9curis\u00e9s<\/strong><\/p>\n\n\n\n<p>Nous nous sommes associ\u00e9s \u00e0 PayPal pour fournir le syst\u00e8me de paiement en ligne le plus s\u00e9curis\u00e9 et le plus facile \u00e0 utiliser disponible. Pour plus d\u2019informations sur la fa\u00e7on dont PayPal peut vous prot\u00e9ger contre les paiements non autoris\u00e9s, visitez le&nbsp;<a href=\"https:\/\/www.paypal.com\/\">site web de PayPal.<\/a><\/p>\n","protected":false},"excerpt":{"rendered":"<p>Soutenez le travail du cordoba peace institute \u2013 Gen\u00e8ve Depuis 2002, le Cordoba Peace Institute \u2013 Gen\u00e8ve s\u2019emploie \u00e0 promouvoir un dialogue constructif et la paix dans et avec les mondes arabe et musulman. Ce travail n\u2019a jamais \u00e9t\u00e9 aussi urgent. En tant qu\u2019ONG ind\u00e9pendante sans aucun financement institutionnel permanent, nous comptons sur des dons [&hellip;]<\/p>\n","protected":false},"author":2,"featured_media":0,"parent":0,"menu_order":4,"comment_status":"closed","ping_status":"open","template":"","meta":{"footnotes":""},"class_list":["post-73","page","type-page","status-publish","hentry"],"yoast_head":"<!-- This site is optimized with the Yoast SEO plugin v27.5 - https:\/\/yoast.com\/product\/yoast-seo-wordpress\/ -->\n<title>Pourquoi soutenir le CPI - Cordoba Peace Institute | Fran\u00e7ais<\/title>\n<meta name=\"robots\" content=\"index, follow, max-snippet:-1, max-image-preview:large, max-video-preview:-1\" \/>\n<link rel=\"canonical\" href=\"https:\/\/cpi-geneva.org\/fr\/why-support-the-pi\/\" \/>\n<meta property=\"og:locale\" content=\"fr_FR\" \/>\n<meta property=\"og:type\" content=\"article\" \/>\n<meta property=\"og:title\" content=\"Pourquoi soutenir le CPI - Cordoba Peace Institute | Fran\u00e7ais\" \/>\n<meta property=\"og:description\" content=\"Soutenez le travail du cordoba peace institute \u2013 Gen\u00e8ve Depuis 2002, le Cordoba Peace Institute \u2013 Gen\u00e8ve s\u2019emploie \u00e0 promouvoir un dialogue constructif et la paix dans et avec les mondes arabe et musulman. Ce travail n\u2019a jamais \u00e9t\u00e9 aussi urgent. En tant qu\u2019ONG ind\u00e9pendante sans aucun financement institutionnel permanent, nous comptons sur des dons [&hellip;]\" \/>\n<meta property=\"og:url\" content=\"https:\/\/cpi-geneva.org\/fr\/why-support-the-pi\/\" \/>\n<meta property=\"og:site_name\" content=\"Cordoba Peace Institute | Fran\u00e7ais\" \/>\n<meta property=\"article:modified_time\" content=\"2023-07-26T11:05:26+00:00\" \/>\n<meta name=\"twitter:card\" content=\"summary_large_image\" \/>\n<meta name=\"twitter:label1\" content=\"Dur\u00e9e de lecture estim\u00e9e\" \/>\n\t<meta name=\"twitter:data1\" content=\"3 minutes\" \/>\n<script type=\"application\/ld+json\" class=\"yoast-schema-graph\">{\"@context\":\"https:\\\/\\\/schema.org\",\"@graph\":[{\"@type\":\"WebPage\",\"@id\":\"https:\\\/\\\/cpi-geneva.org\\\/fr\\\/why-support-the-pi\\\/\",\"url\":\"https:\\\/\\\/cpi-geneva.org\\\/fr\\\/why-support-the-pi\\\/\",\"name\":\"Pourquoi soutenir le CPI - Cordoba Peace Institute | Fran\u00e7ais\",\"isPartOf\":{\"@id\":\"https:\\\/\\\/cpi-geneva.org\\\/fr\\\/#website\"},\"datePublished\":\"2016-07-13T17:56:33+00:00\",\"dateModified\":\"2023-07-26T11:05:26+00:00\",\"breadcrumb\":{\"@id\":\"https:\\\/\\\/cpi-geneva.org\\\/fr\\\/why-support-the-pi\\\/#breadcrumb\"},\"inLanguage\":\"fr-FR\",\"potentialAction\":[{\"@type\":\"ReadAction\",\"target\":[\"https:\\\/\\\/cpi-geneva.org\\\/fr\\\/why-support-the-pi\\\/\"]}]},{\"@type\":\"BreadcrumbList\",\"@id\":\"https:\\\/\\\/cpi-geneva.org\\\/fr\\\/why-support-the-pi\\\/#breadcrumb\",\"itemListElement\":[{\"@type\":\"ListItem\",\"position\":1,\"name\":\"Home\",\"item\":\"https:\\\/\\\/cpi-geneva.org\\\/fr\\\/\"},{\"@type\":\"ListItem\",\"position\":2,\"name\":\"Pourquoi soutenir le CPI\"}]},{\"@type\":\"WebSite\",\"@id\":\"https:\\\/\\\/cpi-geneva.org\\\/fr\\\/#website\",\"url\":\"https:\\\/\\\/cpi-geneva.org\\\/fr\\\/\",\"name\":\"Cordoba Peace Institute - Gen\u00e8ve CPI\",\"description\":\"CPI Gen\u00e8ve | 20 ans aux service de la paix\",\"publisher\":{\"@id\":\"https:\\\/\\\/cpi-geneva.org\\\/fr\\\/#organization\"},\"potentialAction\":[{\"@type\":\"SearchAction\",\"target\":{\"@type\":\"EntryPoint\",\"urlTemplate\":\"https:\\\/\\\/cpi-geneva.org\\\/fr\\\/?s={search_term_string}\"},\"query-input\":{\"@type\":\"PropertyValueSpecification\",\"valueRequired\":true,\"valueName\":\"search_term_string\"}}],\"inLanguage\":\"fr-FR\"},{\"@type\":\"Organization\",\"@id\":\"https:\\\/\\\/cpi-geneva.org\\\/fr\\\/#organization\",\"name\":\"Cordoba Peace Institute - Gen\u00e8ve CPI\",\"url\":\"https:\\\/\\\/cpi-geneva.org\\\/fr\\\/\",\"logo\":{\"@type\":\"ImageObject\",\"inLanguage\":\"fr-FR\",\"@id\":\"https:\\\/\\\/cpi-geneva.org\\\/fr\\\/#\\\/schema\\\/logo\\\/image\\\/\",\"url\":\"https:\\\/\\\/cpi-geneva.org\\\/fr\\\/wp-content\\\/uploads\\\/sites\\\/3\\\/2025\\\/12\\\/CPI-Geneva.png\",\"contentUrl\":\"https:\\\/\\\/cpi-geneva.org\\\/fr\\\/wp-content\\\/uploads\\\/sites\\\/3\\\/2025\\\/12\\\/CPI-Geneva.png\",\"width\":740,\"height\":740,\"caption\":\"Cordoba Peace Institute - Gen\u00e8ve CPI\"},\"image\":{\"@id\":\"https:\\\/\\\/cpi-geneva.org\\\/fr\\\/#\\\/schema\\\/logo\\\/image\\\/\"}}]}<\/script>\n<!-- \/ Yoast SEO plugin. -->","yoast_head_json":{"title":"Pourquoi soutenir le CPI - Cordoba Peace Institute | Fran\u00e7ais","robots":{"index":"index","follow":"follow","max-snippet":"max-snippet:-1","max-image-preview":"max-image-preview:large","max-video-preview":"max-video-preview:-1"},"canonical":"https:\/\/cpi-geneva.org\/fr\/why-support-the-pi\/","og_locale":"fr_FR","og_type":"article","og_title":"Pourquoi soutenir le CPI - Cordoba Peace Institute | Fran\u00e7ais","og_description":"Soutenez le travail du cordoba peace institute \u2013 Gen\u00e8ve Depuis 2002, le Cordoba Peace Institute \u2013 Gen\u00e8ve s\u2019emploie \u00e0 promouvoir un dialogue constructif et la paix dans et avec les mondes arabe et musulman. Ce travail n\u2019a jamais \u00e9t\u00e9 aussi urgent. En tant qu\u2019ONG ind\u00e9pendante sans aucun financement institutionnel permanent, nous comptons sur des dons [&hellip;]","og_url":"https:\/\/cpi-geneva.org\/fr\/why-support-the-pi\/","og_site_name":"Cordoba Peace Institute | Fran\u00e7ais","article_modified_time":"2023-07-26T11:05:26+00:00","twitter_card":"summary_large_image","twitter_misc":{"Dur\u00e9e de lecture estim\u00e9e":"3 minutes"},"schema":{"@context":"https:\/\/schema.org","@graph":[{"@type":"WebPage","@id":"https:\/\/cpi-geneva.org\/fr\/why-support-the-pi\/","url":"https:\/\/cpi-geneva.org\/fr\/why-support-the-pi\/","name":"Pourquoi soutenir le CPI - Cordoba Peace Institute | Fran\u00e7ais","isPartOf":{"@id":"https:\/\/cpi-geneva.org\/fr\/#website"},"datePublished":"2016-07-13T17:56:33+00:00","dateModified":"2023-07-26T11:05:26+00:00","breadcrumb":{"@id":"https:\/\/cpi-geneva.org\/fr\/why-support-the-pi\/#breadcrumb"},"inLanguage":"fr-FR","potentialAction":[{"@type":"ReadAction","target":["https:\/\/cpi-geneva.org\/fr\/why-support-the-pi\/"]}]},{"@type":"BreadcrumbList","@id":"https:\/\/cpi-geneva.org\/fr\/why-support-the-pi\/#breadcrumb","itemListElement":[{"@type":"ListItem","position":1,"name":"Home","item":"https:\/\/cpi-geneva.org\/fr\/"},{"@type":"ListItem","position":2,"name":"Pourquoi soutenir le CPI"}]},{"@type":"WebSite","@id":"https:\/\/cpi-geneva.org\/fr\/#website","url":"https:\/\/cpi-geneva.org\/fr\/","name":"Cordoba Peace Institute - Gen\u00e8ve CPI","description":"CPI Gen\u00e8ve | 20 ans aux service de la paix","publisher":{"@id":"https:\/\/cpi-geneva.org\/fr\/#organization"},"potentialAction":[{"@type":"SearchAction","target":{"@type":"EntryPoint","urlTemplate":"https:\/\/cpi-geneva.org\/fr\/?s={search_term_string}"},"query-input":{"@type":"PropertyValueSpecification","valueRequired":true,"valueName":"search_term_string"}}],"inLanguage":"fr-FR"},{"@type":"Organization","@id":"https:\/\/cpi-geneva.org\/fr\/#organization","name":"Cordoba Peace Institute - Gen\u00e8ve CPI","url":"https:\/\/cpi-geneva.org\/fr\/","logo":{"@type":"ImageObject","inLanguage":"fr-FR","@id":"https:\/\/cpi-geneva.org\/fr\/#\/schema\/logo\/image\/","url":"https:\/\/cpi-geneva.org\/fr\/wp-content\/uploads\/sites\/3\/2025\/12\/CPI-Geneva.png","contentUrl":"https:\/\/cpi-geneva.org\/fr\/wp-content\/uploads\/sites\/3\/2025\/12\/CPI-Geneva.png","width":740,"height":740,"caption":"Cordoba Peace Institute - Gen\u00e8ve CPI"},"image":{"@id":"https:\/\/cpi-geneva.org\/fr\/#\/schema\/logo\/image\/"}}]}},"_links":{"self":[{"href":"https:\/\/cpi-geneva.org\/fr\/wp-json\/wp\/v2\/pages\/73","targetHints":{"allow":["GET"]}}],"collection":[{"href":"https:\/\/cpi-geneva.org\/fr\/wp-json\/wp\/v2\/pages"}],"about":[{"href":"https:\/\/cpi-geneva.org\/fr\/wp-json\/wp\/v2\/types\/page"}],"author":[{"embeddable":true,"href":"https:\/\/cpi-geneva.org\/fr\/wp-json\/wp\/v2\/users\/2"}],"replies":[{"embeddable":true,"href":"https:\/\/cpi-geneva.org\/fr\/wp-json\/wp\/v2\/comments?post=73"}],"version-history":[{"count":6,"href":"https:\/\/cpi-geneva.org\/fr\/wp-json\/wp\/v2\/pages\/73\/revisions"}],"predecessor-version":[{"id":5610,"href":"https:\/\/cpi-geneva.org\/fr\/wp-json\/wp\/v2\/pages\/73\/revisions\/5610"}],"wp:attachment":[{"href":"https:\/\/cpi-geneva.org\/fr\/wp-json\/wp\/v2\/media?parent=73"}],"curies":[{"name":"wp","href":"https:\/\/api.w.org\/{rel}","templated":true}]}}