{"id":5124,"date":"2023-05-10T01:08:57","date_gmt":"2023-05-10T00:08:57","guid":{"rendered":"https:\/\/cpi-geneva.org\/fr\/peace-journalism\/"},"modified":"2023-07-26T12:05:10","modified_gmt":"2023-07-26T11:05:10","slug":"peace-journalism","status":"publish","type":"page","link":"https:\/\/cpi-geneva.org\/fr\/peace-journalism\/","title":{"rendered":"Journalisme de paix"},"content":{"rendered":"\n<p><strong>Sujet:<\/strong><\/p>\n\n\n\n<p>Ce cursus propose une formation au journalisme \u00e9thique, constructif et professionnel. Il explore le r\u00f4le des m\u00e9dias et des journalistes dans la dynamique des conflits, soulignant quand et comment les journalistes, et les m\u00e9dias plus g\u00e9n\u00e9ralement, peuvent \u00e9galement jouer un r\u00f4le indirect dans la pr\u00e9vention de la violence. \u00c0 l&rsquo;aide d&rsquo;\u00e9tudes de cas, ce cours analyse l&rsquo;impact possible de diff\u00e9rents styles de journalisme et \u00e9lucide les approches sensibles aux conflits et sensibles \u00e0 la culture pour rendre compte des conflits dans tous les m\u00e9dias.<\/p>\n\n\n\n<p><strong>R\u00e9sultats:<\/strong><\/p>\n\n\n\n<p>L&rsquo;objectif de cette formation est de doter les participants de :<\/p>\n\n\n\n<ul class=\"wp-block-list\">\n<li>Connaissance de base du journalisme de paix ;<\/li>\n\n\n\n<li>Compr\u00e9hension pratique du r\u00f4le des journalistes et des m\u00e9dias dans les conflits ;<\/li>\n\n\n\n<li>Connaissances appliqu\u00e9es et id\u00e9es pratiques pour le reportage sensible aux conflits.<\/li>\n<\/ul>\n\n\n\n<p>Intervenants&nbsp;:<\/p>\n\n\n\n<p>Chercheurs et\/ou professionnels int\u00e9ress\u00e9s par le journalisme, les m\u00e9dias et la communication, la transformation des conflits et les domaines connexes, qui souhaitent approfondir leurs connaissances et leurs comp\u00e9tences dans les approches th\u00e9oriques et pratiques des approches inclusives et participatives du journalisme \u00e9thique, constructif et professionnel.<\/p>\n\n\n\n<p><strong>M\u00e9thodologie:<\/strong><\/p>\n\n\n\n<p>Cette formation comprend des interventions d&rsquo;experts, des travaux de groupe et des discussions de groupe.<\/p>\n\n\n\n<p>Dur\u00e9e du cours : 1 jour<br>Lieu : Gen\u00e8ve, Suisse<br>Frais de scolarit\u00e9 : 350 CHF<br>Taille du cours : 10-20 participants<\/p>\n\n\n\n<p>Pour plus d&rsquo;informations sur cette formation, merci de contacter : info@cpi-geneva.org<\/p>\n\n\n\n<p>sur cette formation, merci de contacter : <a href=\"mailto:info@cpi-geneva.org\">info@cpi-geneva.org<\/a><\/p>\n","protected":false},"excerpt":{"rendered":"<p>Sujet: Ce cursus propose une formation au journalisme \u00e9thique, constructif et professionnel. Il explore le r\u00f4le des m\u00e9dias et des journalistes dans la dynamique des conflits, soulignant quand et comment les journalistes, et les m\u00e9dias plus g\u00e9n\u00e9ralement, peuvent \u00e9galement jouer un r\u00f4le indirect dans la pr\u00e9vention de la violence. \u00c0 l&rsquo;aide d&rsquo;\u00e9tudes de cas, ce [&hellip;]<\/p>\n","protected":false},"author":1,"featured_media":0,"parent":0,"menu_order":0,"comment_status":"closed","ping_status":"closed","template":"","meta":{"footnotes":""},"class_list":["post-5124","page","type-page","status-publish","hentry"],"yoast_head":"<!-- This site is optimized with the Yoast SEO plugin v27.6 - https:\/\/yoast.com\/product\/yoast-seo-wordpress\/ -->\n<title>Journalisme de paix - Cordoba Peace Institute | Fran\u00e7ais<\/title>\n<meta name=\"robots\" content=\"index, follow, max-snippet:-1, max-image-preview:large, max-video-preview:-1\" \/>\n<link rel=\"canonical\" href=\"https:\/\/cpi-geneva.org\/fr\/peace-journalism\/\" \/>\n<meta property=\"og:locale\" content=\"fr_FR\" \/>\n<meta property=\"og:type\" content=\"article\" \/>\n<meta property=\"og:title\" content=\"Journalisme de paix - Cordoba Peace Institute | Fran\u00e7ais\" \/>\n<meta property=\"og:description\" content=\"Sujet: Ce cursus propose une formation au journalisme \u00e9thique, constructif et professionnel. Il explore le r\u00f4le des m\u00e9dias et des journalistes dans la dynamique des conflits, soulignant quand et comment les journalistes, et les m\u00e9dias plus g\u00e9n\u00e9ralement, peuvent \u00e9galement jouer un r\u00f4le indirect dans la pr\u00e9vention de la violence. \u00c0 l&rsquo;aide d&rsquo;\u00e9tudes de cas, ce [&hellip;]\" \/>\n<meta property=\"og:url\" content=\"https:\/\/cpi-geneva.org\/fr\/peace-journalism\/\" \/>\n<meta property=\"og:site_name\" content=\"Cordoba Peace Institute | Fran\u00e7ais\" \/>\n<meta property=\"article:modified_time\" content=\"2023-07-26T11:05:10+00:00\" \/>\n<meta name=\"twitter:card\" content=\"summary_large_image\" \/>\n<meta name=\"twitter:label1\" content=\"Dur\u00e9e de lecture estim\u00e9e\" \/>\n\t<meta name=\"twitter:data1\" content=\"1 minute\" \/>\n<script type=\"application\/ld+json\" class=\"yoast-schema-graph\">{\"@context\":\"https:\\\/\\\/schema.org\",\"@graph\":[{\"@type\":\"WebPage\",\"@id\":\"https:\\\/\\\/cpi-geneva.org\\\/fr\\\/peace-journalism\\\/\",\"url\":\"https:\\\/\\\/cpi-geneva.org\\\/fr\\\/peace-journalism\\\/\",\"name\":\"Journalisme de paix - Cordoba Peace Institute | Fran\u00e7ais\",\"isPartOf\":{\"@id\":\"https:\\\/\\\/cpi-geneva.org\\\/fr\\\/#website\"},\"datePublished\":\"2023-05-10T00:08:57+00:00\",\"dateModified\":\"2023-07-26T11:05:10+00:00\",\"breadcrumb\":{\"@id\":\"https:\\\/\\\/cpi-geneva.org\\\/fr\\\/peace-journalism\\\/#breadcrumb\"},\"inLanguage\":\"fr-FR\",\"potentialAction\":[{\"@type\":\"ReadAction\",\"target\":[\"https:\\\/\\\/cpi-geneva.org\\\/fr\\\/peace-journalism\\\/\"]}]},{\"@type\":\"BreadcrumbList\",\"@id\":\"https:\\\/\\\/cpi-geneva.org\\\/fr\\\/peace-journalism\\\/#breadcrumb\",\"itemListElement\":[{\"@type\":\"ListItem\",\"position\":1,\"name\":\"Home\",\"item\":\"https:\\\/\\\/cpi-geneva.org\\\/fr\\\/\"},{\"@type\":\"ListItem\",\"position\":2,\"name\":\"Journalisme de paix\"}]},{\"@type\":\"WebSite\",\"@id\":\"https:\\\/\\\/cpi-geneva.org\\\/fr\\\/#website\",\"url\":\"https:\\\/\\\/cpi-geneva.org\\\/fr\\\/\",\"name\":\"Cordoba Peace Institute - Gen\u00e8ve CPI\",\"description\":\"CPI Gen\u00e8ve | 20 ans aux service de la paix\",\"publisher\":{\"@id\":\"https:\\\/\\\/cpi-geneva.org\\\/fr\\\/#organization\"},\"potentialAction\":[{\"@type\":\"SearchAction\",\"target\":{\"@type\":\"EntryPoint\",\"urlTemplate\":\"https:\\\/\\\/cpi-geneva.org\\\/fr\\\/?s={search_term_string}\"},\"query-input\":{\"@type\":\"PropertyValueSpecification\",\"valueRequired\":true,\"valueName\":\"search_term_string\"}}],\"inLanguage\":\"fr-FR\"},{\"@type\":\"Organization\",\"@id\":\"https:\\\/\\\/cpi-geneva.org\\\/fr\\\/#organization\",\"name\":\"Cordoba Peace Institute - Gen\u00e8ve CPI\",\"url\":\"https:\\\/\\\/cpi-geneva.org\\\/fr\\\/\",\"logo\":{\"@type\":\"ImageObject\",\"inLanguage\":\"fr-FR\",\"@id\":\"https:\\\/\\\/cpi-geneva.org\\\/fr\\\/#\\\/schema\\\/logo\\\/image\\\/\",\"url\":\"https:\\\/\\\/cpi-geneva.org\\\/fr\\\/wp-content\\\/uploads\\\/sites\\\/3\\\/2025\\\/12\\\/CPI-Geneva.png\",\"contentUrl\":\"https:\\\/\\\/cpi-geneva.org\\\/fr\\\/wp-content\\\/uploads\\\/sites\\\/3\\\/2025\\\/12\\\/CPI-Geneva.png\",\"width\":740,\"height\":740,\"caption\":\"Cordoba Peace Institute - Gen\u00e8ve CPI\"},\"image\":{\"@id\":\"https:\\\/\\\/cpi-geneva.org\\\/fr\\\/#\\\/schema\\\/logo\\\/image\\\/\"}}]}<\/script>\n<!-- \/ Yoast SEO plugin. -->","yoast_head_json":{"title":"Journalisme de paix - Cordoba Peace Institute | Fran\u00e7ais","robots":{"index":"index","follow":"follow","max-snippet":"max-snippet:-1","max-image-preview":"max-image-preview:large","max-video-preview":"max-video-preview:-1"},"canonical":"https:\/\/cpi-geneva.org\/fr\/peace-journalism\/","og_locale":"fr_FR","og_type":"article","og_title":"Journalisme de paix - Cordoba Peace Institute | Fran\u00e7ais","og_description":"Sujet: Ce cursus propose une formation au journalisme \u00e9thique, constructif et professionnel. Il explore le r\u00f4le des m\u00e9dias et des journalistes dans la dynamique des conflits, soulignant quand et comment les journalistes, et les m\u00e9dias plus g\u00e9n\u00e9ralement, peuvent \u00e9galement jouer un r\u00f4le indirect dans la pr\u00e9vention de la violence. \u00c0 l&rsquo;aide d&rsquo;\u00e9tudes de cas, ce [&hellip;]","og_url":"https:\/\/cpi-geneva.org\/fr\/peace-journalism\/","og_site_name":"Cordoba Peace Institute | Fran\u00e7ais","article_modified_time":"2023-07-26T11:05:10+00:00","twitter_card":"summary_large_image","twitter_misc":{"Dur\u00e9e de lecture estim\u00e9e":"1 minute"},"schema":{"@context":"https:\/\/schema.org","@graph":[{"@type":"WebPage","@id":"https:\/\/cpi-geneva.org\/fr\/peace-journalism\/","url":"https:\/\/cpi-geneva.org\/fr\/peace-journalism\/","name":"Journalisme de paix - Cordoba Peace Institute | Fran\u00e7ais","isPartOf":{"@id":"https:\/\/cpi-geneva.org\/fr\/#website"},"datePublished":"2023-05-10T00:08:57+00:00","dateModified":"2023-07-26T11:05:10+00:00","breadcrumb":{"@id":"https:\/\/cpi-geneva.org\/fr\/peace-journalism\/#breadcrumb"},"inLanguage":"fr-FR","potentialAction":[{"@type":"ReadAction","target":["https:\/\/cpi-geneva.org\/fr\/peace-journalism\/"]}]},{"@type":"BreadcrumbList","@id":"https:\/\/cpi-geneva.org\/fr\/peace-journalism\/#breadcrumb","itemListElement":[{"@type":"ListItem","position":1,"name":"Home","item":"https:\/\/cpi-geneva.org\/fr\/"},{"@type":"ListItem","position":2,"name":"Journalisme de paix"}]},{"@type":"WebSite","@id":"https:\/\/cpi-geneva.org\/fr\/#website","url":"https:\/\/cpi-geneva.org\/fr\/","name":"Cordoba Peace Institute - Gen\u00e8ve CPI","description":"CPI Gen\u00e8ve | 20 ans aux service de la paix","publisher":{"@id":"https:\/\/cpi-geneva.org\/fr\/#organization"},"potentialAction":[{"@type":"SearchAction","target":{"@type":"EntryPoint","urlTemplate":"https:\/\/cpi-geneva.org\/fr\/?s={search_term_string}"},"query-input":{"@type":"PropertyValueSpecification","valueRequired":true,"valueName":"search_term_string"}}],"inLanguage":"fr-FR"},{"@type":"Organization","@id":"https:\/\/cpi-geneva.org\/fr\/#organization","name":"Cordoba Peace Institute - Gen\u00e8ve CPI","url":"https:\/\/cpi-geneva.org\/fr\/","logo":{"@type":"ImageObject","inLanguage":"fr-FR","@id":"https:\/\/cpi-geneva.org\/fr\/#\/schema\/logo\/image\/","url":"https:\/\/cpi-geneva.org\/fr\/wp-content\/uploads\/sites\/3\/2025\/12\/CPI-Geneva.png","contentUrl":"https:\/\/cpi-geneva.org\/fr\/wp-content\/uploads\/sites\/3\/2025\/12\/CPI-Geneva.png","width":740,"height":740,"caption":"Cordoba Peace Institute - Gen\u00e8ve CPI"},"image":{"@id":"https:\/\/cpi-geneva.org\/fr\/#\/schema\/logo\/image\/"}}]}},"_links":{"self":[{"href":"https:\/\/cpi-geneva.org\/fr\/wp-json\/wp\/v2\/pages\/5124","targetHints":{"allow":["GET"]}}],"collection":[{"href":"https:\/\/cpi-geneva.org\/fr\/wp-json\/wp\/v2\/pages"}],"about":[{"href":"https:\/\/cpi-geneva.org\/fr\/wp-json\/wp\/v2\/types\/page"}],"author":[{"embeddable":true,"href":"https:\/\/cpi-geneva.org\/fr\/wp-json\/wp\/v2\/users\/1"}],"replies":[{"embeddable":true,"href":"https:\/\/cpi-geneva.org\/fr\/wp-json\/wp\/v2\/comments?post=5124"}],"version-history":[{"count":8,"href":"https:\/\/cpi-geneva.org\/fr\/wp-json\/wp\/v2\/pages\/5124\/revisions"}],"predecessor-version":[{"id":5591,"href":"https:\/\/cpi-geneva.org\/fr\/wp-json\/wp\/v2\/pages\/5124\/revisions\/5591"}],"wp:attachment":[{"href":"https:\/\/cpi-geneva.org\/fr\/wp-json\/wp\/v2\/media?parent=5124"}],"curies":[{"name":"wp","href":"https:\/\/api.w.org\/{rel}","templated":true}]}}