{"id":140,"date":"2012-06-03T18:43:56","date_gmt":"2012-06-03T17:43:56","guid":{"rendered":"https:\/\/cpi-geneva.org\/fr\/2012\/06\/03\/board-of-trustees\/"},"modified":"2025-12-20T12:04:47","modified_gmt":"2025-12-20T12:04:47","slug":"board-of-trustees","status":"publish","type":"page","link":"https:\/\/cpi-geneva.org\/fr\/board-of-trustees\/","title":{"rendered":"Board of Trustees"},"content":{"rendered":"\n<p class=\"has-dark-color has-text-color\"><strong>Abbas Aroua<\/strong>, Lausanne<\/p>\n\n\n\n<p class=\"has-dark-color has-text-color\"><strong>Immaculada Fernandez<\/strong>, Cordoba<\/p>\n\n\n\n<p class=\"has-dark-color has-text-color\"><strong>Monica Hostettler<\/strong>, Paris<\/p>\n\n\n\n<p class=\"has-dark-color has-text-color\"><strong>Youcef Nedjadi<\/strong>, Oxford<\/p>\n\n\n\n<p class=\"has-primary-color has-text-color\"><strong>Anciens membres du conseil<\/strong><\/p>\n\n\n\n<p><strong>Ahmed Benbella<\/strong>, Algiers (deceased)<\/p>\n\n\n\n<p><strong>Mahmoud Bouzouzou<\/strong>, Geneva (deceased)<\/p>\n\n\n\n<p><strong>Andreas Kohlsch\u00fctter<\/strong>, Ronco s\/Ascona (deceased)<\/p>\n\n\n\n<p><strong>Bernadette Louvel<\/strong>, Lausanne<\/p>\n","protected":false},"excerpt":{"rendered":"<p>Abbas Aroua, Lausanne Immaculada Fernandez, Cordoba Monica Hostettler, Paris Youcef Nedjadi, Oxford Anciens membres du conseil Ahmed Benbella, Algiers (deceased) Mahmoud Bouzouzou, Geneva (deceased) Andreas Kohlsch\u00fctter, Ronco s\/Ascona (deceased) Bernadette Louvel, Lausanne<\/p>\n","protected":false},"author":2,"featured_media":0,"parent":0,"menu_order":1,"comment_status":"closed","ping_status":"open","template":"","meta":{"footnotes":""},"class_list":["post-140","page","type-page","status-publish","hentry"],"yoast_head":"<!-- This site is optimized with the Yoast SEO plugin v27.5 - https:\/\/yoast.com\/product\/yoast-seo-wordpress\/ -->\n<title>Board of Trustees - Cordoba Peace Institute | Fran\u00e7ais<\/title>\n<meta name=\"robots\" content=\"index, follow, max-snippet:-1, max-image-preview:large, max-video-preview:-1\" \/>\n<link rel=\"canonical\" href=\"https:\/\/cpi-geneva.org\/fr\/board-of-trustees\/\" \/>\n<meta property=\"og:locale\" content=\"fr_FR\" \/>\n<meta property=\"og:type\" content=\"article\" \/>\n<meta property=\"og:title\" content=\"Board of Trustees - Cordoba Peace Institute | Fran\u00e7ais\" \/>\n<meta property=\"og:description\" content=\"Abbas Aroua, Lausanne Immaculada Fernandez, Cordoba Monica Hostettler, Paris Youcef Nedjadi, Oxford Anciens membres du conseil Ahmed Benbella, Algiers (deceased) Mahmoud Bouzouzou, Geneva (deceased) Andreas Kohlsch\u00fctter, Ronco s\/Ascona (deceased) Bernadette Louvel, Lausanne\" \/>\n<meta property=\"og:url\" content=\"https:\/\/cpi-geneva.org\/fr\/board-of-trustees\/\" \/>\n<meta property=\"og:site_name\" content=\"Cordoba Peace Institute | Fran\u00e7ais\" \/>\n<meta property=\"article:modified_time\" content=\"2025-12-20T12:04:47+00:00\" \/>\n<meta name=\"twitter:card\" content=\"summary_large_image\" \/>\n<meta name=\"twitter:label1\" content=\"Dur\u00e9e de lecture estim\u00e9e\" \/>\n\t<meta name=\"twitter:data1\" content=\"1 minute\" \/>\n<script type=\"application\/ld+json\" class=\"yoast-schema-graph\">{\"@context\":\"https:\\\/\\\/schema.org\",\"@graph\":[{\"@type\":\"WebPage\",\"@id\":\"https:\\\/\\\/cpi-geneva.org\\\/fr\\\/board-of-trustees\\\/\",\"url\":\"https:\\\/\\\/cpi-geneva.org\\\/fr\\\/board-of-trustees\\\/\",\"name\":\"Board of Trustees - Cordoba Peace Institute | Fran\u00e7ais\",\"isPartOf\":{\"@id\":\"https:\\\/\\\/cpi-geneva.org\\\/fr\\\/#website\"},\"datePublished\":\"2012-06-03T17:43:56+00:00\",\"dateModified\":\"2025-12-20T12:04:47+00:00\",\"breadcrumb\":{\"@id\":\"https:\\\/\\\/cpi-geneva.org\\\/fr\\\/board-of-trustees\\\/#breadcrumb\"},\"inLanguage\":\"fr-FR\",\"potentialAction\":[{\"@type\":\"ReadAction\",\"target\":[\"https:\\\/\\\/cpi-geneva.org\\\/fr\\\/board-of-trustees\\\/\"]}]},{\"@type\":\"BreadcrumbList\",\"@id\":\"https:\\\/\\\/cpi-geneva.org\\\/fr\\\/board-of-trustees\\\/#breadcrumb\",\"itemListElement\":[{\"@type\":\"ListItem\",\"position\":1,\"name\":\"Home\",\"item\":\"https:\\\/\\\/cpi-geneva.org\\\/fr\\\/\"},{\"@type\":\"ListItem\",\"position\":2,\"name\":\"Board of Trustees\"}]},{\"@type\":\"WebSite\",\"@id\":\"https:\\\/\\\/cpi-geneva.org\\\/fr\\\/#website\",\"url\":\"https:\\\/\\\/cpi-geneva.org\\\/fr\\\/\",\"name\":\"Cordoba Peace Institute - Gen\u00e8ve CPI\",\"description\":\"CPI Gen\u00e8ve | 20 ans aux service de la paix\",\"publisher\":{\"@id\":\"https:\\\/\\\/cpi-geneva.org\\\/fr\\\/#organization\"},\"potentialAction\":[{\"@type\":\"SearchAction\",\"target\":{\"@type\":\"EntryPoint\",\"urlTemplate\":\"https:\\\/\\\/cpi-geneva.org\\\/fr\\\/?s={search_term_string}\"},\"query-input\":{\"@type\":\"PropertyValueSpecification\",\"valueRequired\":true,\"valueName\":\"search_term_string\"}}],\"inLanguage\":\"fr-FR\"},{\"@type\":\"Organization\",\"@id\":\"https:\\\/\\\/cpi-geneva.org\\\/fr\\\/#organization\",\"name\":\"Cordoba Peace Institute - Gen\u00e8ve CPI\",\"url\":\"https:\\\/\\\/cpi-geneva.org\\\/fr\\\/\",\"logo\":{\"@type\":\"ImageObject\",\"inLanguage\":\"fr-FR\",\"@id\":\"https:\\\/\\\/cpi-geneva.org\\\/fr\\\/#\\\/schema\\\/logo\\\/image\\\/\",\"url\":\"https:\\\/\\\/cpi-geneva.org\\\/fr\\\/wp-content\\\/uploads\\\/sites\\\/3\\\/2025\\\/12\\\/CPI-Geneva.png\",\"contentUrl\":\"https:\\\/\\\/cpi-geneva.org\\\/fr\\\/wp-content\\\/uploads\\\/sites\\\/3\\\/2025\\\/12\\\/CPI-Geneva.png\",\"width\":740,\"height\":740,\"caption\":\"Cordoba Peace Institute - Gen\u00e8ve CPI\"},\"image\":{\"@id\":\"https:\\\/\\\/cpi-geneva.org\\\/fr\\\/#\\\/schema\\\/logo\\\/image\\\/\"}}]}<\/script>\n<!-- \/ Yoast SEO plugin. -->","yoast_head_json":{"title":"Board of Trustees - Cordoba Peace Institute | Fran\u00e7ais","robots":{"index":"index","follow":"follow","max-snippet":"max-snippet:-1","max-image-preview":"max-image-preview:large","max-video-preview":"max-video-preview:-1"},"canonical":"https:\/\/cpi-geneva.org\/fr\/board-of-trustees\/","og_locale":"fr_FR","og_type":"article","og_title":"Board of Trustees - Cordoba Peace Institute | Fran\u00e7ais","og_description":"Abbas Aroua, Lausanne Immaculada Fernandez, Cordoba Monica Hostettler, Paris Youcef Nedjadi, Oxford Anciens membres du conseil Ahmed Benbella, Algiers (deceased) Mahmoud Bouzouzou, Geneva (deceased) Andreas Kohlsch\u00fctter, Ronco s\/Ascona (deceased) Bernadette Louvel, Lausanne","og_url":"https:\/\/cpi-geneva.org\/fr\/board-of-trustees\/","og_site_name":"Cordoba Peace Institute | Fran\u00e7ais","article_modified_time":"2025-12-20T12:04:47+00:00","twitter_card":"summary_large_image","twitter_misc":{"Dur\u00e9e de lecture estim\u00e9e":"1 minute"},"schema":{"@context":"https:\/\/schema.org","@graph":[{"@type":"WebPage","@id":"https:\/\/cpi-geneva.org\/fr\/board-of-trustees\/","url":"https:\/\/cpi-geneva.org\/fr\/board-of-trustees\/","name":"Board of Trustees - Cordoba Peace Institute | Fran\u00e7ais","isPartOf":{"@id":"https:\/\/cpi-geneva.org\/fr\/#website"},"datePublished":"2012-06-03T17:43:56+00:00","dateModified":"2025-12-20T12:04:47+00:00","breadcrumb":{"@id":"https:\/\/cpi-geneva.org\/fr\/board-of-trustees\/#breadcrumb"},"inLanguage":"fr-FR","potentialAction":[{"@type":"ReadAction","target":["https:\/\/cpi-geneva.org\/fr\/board-of-trustees\/"]}]},{"@type":"BreadcrumbList","@id":"https:\/\/cpi-geneva.org\/fr\/board-of-trustees\/#breadcrumb","itemListElement":[{"@type":"ListItem","position":1,"name":"Home","item":"https:\/\/cpi-geneva.org\/fr\/"},{"@type":"ListItem","position":2,"name":"Board of Trustees"}]},{"@type":"WebSite","@id":"https:\/\/cpi-geneva.org\/fr\/#website","url":"https:\/\/cpi-geneva.org\/fr\/","name":"Cordoba Peace Institute - Gen\u00e8ve CPI","description":"CPI Gen\u00e8ve | 20 ans aux service de la paix","publisher":{"@id":"https:\/\/cpi-geneva.org\/fr\/#organization"},"potentialAction":[{"@type":"SearchAction","target":{"@type":"EntryPoint","urlTemplate":"https:\/\/cpi-geneva.org\/fr\/?s={search_term_string}"},"query-input":{"@type":"PropertyValueSpecification","valueRequired":true,"valueName":"search_term_string"}}],"inLanguage":"fr-FR"},{"@type":"Organization","@id":"https:\/\/cpi-geneva.org\/fr\/#organization","name":"Cordoba Peace Institute - Gen\u00e8ve CPI","url":"https:\/\/cpi-geneva.org\/fr\/","logo":{"@type":"ImageObject","inLanguage":"fr-FR","@id":"https:\/\/cpi-geneva.org\/fr\/#\/schema\/logo\/image\/","url":"https:\/\/cpi-geneva.org\/fr\/wp-content\/uploads\/sites\/3\/2025\/12\/CPI-Geneva.png","contentUrl":"https:\/\/cpi-geneva.org\/fr\/wp-content\/uploads\/sites\/3\/2025\/12\/CPI-Geneva.png","width":740,"height":740,"caption":"Cordoba Peace Institute - Gen\u00e8ve CPI"},"image":{"@id":"https:\/\/cpi-geneva.org\/fr\/#\/schema\/logo\/image\/"}}]}},"_links":{"self":[{"href":"https:\/\/cpi-geneva.org\/fr\/wp-json\/wp\/v2\/pages\/140","targetHints":{"allow":["GET"]}}],"collection":[{"href":"https:\/\/cpi-geneva.org\/fr\/wp-json\/wp\/v2\/pages"}],"about":[{"href":"https:\/\/cpi-geneva.org\/fr\/wp-json\/wp\/v2\/types\/page"}],"author":[{"embeddable":true,"href":"https:\/\/cpi-geneva.org\/fr\/wp-json\/wp\/v2\/users\/2"}],"replies":[{"embeddable":true,"href":"https:\/\/cpi-geneva.org\/fr\/wp-json\/wp\/v2\/comments?post=140"}],"version-history":[{"count":7,"href":"https:\/\/cpi-geneva.org\/fr\/wp-json\/wp\/v2\/pages\/140\/revisions"}],"predecessor-version":[{"id":5613,"href":"https:\/\/cpi-geneva.org\/fr\/wp-json\/wp\/v2\/pages\/140\/revisions\/5613"}],"wp:attachment":[{"href":"https:\/\/cpi-geneva.org\/fr\/wp-json\/wp\/v2\/media?parent=140"}],"curies":[{"name":"wp","href":"https:\/\/api.w.org\/{rel}","templated":true}]}}